{"id":33010,"date":"2024-11-14T12:30:26","date_gmt":"2024-11-14T11:30:26","guid":{"rendered":"https:\/\/feedcom.tn\/carrieres\/"},"modified":"2025-05-17T15:19:20","modified_gmt":"2025-05-17T13:19:20","slug":"carrieres","status":"publish","type":"page","link":"https:\/\/feedcom.tn\/fr\/carrieres\/","title":{"rendered":"Carri\u00e8res"},"content":{"rendered":"\t\t<div data-elementor-type=\"wp-page\" data-elementor-id=\"33010\" class=\"elementor elementor-33010 elementor-29871\" data-elementor-post-type=\"page\">\n\t\t\t\t\r\n\t\t<div class=\"default no-position show_shadow rs-sticky-default elementor-element elementor-element-2b38c792 e-flex e-con-boxed e-con e-parent\" data-id=\"2b38c792\" data-element_type=\"container\" data-settings=\"{&quot;background_background&quot;:&quot;classic&quot;}\">\n\t\t\t\t\t<div class=\"e-con-inner\">\n\t\t\r\n\t\t<div class=\"default no-position show_shadow rs-sticky-default elementor-element elementor-element-5b37cee6 e-flex e-con-boxed e-con e-child\" data-id=\"5b37cee6\" data-element_type=\"container\">\n\t\t\t\t\t<div class=\"e-con-inner\">\n\t\t\r\n\t\t<div class=\"default no-position show_shadow rs-sticky-default elementor-element elementor-element-6969bd9d e-con-full e-flex e-con e-child\" data-id=\"6969bd9d\" data-element_type=\"container\">\n\t\t\r\n\t\t\t\t<div class=\"elementor-element elementor-element-4f633576 elementor-widget elementor-widget-page-title\" data-id=\"4f633576\" data-element_type=\"widget\" data-widget_type=\"page-title.default\">\n\t\t\t\t<div class=\"elementor-widget-container\">\n\t\t\t\t\t\t\t\n\t\t<div class=\"hfe-page-title hfe-page-title-wrapper elementor-widget-heading\">\n\t\t\t\n\t\t\t<h1 class=\"elementor-heading-title elementor-size\">\n\t\t\t\tCarri\u00e8res\t\t\t \n\t\t\t<\/h1 > \n\n\t\t\t\t\t\t\t\t<\/div>\n\t\t\t\t\t\t<\/div>\n\t\t\t\t<\/div>\n\t\t\r\n\t\t\t\t<div class=\"elementor-element elementor-element-3dd901a2 elementor-widget elementor-widget-rs-breadcrumb\" data-id=\"3dd901a2\" data-element_type=\"widget\" data-widget_type=\"rs-breadcrumb.default\">\n\t\t\t\t<div class=\"elementor-widget-container\">\n\t\t\t\t\t                    <div class=\"breadcrumb-area style3\"> \n                <div class=\"breadcrumbs-inner\"> \n                    <!-- Breadcrumb NavXT 7.4.1 -->\n<span property=\"itemListElement\" typeof=\"ListItem\"><a property=\"item\" typeof=\"WebPage\" title=\"Aller \u00e0 Feedcom.\" href=\"https:\/\/feedcom.tn\/fr\/\" class=\"home\" aria-current=\"page\"><span property=\"name\">Feedcom<\/span><\/a><meta property=\"position\" content=\"1\"><\/span>                <\/div>\n            <\/div> \n          \n    \t\t\t\t<\/div>\n\t\t\t\t<\/div>\n\t\t\t\t<\/div>\n\t\t\r\n\t\t<div class=\"default no-position show_shadow rs-sticky-default elementor-element elementor-element-e15dbcb e-con-full e-flex e-con e-child\" data-id=\"e15dbcb\" data-element_type=\"container\">\n\t\t\t\t<\/div>\n\t\t\t\t\t<\/div>\n\t\t\t\t<\/div>\n\t\t\t\t\t<\/div>\n\t\t\t\t<\/div>\n\t\t\r\n\t\t<div class=\"default no-position show_shadow rs-sticky-default elementor-element elementor-element-6803f58 e-flex e-con-boxed e-con e-parent\" data-id=\"6803f58\" data-element_type=\"container\">\n\t\t\t\t\t<div class=\"e-con-inner\">\n\t\t\r\n\t\t\t\t<div class=\"elementor-element elementor-element-6a8c5aa elementor-widget elementor-widget-rs-heading\" data-id=\"6a8c5aa\" data-element_type=\"widget\" data-widget_type=\"rs-heading.default\">\n\t\t\t\t<div class=\"elementor-widget-container\">\n\t\t\t\t\t\n\t\t<div class=\"prelements-heading default  \">\n\t\t\t<div class=\"title-inner\">\n\t\t\t\t<h2 class=\"title rs-split-text-disable \">Rejoignez notre \u00e9quipe et faites partie de l'aventure\n<\/h2>\n\t\t\t<\/div>\n\t\t\t\t\t<\/div>\n\t\t\t\t<\/div>\n\t\t\t\t<\/div>\n\t\t\t\t\t<\/div>\n\t\t\t\t<\/div>\n\t\t\r\n\t\t<div class=\"default no-position show_shadow rs-sticky-default elementor-element elementor-element-748ac05d e-flex e-con-boxed e-con e-parent\" data-id=\"748ac05d\" data-element_type=\"container\" data-settings=\"{&quot;background_background&quot;:&quot;classic&quot;}\">\n\t\t\t\t\t<div class=\"e-con-inner\">\n\t\t\r\n\t\t<div class=\"default no-position show_shadow rs-sticky-default elementor-element elementor-element-64e627e0 e-flex e-con-boxed e-con e-child\" data-id=\"64e627e0\" data-element_type=\"container\">\n\t\t\t\t\t<div class=\"e-con-inner\">\n\t\t\r\n\t\t<div class=\"default no-position show_shadow rs-sticky-default elementor-element elementor-element-f9fc79b e-con-full e-flex e-con e-child\" data-id=\"f9fc79b\" data-element_type=\"container\">\n\t\t\r\n\t\t<div class=\"default no-position show_shadow rs-sticky-default elementor-element elementor-element-235ed60b e-con-full e-flex e-con e-child\" data-id=\"235ed60b\" data-element_type=\"container\">\n\t\t\r\n\t\t<div class=\"default no-position show_shadow rs-sticky-default elementor-element elementor-element-64e4819 e-con-full e-grid e-con e-child\" data-id=\"64e4819\" data-element_type=\"container\" id=\"bloc-careers\" data-settings=\"{&quot;background_background&quot;:&quot;classic&quot;}\">\n\t\t\r\n\t\t\t\t<div class=\"elementor-element elementor-element-5146e440 careers-block fr elementor-widget elementor-widget-rs-award-widget\" data-id=\"5146e440\" data-element_type=\"widget\" data-widget_type=\"rs-award-widget.default\">\n\t\t\t\t<div class=\"elementor-widget-container\">\n\t\t\t\t\t\r\n\t\t<div class=\"rs-award-wrapper\">\r\n            <div class=\"award-inner\">\r\n                <div class=\"year\">\r\n                    <div class=\"top-area\"><span><\/span><\/div>\r\n                <\/div>\r\n                <div class=\"award-middle-part\">\r\n\t\t\t\t<img decoding=\"async\" class=\"rs-multi-image\" src=\"https:\/\/feedcom.tn\/wp-content\/uploads\/2024\/12\/team-1.png\" alt=\"image\"\/>\r\n                    <div class=\"logo-title\">Nous sommes investis dans votre r\u00e9ussite<\/div>\r\n                    <div class=\"logo-subtitle\">Nous sommes convaincus que la qualit\u00e9 de notre travail d\u00e9coule de l'engagement et de la performance de nos collaborateurs. C'est pourquoi nous nous effor\u00e7ons de recruter des personnes ambitieuses et passionn\u00e9es, en leur proposant de nombreuses opportunit\u00e9s d'apprentissage et de d\u00e9veloppement dans divers domaines.<\/div>\r\n                <\/div>\r\n                <div class=\"bottom-part\">\r\n                    <h4 class=\"title\"><\/h4>\r\n                <\/div>\r\n            <\/div>\r\n\t\t<\/div>\r\n\t\t\t\t<\/div>\n\t\t\t\t<\/div>\n\t\t\r\n\t\t\t\t<div class=\"elementor-element elementor-element-87e671f careers-block fr elementor-widget elementor-widget-rs-award-widget\" data-id=\"87e671f\" data-element_type=\"widget\" data-widget_type=\"rs-award-widget.default\">\n\t\t\t\t<div class=\"elementor-widget-container\">\n\t\t\t\t\t\r\n\t\t<div class=\"rs-award-wrapper\">\r\n            <div class=\"award-inner\">\r\n                <div class=\"year\">\r\n                    <div class=\"top-area\"><span><\/span><\/div>\r\n                <\/div>\r\n                <div class=\"award-middle-part\">\r\n\t\t\t\t<img decoding=\"async\" class=\"rs-multi-image\" src=\"https:\/\/feedcom.tn\/wp-content\/uploads\/2024\/12\/develop.png\" alt=\"image\"\/>\r\n                    <div class=\"logo-title\">Nous valorisons votre parcours professionnel<\/div>\r\n                    <div class=\"logo-subtitle\">Nous nous engageons \u00e0 soutenir vos ambitions et \u00e0 transformer votre passion en opportunit\u00e9s qui vous aideront \u00e0 atteindre vos objectifs de carri\u00e8re.<\/div>\r\n                <\/div>\r\n                <div class=\"bottom-part\">\r\n                    <h4 class=\"title\"><\/h4>\r\n                <\/div>\r\n            <\/div>\r\n\t\t<\/div>\r\n\t\t\t\t<\/div>\n\t\t\t\t<\/div>\n\t\t\r\n\t\t\t\t<div class=\"elementor-element elementor-element-2e27634 careers-block fr elementor-widget elementor-widget-rs-award-widget\" data-id=\"2e27634\" data-element_type=\"widget\" data-widget_type=\"rs-award-widget.default\">\n\t\t\t\t<div class=\"elementor-widget-container\">\n\t\t\t\t\t\r\n\t\t<div class=\"rs-award-wrapper\">\r\n            <div class=\"award-inner\">\r\n                <div class=\"year\">\r\n                    <div class=\"top-area\"><span><\/span><\/div>\r\n                <\/div>\r\n                <div class=\"award-middle-part\">\r\n\t\t\t\t<img decoding=\"async\" class=\"rs-multi-image\" src=\"https:\/\/feedcom.tn\/wp-content\/uploads\/2024\/12\/discussion.png\" alt=\"image\"\/>\r\n                    <div class=\"logo-title\">Nous valorisons la diversit\u00e9<\/div>\r\n                    <div class=\"logo-subtitle\">Nous c\u00e9l\u00e9brons la diversit\u00e9 dans notre milieu de travail, car elle est une source inestimable de richesse et d'innovation. En accueillant des individus aux parcours vari\u00e9s, aux cultures diff\u00e9rentes et aux comp\u00e9tences multiples, nous renfor\u00e7ons notre capacit\u00e9 \u00e0 relever les d\u00e9fis et \u00e0 cr\u00e9er des solutions novatrices. Nous croyons fermement que c'est cette diversit\u00e9 qui nous permet d'atteindre l'excellence collective.<\/div>\r\n                <\/div>\r\n                <div class=\"bottom-part\">\r\n                    <h4 class=\"title\"><\/h4>\r\n                <\/div>\r\n            <\/div>\r\n\t\t<\/div>\r\n\t\t\t\t<\/div>\n\t\t\t\t<\/div>\n\t\t\t\t<\/div>\n\t\t\r\n\t\t\t\t<div class=\"elementor-element elementor-element-fc86563 elementor-widget elementor-widget-rs-heading\" data-id=\"fc86563\" data-element_type=\"widget\" data-widget_type=\"rs-heading.default\">\n\t\t\t\t<div class=\"elementor-widget-container\">\n\t\t\t\t\t\n\t\t<div class=\"prelements-heading default  \">\n\t\t\t<div class=\"title-inner\">\n\t\t\t\t\n\t\t\t<\/div>\n\t\t\t\t\t\t\t<div class=\"description\">\n\t\t\t\t\t<p>D\u00e9couvrez nos offres et rejoignez une entreprise o\u00f9 l'innovation et le bien-\u00eatre de nos collaborateurs sont au c\u0153ur de nos pr\u00e9occupations.<\/p>\t\t\t\t<\/div>\n\t\t\t\t\t<\/div>\n\t\t\t\t<\/div>\n\t\t\t\t<\/div>\n\t\t\t\t<\/div>\n\t\t\t\t<\/div>\n\t\t\t\t\t<\/div>\n\t\t\t\t<\/div>\n\t\t\t\t\t<\/div>\n\t\t\t\t<\/div>\n\t\t\r\n\t\t<div class=\"default no-position show_shadow rs-sticky-default elementor-element elementor-element-61a0d7b e-flex e-con-boxed e-con e-parent\" data-id=\"61a0d7b\" data-element_type=\"container\">\n\t\t\t\t\t<div class=\"e-con-inner\">\n\t\t\r\n\t\t\t\t<div class=\"elementor-element elementor-element-4b78158 elementor-widget elementor-widget-rs-heading\" data-id=\"4b78158\" data-element_type=\"widget\" data-widget_type=\"rs-heading.default\">\n\t\t\t\t<div class=\"elementor-widget-container\">\n\t\t\t\t\t\n\t\t<div class=\"prelements-heading default  \">\n\t\t\t<div class=\"title-inner\">\n\t\t\t\t<h2 class=\"title rs-split-text-disable \">Nos Offres d\u2019Emploi<\/h2>\n\t\t\t<\/div>\n\t\t\t\t\t<\/div>\n\t\t\t\t<\/div>\n\t\t\t\t<\/div>\n\t\t\t\t\t<\/div>\n\t\t\t\t<\/div>\n\t\t\r\n\t\t<div class=\"default no-position show_shadow rs-sticky-default elementor-element elementor-element-fae2d00 e-flex e-con-boxed e-con e-parent\" data-id=\"fae2d00\" data-element_type=\"container\">\n\t\t\t\t\t<div class=\"e-con-inner\">\n\t\t\r\n\t\t\t\t<div class=\"elementor-element elementor-element-b4c9d3e elementor-widget elementor-widget-shortcode\" data-id=\"b4c9d3e\" data-element_type=\"widget\" data-widget_type=\"shortcode.default\">\n\t\t\t\t<div class=\"elementor-widget-container\">\n\t\t\t\t\t\t\t<div class=\"elementor-shortcode\">\t<div class=\"jobs-none-container\">\n\t\t<p>Nous n'avons actuellement aucune offre d'emploi disponible.<\/p>\n\t<\/div>\n\t<\/div>\n\t\t\t\t\t\t<\/div>\n\t\t\t\t<\/div>\n\t\t\t\t\t<\/div>\n\t\t\t\t<\/div>\n\t\t\r\n\t\t<div class=\"default no-position show_shadow rs-sticky-default elementor-element elementor-element-b6992af e-flex e-con-boxed e-con e-parent\" data-id=\"b6992af\" data-element_type=\"container\" data-settings=\"{&quot;background_background&quot;:&quot;classic&quot;}\">\n\t\t\t\t\t<div class=\"e-con-inner\">\n\t\t\r\n\t\t<div class=\"default no-position show_shadow rs-sticky-default elementor-element elementor-element-0e6c053 e-grid e-con-boxed e-con e-child\" data-id=\"0e6c053\" data-element_type=\"container\" data-settings=\"{&quot;background_background&quot;:&quot;classic&quot;}\">\n\t\t\t\t\t<div class=\"e-con-inner\">\n\t\t\r\n\t\t\t\t<div class=\"elementor-element elementor-element-f8eeb6c elementor-widget elementor-widget-rs-heading\" data-id=\"f8eeb6c\" data-element_type=\"widget\" data-widget_type=\"rs-heading.default\">\n\t\t\t\t<div class=\"elementor-widget-container\">\n\t\t\t\t\t\n\t\t<div class=\"prelements-heading default  \">\n\t\t\t<div class=\"title-inner\">\n\t\t\t\t\t\t\t\t\t<span class=\"sub-text\">\n\t\t\t\t\t\t\t\t\t\t\t\tRejoignez-nous\t\t\t\t\t<\/span>\n\t\t\t\t<h3 class=\"title rs-split-text-disable \">Formulaire de candidature spontan\u00e9e<\/h3>\n\t\t\t<\/div>\n\t\t\t\t\t<\/div>\n\t\t\t\t<\/div>\n\t\t\t\t<\/div>\n\t\t\r\n\t\t\t\t<div class=\"elementor-element elementor-element-7f9e3d1 elementor-widget elementor-widget-rs-button\" data-id=\"7f9e3d1\" data-element_type=\"widget\" data-widget_type=\"rs-button.default\">\n\t\t\t\t<div class=\"elementor-widget-container\">\n\t\t\t\t\t\t\t<div class=\"rs-button style1\">\r\n\t\t\t\t\t\t<a class=\"rs-btn\" href=\"\/fr\/candidature-spontanee\/\" >\t\r\n\t\t\t\t<span>Cliquez ici \r\n\t\t\t\t\t\t\t\t\t<em>\r\n\t\t\t\t\t\t<i aria-hidden=\"true\" class=\"ri-arrow-right-line\"><\/i>\t\t\t\t\t\t<i aria-hidden=\"true\" class=\"ri-arrow-right-line\"><\/i>\t\t\t\t\t<\/em>\t\r\n\t\t\t\t\t\t\t\t<\/span>\r\n\t\t\t<\/a>\r\n\t\t<\/div>\r\n\t\t\t\t<\/div>\n\t\t\t\t<\/div>\n\t\t\t\t\t<\/div>\n\t\t\t\t<\/div>\n\t\t\t\t\t<\/div>\n\t\t\t\t<\/div>\n\t\t\t\t<\/div>\n\t\t","protected":false},"excerpt":{"rendered":"<p>Carri\u00e8res Feedcom Rejoignez notre \u00e9quipe et faites partie de l&rsquo;aventure Nous sommes investis dans votre r\u00e9ussite Nous sommes convaincus que la qualit\u00e9 de notre travail d\u00e9coule de l&rsquo;engagement et de la performance de nos collaborateurs. C&rsquo;est pourquoi nous nous effor\u00e7ons de recruter des personnes ambitieuses et passionn\u00e9es, en leur proposant de nombreuses opportunit\u00e9s d&rsquo;apprentissage et&#8230;<\/p>\n","protected":false},"author":1,"featured_media":0,"parent":0,"menu_order":0,"comment_status":"closed","ping_status":"closed","template":"elementor_header_footer","meta":{"footnotes":""},"class_list":["post-33010","page","type-page","status-publish","hentry"],"_links":{"self":[{"href":"https:\/\/feedcom.tn\/fr\/wp-json\/wp\/v2\/pages\/33010","targetHints":{"allow":["GET"]}}],"collection":[{"href":"https:\/\/feedcom.tn\/fr\/wp-json\/wp\/v2\/pages"}],"about":[{"href":"https:\/\/feedcom.tn\/fr\/wp-json\/wp\/v2\/types\/page"}],"author":[{"embeddable":true,"href":"https:\/\/feedcom.tn\/fr\/wp-json\/wp\/v2\/users\/1"}],"replies":[{"embeddable":true,"href":"https:\/\/feedcom.tn\/fr\/wp-json\/wp\/v2\/comments?post=33010"}],"version-history":[{"count":28,"href":"https:\/\/feedcom.tn\/fr\/wp-json\/wp\/v2\/pages\/33010\/revisions"}],"predecessor-version":[{"id":34302,"href":"https:\/\/feedcom.tn\/fr\/wp-json\/wp\/v2\/pages\/33010\/revisions\/34302"}],"wp:attachment":[{"href":"https:\/\/feedcom.tn\/fr\/wp-json\/wp\/v2\/media?parent=33010"}],"curies":[{"name":"wp","href":"https:\/\/api.w.org\/{rel}","templated":true}]}}