{"id":33005,"date":"2024-02-29T08:42:33","date_gmt":"2024-02-29T07:42:33","guid":{"rendered":"https:\/\/feedcom.tn\/activites\/participation-de-feedcom-a-la-19eme-edition-du-salon-agroexpo-en-turquie\/"},"modified":"2025-02-12T12:44:12","modified_gmt":"2025-02-12T11:44:12","slug":"participation-de-feedcom-a-la-19eme-edition-du-salon-agroexpo-en-turquie","status":"publish","type":"page","link":"https:\/\/feedcom.tn\/fr\/activites\/participation-de-feedcom-a-la-19eme-edition-du-salon-agroexpo-en-turquie\/","title":{"rendered":"Participation de FEEDCOM \u00e0 la 19\u00e8me \u00e9dition du Salon Agroexpo en Turquie"},"content":{"rendered":"\t\t<div data-elementor-type=\"wp-page\" data-elementor-id=\"33005\" class=\"elementor elementor-33005 elementor-21516\" data-elementor-post-type=\"page\">\n\t\t\t\t\r\n\t\t<div class=\"default no-position show_shadow rs-sticky-default elementor-element elementor-element-100f4583 e-flex e-con-boxed e-con e-parent\" data-id=\"100f4583\" data-element_type=\"container\">\n\t\t\t\t\t<div class=\"e-con-inner\">\n\t\t\r\n\t\t\t\t<div class=\"elementor-element elementor-element-57b55cce elementor-widget elementor-widget-rs-breadcrumb\" data-id=\"57b55cce\" data-element_type=\"widget\" data-widget_type=\"rs-breadcrumb.default\">\n\t\t\t\t<div class=\"elementor-widget-container\">\n\t\t\t\t\t                    <div class=\"breadcrumb-area style1\"> \n                <div class=\"breadcrumbs-inner\"> \n                    <!-- Breadcrumb NavXT 7.4.1 -->\n<span property=\"itemListElement\" typeof=\"ListItem\"><a property=\"item\" typeof=\"WebPage\" title=\"Aller \u00e0 Feedcom.\" href=\"https:\/\/feedcom.tn\/fr\/\" class=\"home\" aria-current=\"page\"><span property=\"name\">Feedcom<\/span><\/a><meta property=\"position\" content=\"1\"><\/span>                <\/div>\n            <\/div> \n          \n    \t\t\t\t<\/div>\n\t\t\t\t<\/div>\n\t\t\t\t\t<\/div>\n\t\t\t\t<\/div>\n\t\t\r\n\t\t<div class=\"default no-position show_shadow rs-sticky-default elementor-element elementor-element-2ec7729c e-flex e-con-boxed e-con e-parent\" data-id=\"2ec7729c\" data-element_type=\"container\">\n\t\t\t\t\t<div class=\"e-con-inner\">\n\t\t\r\n\t\t<div class=\"default no-position show_shadow rs-sticky-default elementor-element elementor-element-16ee6e0a e-con-full e-flex e-con e-child\" data-id=\"16ee6e0a\" data-element_type=\"container\">\n\t\t\r\n\t\t<div class=\"default no-position show_shadow rs-sticky-default elementor-element elementor-element-46262242 e-con-full e-flex e-con e-child\" data-id=\"46262242\" data-element_type=\"container\">\n\t\t\r\n\t\t\t\t<div class=\"elementor-element elementor-element-e811bc7 elementor-widget elementor-widget-image\" data-id=\"e811bc7\" data-element_type=\"widget\" data-widget_type=\"image.default\">\n\t\t\t\t<div class=\"elementor-widget-container\">\n\t\t\t\t\t\t\t\t\t\t\t\t\t\t\t<img fetchpriority=\"high\" decoding=\"async\" width=\"704\" height=\"391\" src=\"https:\/\/feedcom.tn\/wp-content\/uploads\/2024\/11\/agroexpo-2024-.jpg\" class=\"attachment-full size-full wp-image-32555\" alt=\"\" srcset=\"https:\/\/feedcom.tn\/wp-content\/uploads\/2024\/11\/agroexpo-2024-.jpg 704w, https:\/\/feedcom.tn\/wp-content\/uploads\/2024\/11\/agroexpo-2024--300x167.jpg 300w, https:\/\/feedcom.tn\/wp-content\/uploads\/2024\/11\/agroexpo-2024--600x333.jpg 600w\" sizes=\"(max-width: 704px) 100vw, 704px\" \/>\t\t\t\t\t\t\t\t\t\t\t\t\t\t\t<\/div>\n\t\t\t\t<\/div>\n\t\t\r\n\t\t\t\t<div class=\"elementor-element elementor-element-2185b1b4 elementor-widget elementor-widget-heading\" data-id=\"2185b1b4\" data-element_type=\"widget\" data-widget_type=\"heading.default\">\n\t\t\t\t<div class=\"elementor-widget-container\">\n\t\t\t\t\t<h1 class=\"elementor-heading-title elementor-size-default\">Participation de FEEDCOM \u00e0 la 19\u00e8me \u00e9dition du Salon Agroexpo en Turquie<\/h1>\t\t\t\t<\/div>\n\t\t\t\t<\/div>\n\t\t\r\n\t\t\t\t<div class=\"elementor-element elementor-element-2c1752c3 elementor-widget elementor-widget-text-editor\" data-id=\"2c1752c3\" data-element_type=\"widget\" data-widget_type=\"text-editor.default\">\n\t\t\t\t<div class=\"elementor-widget-container\">\n\t\t\t\t\t\t\t\t\t<p><strong><em>Janvier 2024<\/em><\/strong><\/p>\t\t\t\t\t\t\t\t<\/div>\n\t\t\t\t<\/div>\n\t\t\r\n\t\t\t\t<div class=\"elementor-element elementor-element-4deb1b0c elementor-widget elementor-widget-text-editor\" data-id=\"4deb1b0c\" data-element_type=\"widget\" data-widget_type=\"text-editor.default\">\n\t\t\t\t<div class=\"elementor-widget-container\">\n\t\t\t\t\t\t\t\t\t<p>Dans le cadre de notre strat\u00e9gie d&rsquo;expansion sur les march\u00e9s internationaux, FEEDCOM a particip\u00e9 \u00e0 la 19\u00e8me \u00e9dition du Salon Agroexpo \u00e0 Izmir, le plus grand salon agricole de Turquie et l&rsquo;un des quatre plus importants en Europe. Cet \u00e9v\u00e9nement a constitu\u00e9 une opportunit\u00e9 id\u00e9ale pour mieux comprendre les exigences du march\u00e9 mondial et pr\u00e9senter nos produits \u00e0 un public international venant de divers horizons.<\/p>\t\t\t\t\t\t\t\t<\/div>\n\t\t\t\t<\/div>\n\t\t\t\t<\/div>\n\t\t\t\t<\/div>\n\t\t\t\t\t<\/div>\n\t\t\t\t<\/div>\n\t\t\t\t<\/div>\n\t\t","protected":false},"excerpt":{"rendered":"<p>Feedcom Participation de FEEDCOM \u00e0 la 19\u00e8me \u00e9dition du Salon Agroexpo en Turquie Janvier 2024 Dans le cadre de notre strat\u00e9gie d&rsquo;expansion sur les march\u00e9s internationaux, FEEDCOM a particip\u00e9 \u00e0 la 19\u00e8me \u00e9dition du Salon Agroexpo \u00e0 Izmir, le plus grand salon agricole de Turquie et l&rsquo;un des quatre plus importants en Europe. Cet \u00e9v\u00e9nement&#8230;<\/p>\n","protected":false},"author":1,"featured_media":0,"parent":32708,"menu_order":0,"comment_status":"closed","ping_status":"closed","template":"elementor_header_footer","meta":{"footnotes":""},"class_list":["post-33005","page","type-page","status-publish","hentry"],"_links":{"self":[{"href":"https:\/\/feedcom.tn\/fr\/wp-json\/wp\/v2\/pages\/33005","targetHints":{"allow":["GET"]}}],"collection":[{"href":"https:\/\/feedcom.tn\/fr\/wp-json\/wp\/v2\/pages"}],"about":[{"href":"https:\/\/feedcom.tn\/fr\/wp-json\/wp\/v2\/types\/page"}],"author":[{"embeddable":true,"href":"https:\/\/feedcom.tn\/fr\/wp-json\/wp\/v2\/users\/1"}],"replies":[{"embeddable":true,"href":"https:\/\/feedcom.tn\/fr\/wp-json\/wp\/v2\/comments?post=33005"}],"version-history":[{"count":7,"href":"https:\/\/feedcom.tn\/fr\/wp-json\/wp\/v2\/pages\/33005\/revisions"}],"predecessor-version":[{"id":33663,"href":"https:\/\/feedcom.tn\/fr\/wp-json\/wp\/v2\/pages\/33005\/revisions\/33663"}],"up":[{"embeddable":true,"href":"https:\/\/feedcom.tn\/fr\/wp-json\/wp\/v2\/pages\/32708"}],"wp:attachment":[{"href":"https:\/\/feedcom.tn\/fr\/wp-json\/wp\/v2\/media?parent=33005"}],"curies":[{"name":"wp","href":"https:\/\/api.w.org\/{rel}","templated":true}]}}