{"id":32998,"date":"2024-11-13T15:46:35","date_gmt":"2024-11-13T14:46:35","guid":{"rendered":"https:\/\/feedcom.tn\/activites\/participation-of-feedcom-in-the-4th-edition-of-viv-mea-2023\/"},"modified":"2025-02-12T12:44:49","modified_gmt":"2025-02-12T11:44:49","slug":"participation-of-feedcom-in-the-4th-edition-of-viv-mea-2023","status":"publish","type":"page","link":"https:\/\/feedcom.tn\/fr\/activites\/participation-of-feedcom-in-the-4th-edition-of-viv-mea-2023\/","title":{"rendered":"Participation de FEEDCOM \u00e0 la 4\u00e9me \u00e9dition du VIV MEA 2023"},"content":{"rendered":"\t\t<div data-elementor-type=\"wp-page\" data-elementor-id=\"32998\" class=\"elementor elementor-32998 elementor-29848\" data-elementor-post-type=\"page\">\n\t\t\t\t\r\n\t\t<div class=\"default no-position show_shadow rs-sticky-default elementor-element elementor-element-2c65ca91 e-flex e-con-boxed e-con e-parent\" data-id=\"2c65ca91\" data-element_type=\"container\">\n\t\t\t\t\t<div class=\"e-con-inner\">\n\t\t\r\n\t\t\t\t<div class=\"elementor-element elementor-element-3212871e elementor-widget elementor-widget-rs-breadcrumb\" data-id=\"3212871e\" data-element_type=\"widget\" data-widget_type=\"rs-breadcrumb.default\">\n\t\t\t\t<div class=\"elementor-widget-container\">\n\t\t\t\t\t                    <div class=\"breadcrumb-area style1\"> \n                <div class=\"breadcrumbs-inner\"> \n                    <!-- Breadcrumb NavXT 7.4.1 -->\n<span property=\"itemListElement\" typeof=\"ListItem\"><a property=\"item\" typeof=\"WebPage\" title=\"Aller \u00e0 Feedcom.\" href=\"https:\/\/feedcom.tn\/fr\/\" class=\"home\" aria-current=\"page\"><span property=\"name\">Feedcom<\/span><\/a><meta property=\"position\" content=\"1\"><\/span>                <\/div>\n            <\/div> \n          \n    \t\t\t\t<\/div>\n\t\t\t\t<\/div>\n\t\t\t\t\t<\/div>\n\t\t\t\t<\/div>\n\t\t\r\n\t\t<div class=\"default no-position show_shadow rs-sticky-default elementor-element elementor-element-3007b0b9 e-flex e-con-boxed e-con e-parent\" data-id=\"3007b0b9\" data-element_type=\"container\">\n\t\t\t\t\t<div class=\"e-con-inner\">\n\t\t\r\n\t\t<div class=\"default no-position show_shadow rs-sticky-default elementor-element elementor-element-1595485f e-con-full e-flex e-con e-child\" data-id=\"1595485f\" data-element_type=\"container\">\n\t\t\r\n\t\t<div class=\"default no-position show_shadow rs-sticky-default elementor-element elementor-element-334a45e5 e-con-full e-flex e-con e-child\" data-id=\"334a45e5\" data-element_type=\"container\">\n\t\t\r\n\t\t\t\t<div class=\"elementor-element elementor-element-f0b717d elementor-widget elementor-widget-image\" data-id=\"f0b717d\" data-element_type=\"widget\" data-widget_type=\"image.default\">\n\t\t\t\t<div class=\"elementor-widget-container\">\n\t\t\t\t\t\t\t\t\t\t\t\t\t\t\t<img fetchpriority=\"high\" decoding=\"async\" width=\"1162\" height=\"391\" src=\"https:\/\/feedcom.tn\/wp-content\/uploads\/2024\/11\/viv-mea-2023-copie.png\" class=\"attachment-full size-full wp-image-32567\" alt=\"\" srcset=\"https:\/\/feedcom.tn\/wp-content\/uploads\/2024\/11\/viv-mea-2023-copie.png 1162w, https:\/\/feedcom.tn\/wp-content\/uploads\/2024\/11\/viv-mea-2023-copie-300x101.png 300w, https:\/\/feedcom.tn\/wp-content\/uploads\/2024\/11\/viv-mea-2023-copie-1024x345.png 1024w, https:\/\/feedcom.tn\/wp-content\/uploads\/2024\/11\/viv-mea-2023-copie-768x258.png 768w, https:\/\/feedcom.tn\/wp-content\/uploads\/2024\/11\/viv-mea-2023-copie-600x202.png 600w\" sizes=\"(max-width: 1162px) 100vw, 1162px\" \/>\t\t\t\t\t\t\t\t\t\t\t\t\t\t\t<\/div>\n\t\t\t\t<\/div>\n\t\t\r\n\t\t\t\t<div class=\"elementor-element elementor-element-2921d2f3 elementor-widget elementor-widget-heading\" data-id=\"2921d2f3\" data-element_type=\"widget\" data-widget_type=\"heading.default\">\n\t\t\t\t<div class=\"elementor-widget-container\">\n\t\t\t\t\t<h1 class=\"elementor-heading-title elementor-size-default\">Participation de FEEDCOM \u00e0 la 4\u00e9me \u00e9dition du VIV MEA 2023<\/h1>\t\t\t\t<\/div>\n\t\t\t\t<\/div>\n\t\t\r\n\t\t\t\t<div class=\"elementor-element elementor-element-4e501502 elementor-widget elementor-widget-text-editor\" data-id=\"4e501502\" data-element_type=\"widget\" data-widget_type=\"text-editor.default\">\n\t\t\t\t<div class=\"elementor-widget-container\">\n\t\t\t\t\t\t\t\t\t<p><strong><em>Novembre 2023<\/em><\/strong><\/p>\t\t\t\t\t\t\t\t<\/div>\n\t\t\t\t<\/div>\n\t\t\r\n\t\t\t\t<div class=\"elementor-element elementor-element-53589f23 elementor-widget elementor-widget-text-editor\" data-id=\"53589f23\" data-element_type=\"widget\" data-widget_type=\"text-editor.default\">\n\t\t\t\t<div class=\"elementor-widget-container\">\n\t\t\t\t\t\t\t\t\t<p>FEEDCOM a eu le plaisir de participer \u00e0 la 4\u00e8me \u00e9dition de la foire VIV MEA en 2023, un \u00e9v\u00e9nement majeur dans le secteur de l&rsquo;\u00e9levage et de la nutrition animale. Lors de cette \u00e9dition, nous avons pr\u00e9sent\u00e9 nos solutions innovantes et \u00e9chang\u00e9 avec des professionnels de l&rsquo;industrie. Cette participation a renforc\u00e9 notre engagement envers le bien-\u00eatre animal et nous a permis de partager notre expertise avec d&rsquo;autres acteurs cl\u00e9s du march\u00e9.<\/p>\t\t\t\t\t\t\t\t<\/div>\n\t\t\t\t<\/div>\n\t\t\t\t<\/div>\n\t\t\t\t<\/div>\n\t\t\t\t\t<\/div>\n\t\t\t\t<\/div>\n\t\t\t\t<\/div>\n\t\t","protected":false},"excerpt":{"rendered":"<p>Feedcom Participation de FEEDCOM \u00e0 la 4\u00e9me \u00e9dition du VIV MEA 2023 Novembre 2023 FEEDCOM a eu le plaisir de participer \u00e0 la 4\u00e8me \u00e9dition de la foire VIV MEA en 2023, un \u00e9v\u00e9nement majeur dans le secteur de l&rsquo;\u00e9levage et de la nutrition animale. Lors de cette \u00e9dition, nous avons pr\u00e9sent\u00e9 nos solutions innovantes&#8230;<\/p>\n","protected":false},"author":1,"featured_media":0,"parent":32708,"menu_order":0,"comment_status":"closed","ping_status":"closed","template":"elementor_header_footer","meta":{"footnotes":""},"class_list":["post-32998","page","type-page","status-publish","hentry"],"_links":{"self":[{"href":"https:\/\/feedcom.tn\/fr\/wp-json\/wp\/v2\/pages\/32998","targetHints":{"allow":["GET"]}}],"collection":[{"href":"https:\/\/feedcom.tn\/fr\/wp-json\/wp\/v2\/pages"}],"about":[{"href":"https:\/\/feedcom.tn\/fr\/wp-json\/wp\/v2\/types\/page"}],"author":[{"embeddable":true,"href":"https:\/\/feedcom.tn\/fr\/wp-json\/wp\/v2\/users\/1"}],"replies":[{"embeddable":true,"href":"https:\/\/feedcom.tn\/fr\/wp-json\/wp\/v2\/comments?post=32998"}],"version-history":[{"count":9,"href":"https:\/\/feedcom.tn\/fr\/wp-json\/wp\/v2\/pages\/32998\/revisions"}],"predecessor-version":[{"id":33672,"href":"https:\/\/feedcom.tn\/fr\/wp-json\/wp\/v2\/pages\/32998\/revisions\/33672"}],"up":[{"embeddable":true,"href":"https:\/\/feedcom.tn\/fr\/wp-json\/wp\/v2\/pages\/32708"}],"wp:attachment":[{"href":"https:\/\/feedcom.tn\/fr\/wp-json\/wp\/v2\/media?parent=32998"}],"curies":[{"name":"wp","href":"https:\/\/api.w.org\/{rel}","templated":true}]}}