{"id":32992,"date":"2024-11-13T15:44:37","date_gmt":"2024-11-13T14:44:37","guid":{"rendered":"https:\/\/feedcom.tn\/activites\/participation-de-feedcom-a-la-6eme-edition-du-salon-sara\/"},"modified":"2025-02-12T12:45:15","modified_gmt":"2025-02-12T11:45:15","slug":"participation-de-feedcom-a-la-6eme-edition-du-salon-sara","status":"publish","type":"page","link":"https:\/\/feedcom.tn\/fr\/activites\/participation-de-feedcom-a-la-6eme-edition-du-salon-sara\/","title":{"rendered":"Participation de FEEDCOM \u00e0 la 6\u00e8me \u00e9dition du Salon SARA"},"content":{"rendered":"\t\t<div data-elementor-type=\"wp-page\" data-elementor-id=\"32992\" class=\"elementor elementor-32992 elementor-29843\" data-elementor-post-type=\"page\">\n\t\t\t\t\r\n\t\t<div class=\"default no-position show_shadow rs-sticky-default elementor-element elementor-element-4909c9bd e-flex e-con-boxed e-con e-parent\" data-id=\"4909c9bd\" data-element_type=\"container\">\n\t\t\t\t\t<div class=\"e-con-inner\">\n\t\t\r\n\t\t\t\t<div class=\"elementor-element elementor-element-4f7faf5a elementor-widget elementor-widget-rs-breadcrumb\" data-id=\"4f7faf5a\" data-element_type=\"widget\" data-widget_type=\"rs-breadcrumb.default\">\n\t\t\t\t<div class=\"elementor-widget-container\">\n\t\t\t\t\t                    <div class=\"breadcrumb-area style1\"> \n                <div class=\"breadcrumbs-inner\"> \n                    <!-- Breadcrumb NavXT 7.4.1 -->\n<span property=\"itemListElement\" typeof=\"ListItem\"><a property=\"item\" typeof=\"WebPage\" title=\"Aller \u00e0 Feedcom.\" href=\"https:\/\/feedcom.tn\/fr\/\" class=\"home\" aria-current=\"page\"><span property=\"name\">Feedcom<\/span><\/a><meta property=\"position\" content=\"1\"><\/span>                <\/div>\n            <\/div> \n          \n    \t\t\t\t<\/div>\n\t\t\t\t<\/div>\n\t\t\t\t\t<\/div>\n\t\t\t\t<\/div>\n\t\t\r\n\t\t<div class=\"default no-position show_shadow rs-sticky-default elementor-element elementor-element-76509e64 e-flex e-con-boxed e-con e-parent\" data-id=\"76509e64\" data-element_type=\"container\">\n\t\t\t\t\t<div class=\"e-con-inner\">\n\t\t\r\n\t\t<div class=\"default no-position show_shadow rs-sticky-default elementor-element elementor-element-355deebc e-con-full e-flex e-con e-child\" data-id=\"355deebc\" data-element_type=\"container\">\n\t\t\r\n\t\t<div class=\"default no-position show_shadow rs-sticky-default elementor-element elementor-element-28648612 e-con-full e-flex e-con e-child\" data-id=\"28648612\" data-element_type=\"container\">\n\t\t\r\n\t\t\t\t<div class=\"elementor-element elementor-element-dc721d7 elementor-widget elementor-widget-image\" data-id=\"dc721d7\" data-element_type=\"widget\" data-widget_type=\"image.default\">\n\t\t\t\t<div class=\"elementor-widget-container\">\n\t\t\t\t\t\t\t\t\t\t\t\t\t\t\t<img fetchpriority=\"high\" decoding=\"async\" width=\"913\" height=\"391\" src=\"https:\/\/feedcom.tn\/wp-content\/uploads\/2024\/11\/sara-2023.jpg\" class=\"attachment-full size-full wp-image-32561\" alt=\"\" srcset=\"https:\/\/feedcom.tn\/wp-content\/uploads\/2024\/11\/sara-2023.jpg 913w, https:\/\/feedcom.tn\/wp-content\/uploads\/2024\/11\/sara-2023-300x128.jpg 300w, https:\/\/feedcom.tn\/wp-content\/uploads\/2024\/11\/sara-2023-768x329.jpg 768w, https:\/\/feedcom.tn\/wp-content\/uploads\/2024\/11\/sara-2023-600x257.jpg 600w\" sizes=\"(max-width: 913px) 100vw, 913px\" \/>\t\t\t\t\t\t\t\t\t\t\t\t\t\t\t<\/div>\n\t\t\t\t<\/div>\n\t\t\r\n\t\t\t\t<div class=\"elementor-element elementor-element-66e2f081 elementor-widget elementor-widget-heading\" data-id=\"66e2f081\" data-element_type=\"widget\" data-widget_type=\"heading.default\">\n\t\t\t\t<div class=\"elementor-widget-container\">\n\t\t\t\t\t<h1 class=\"elementor-heading-title elementor-size-default\">Participation de FEEDCOM \u00e0 la 6\u00e8me \u00e9dition du Salon SARA avec pour th\u00e8me \" l\u2019Agriculture africaine face aux d\u00e9fis des chocs internes et externes : Quelles innovations structurelles pour am\u00e9liorer les secteurs agricoles et garantir la souverainet\u00e9 alimentaire de nos pays ?\"<\/h1>\t\t\t\t<\/div>\n\t\t\t\t<\/div>\n\t\t\r\n\t\t\t\t<div class=\"elementor-element elementor-element-30995c31 elementor-widget elementor-widget-text-editor\" data-id=\"30995c31\" data-element_type=\"widget\" data-widget_type=\"text-editor.default\">\n\t\t\t\t<div class=\"elementor-widget-container\">\n\t\t\t\t\t\t\t\t\t<p><strong><em>Septembre 2023<\/em><\/strong><\/p>\t\t\t\t\t\t\t\t<\/div>\n\t\t\t\t<\/div>\n\t\t\r\n\t\t\t\t<div class=\"elementor-element elementor-element-576509f0 elementor-widget elementor-widget-text-editor\" data-id=\"576509f0\" data-element_type=\"widget\" data-widget_type=\"text-editor.default\">\n\t\t\t\t<div class=\"elementor-widget-container\">\n\t\t\t\t\t\t\t\t\t<p>FEEDCOM a pris part \u00e0 la 6\u00e8me \u00e9dition du Salon International de l\u2019Agriculture et des Ressources Animales (SARA), un \u00e9v\u00e9nement crucial pour discuter des innovations structurelles et des solutions face aux d\u00e9fis auxquels le secteur agricole africain est confront\u00e9. Notre participation r\u00e9affirme notre engagement \u00e0 soutenir le d\u00e9veloppement agricole en Afrique et \u00e0 offrir des solutions nutritionnelles innovantes pour renforcer la souverainet\u00e9 alimentaire de la r\u00e9gion. Cet \u00e9v\u00e9nement a constitu\u00e9 une excellente opportunit\u00e9 pour mettre en\u00a0 avant nos produits et services aupr\u00e8s d&rsquo;un large public, tout en interagissant avec des visiteurs issus de divers horizons.<\/p>\t\t\t\t\t\t\t\t<\/div>\n\t\t\t\t<\/div>\n\t\t\t\t<\/div>\n\t\t\t\t<\/div>\n\t\t\t\t\t<\/div>\n\t\t\t\t<\/div>\n\t\t\t\t<\/div>\n\t\t","protected":false},"excerpt":{"rendered":"<p>Feedcom Participation de FEEDCOM \u00e0 la 6\u00e8me \u00e9dition du Salon SARA avec pour th\u00e8me \u00a0\u00bb l\u2019Agriculture africaine face aux d\u00e9fis des chocs internes et externes : Quelles innovations structurelles pour am\u00e9liorer les secteurs agricoles et garantir la souverainet\u00e9 alimentaire de nos pays ?\u00a0\u00bb Septembre 2023 FEEDCOM a pris part \u00e0 la 6\u00e8me \u00e9dition du Salon&#8230;<\/p>\n","protected":false},"author":1,"featured_media":0,"parent":32708,"menu_order":0,"comment_status":"closed","ping_status":"closed","template":"elementor_header_footer","meta":{"footnotes":""},"class_list":["post-32992","page","type-page","status-publish","hentry"],"_links":{"self":[{"href":"https:\/\/feedcom.tn\/fr\/wp-json\/wp\/v2\/pages\/32992","targetHints":{"allow":["GET"]}}],"collection":[{"href":"https:\/\/feedcom.tn\/fr\/wp-json\/wp\/v2\/pages"}],"about":[{"href":"https:\/\/feedcom.tn\/fr\/wp-json\/wp\/v2\/types\/page"}],"author":[{"embeddable":true,"href":"https:\/\/feedcom.tn\/fr\/wp-json\/wp\/v2\/users\/1"}],"replies":[{"embeddable":true,"href":"https:\/\/feedcom.tn\/fr\/wp-json\/wp\/v2\/comments?post=32992"}],"version-history":[{"count":7,"href":"https:\/\/feedcom.tn\/fr\/wp-json\/wp\/v2\/pages\/32992\/revisions"}],"predecessor-version":[{"id":33678,"href":"https:\/\/feedcom.tn\/fr\/wp-json\/wp\/v2\/pages\/32992\/revisions\/33678"}],"up":[{"embeddable":true,"href":"https:\/\/feedcom.tn\/fr\/wp-json\/wp\/v2\/pages\/32708"}],"wp:attachment":[{"href":"https:\/\/feedcom.tn\/fr\/wp-json\/wp\/v2\/media?parent=32992"}],"curies":[{"name":"wp","href":"https:\/\/api.w.org\/{rel}","templated":true}]}}