{"id":32983,"date":"2024-11-13T15:43:09","date_gmt":"2024-11-13T14:43:09","guid":{"rendered":"https:\/\/feedcom.tn\/activites\/participation-de-feedcom-a-la-20eme-et-21eme-editions-du-salon-sipsa-filaha-et-agrofood\/"},"modified":"2025-02-12T12:44:25","modified_gmt":"2025-02-12T11:44:25","slug":"participation-de-feedcom-a-la-20eme-et-21eme-editions-du-salon-sipsa-filaha-et-agrofood","status":"publish","type":"page","link":"https:\/\/feedcom.tn\/fr\/activites\/participation-de-feedcom-a-la-20eme-et-21eme-editions-du-salon-sipsa-filaha-et-agrofood\/","title":{"rendered":"Participation de FEEDCOM \u00e0 la 20\u00e8me et 21\u00e8me \u00e9ditions du Salon SIPSA-FILAHA et AGROFOOD"},"content":{"rendered":"\t\t<div data-elementor-type=\"wp-page\" data-elementor-id=\"32983\" class=\"elementor elementor-32983 elementor-29838\" data-elementor-post-type=\"page\">\n\t\t\t\t\r\n\t\t<div class=\"default no-position show_shadow rs-sticky-default elementor-element elementor-element-31d1f605 e-flex e-con-boxed e-con e-parent\" data-id=\"31d1f605\" data-element_type=\"container\">\n\t\t\t\t\t<div class=\"e-con-inner\">\n\t\t\r\n\t\t\t\t<div class=\"elementor-element elementor-element-5ad5724d elementor-widget elementor-widget-rs-breadcrumb\" data-id=\"5ad5724d\" data-element_type=\"widget\" data-widget_type=\"rs-breadcrumb.default\">\n\t\t\t\t<div class=\"elementor-widget-container\">\n\t\t\t\t\t                    <div class=\"breadcrumb-area style1\"> \n                <div class=\"breadcrumbs-inner\"> \n                    <!-- Breadcrumb NavXT 7.4.1 -->\n<span property=\"itemListElement\" typeof=\"ListItem\"><a property=\"item\" typeof=\"WebPage\" title=\"Aller \u00e0 Feedcom.\" href=\"https:\/\/feedcom.tn\/fr\/\" class=\"home\" aria-current=\"page\"><span property=\"name\">Feedcom<\/span><\/a><meta property=\"position\" content=\"1\"><\/span>                <\/div>\n            <\/div> \n          \n    \t\t\t\t<\/div>\n\t\t\t\t<\/div>\n\t\t\t\t\t<\/div>\n\t\t\t\t<\/div>\n\t\t\r\n\t\t<div class=\"default no-position show_shadow rs-sticky-default elementor-element elementor-element-5f73a6d e-flex e-con-boxed e-con e-parent\" data-id=\"5f73a6d\" data-element_type=\"container\">\n\t\t\t\t\t<div class=\"e-con-inner\">\n\t\t\r\n\t\t<div class=\"default no-position show_shadow rs-sticky-default elementor-element elementor-element-5bd9af8 e-con-full e-flex e-con e-child\" data-id=\"5bd9af8\" data-element_type=\"container\">\n\t\t\r\n\t\t<div class=\"default no-position show_shadow rs-sticky-default elementor-element elementor-element-572f4959 e-con-full e-flex e-con e-child\" data-id=\"572f4959\" data-element_type=\"container\">\n\t\t\r\n\t\t\t\t<div class=\"elementor-element elementor-element-63199203 elementor-widget elementor-widget-image\" data-id=\"63199203\" data-element_type=\"widget\" data-widget_type=\"image.default\">\n\t\t\t\t<div class=\"elementor-widget-container\">\n\t\t\t\t\t\t\t\t\t\t\t\t\t\t\t<img fetchpriority=\"high\" decoding=\"async\" width=\"742\" height=\"391\" src=\"https:\/\/feedcom.tn\/wp-content\/uploads\/2024\/11\/sipsa-filaha-copie.png\" class=\"attachment-full size-full wp-image-32563\" alt=\"\" srcset=\"https:\/\/feedcom.tn\/wp-content\/uploads\/2024\/11\/sipsa-filaha-copie.png 742w, https:\/\/feedcom.tn\/wp-content\/uploads\/2024\/11\/sipsa-filaha-copie-300x158.png 300w, https:\/\/feedcom.tn\/wp-content\/uploads\/2024\/11\/sipsa-filaha-copie-600x316.png 600w\" sizes=\"(max-width: 742px) 100vw, 742px\" \/>\t\t\t\t\t\t\t\t\t\t\t\t\t\t\t<\/div>\n\t\t\t\t<\/div>\n\t\t\r\n\t\t\t\t<div class=\"elementor-element elementor-element-67d6ff7a elementor-widget elementor-widget-heading\" data-id=\"67d6ff7a\" data-element_type=\"widget\" data-widget_type=\"heading.default\">\n\t\t\t\t<div class=\"elementor-widget-container\">\n\t\t\t\t\t<h1 class=\"elementor-heading-title elementor-size-default\">Participation de FEEDCOM \u00e0 la 20\u00e8me et 21\u00e8me \u00e9ditions du Salon SIPSA-FILAHA et AGROFOOD<\/h1>\t\t\t\t<\/div>\n\t\t\t\t<\/div>\n\t\t\r\n\t\t\t\t<div class=\"elementor-element elementor-element-690f1e10 elementor-widget elementor-widget-text-editor\" data-id=\"690f1e10\" data-element_type=\"widget\" data-widget_type=\"text-editor.default\">\n\t\t\t\t<div class=\"elementor-widget-container\">\n\t\t\t\t\t\t\t\t\t<p><strong><em>Mars 2022-Mai 2023<\/em><\/strong><\/p>\t\t\t\t\t\t\t\t<\/div>\n\t\t\t\t<\/div>\n\t\t\r\n\t\t\t\t<div class=\"elementor-element elementor-element-55bc4dcc elementor-widget elementor-widget-text-editor\" data-id=\"55bc4dcc\" data-element_type=\"widget\" data-widget_type=\"text-editor.default\">\n\t\t\t\t<div class=\"elementor-widget-container\">\n\t\t\t\t\t\t\t\t\t<p>FEEDCOM a particip\u00e9 avec succ\u00e8s aux 20\u00e8me et 21\u00e8me \u00e9ditions du Salon SIPSA FILAHA et AGROFOOD \u00e0 Alger. Ces \u00e9v\u00e9nements ont constitu\u00e9 des plateformes essentielles pour mettre en avant nos produits et nos innovations en nutrition animale. Notre pr\u00e9sence a non seulement renforc\u00e9 notre visibilit\u00e9 sur le march\u00e9 alg\u00e9rien, mais a \u00e9galement permis d&rsquo;interagir avec de nombreux professionnels et partenaires du secteur. Ces participations illustrent notre engagement \u00e0 soutenir le d\u00e9veloppement de l&rsquo;agriculture en Afrique et \u00e0 int\u00e9grer le march\u00e9 Alg\u00e9rien tout en r\u00e9pondant aux besoins croissants de ce secteur dynamique.<\/p>\t\t\t\t\t\t\t\t<\/div>\n\t\t\t\t<\/div>\n\t\t\t\t<\/div>\n\t\t\t\t<\/div>\n\t\t\t\t\t<\/div>\n\t\t\t\t<\/div>\n\t\t\t\t<\/div>\n\t\t","protected":false},"excerpt":{"rendered":"<p>Feedcom Participation de FEEDCOM \u00e0 la 20\u00e8me et 21\u00e8me \u00e9ditions du Salon SIPSA-FILAHA et AGROFOOD Mars 2022-Mai 2023 FEEDCOM a particip\u00e9 avec succ\u00e8s aux 20\u00e8me et 21\u00e8me \u00e9ditions du Salon SIPSA FILAHA et AGROFOOD \u00e0 Alger. Ces \u00e9v\u00e9nements ont constitu\u00e9 des plateformes essentielles pour mettre en avant nos produits et nos innovations en nutrition animale&#8230;.<\/p>\n","protected":false},"author":1,"featured_media":0,"parent":32708,"menu_order":0,"comment_status":"closed","ping_status":"closed","template":"elementor_header_footer","meta":{"footnotes":""},"class_list":["post-32983","page","type-page","status-publish","hentry"],"_links":{"self":[{"href":"https:\/\/feedcom.tn\/fr\/wp-json\/wp\/v2\/pages\/32983","targetHints":{"allow":["GET"]}}],"collection":[{"href":"https:\/\/feedcom.tn\/fr\/wp-json\/wp\/v2\/pages"}],"about":[{"href":"https:\/\/feedcom.tn\/fr\/wp-json\/wp\/v2\/types\/page"}],"author":[{"embeddable":true,"href":"https:\/\/feedcom.tn\/fr\/wp-json\/wp\/v2\/users\/1"}],"replies":[{"embeddable":true,"href":"https:\/\/feedcom.tn\/fr\/wp-json\/wp\/v2\/comments?post=32983"}],"version-history":[{"count":7,"href":"https:\/\/feedcom.tn\/fr\/wp-json\/wp\/v2\/pages\/32983\/revisions"}],"predecessor-version":[{"id":33666,"href":"https:\/\/feedcom.tn\/fr\/wp-json\/wp\/v2\/pages\/32983\/revisions\/33666"}],"up":[{"embeddable":true,"href":"https:\/\/feedcom.tn\/fr\/wp-json\/wp\/v2\/pages\/32708"}],"wp:attachment":[{"href":"https:\/\/feedcom.tn\/fr\/wp-json\/wp\/v2\/media?parent=32983"}],"curies":[{"name":"wp","href":"https:\/\/api.w.org\/{rel}","templated":true}]}}