{"id":32977,"date":"2024-11-13T15:41:11","date_gmt":"2024-11-13T14:41:11","guid":{"rendered":"https:\/\/feedcom.tn\/activites\/participation-de-feedcom-a-la-22eme-edition-du-salon-avicole-au-maroc\/"},"modified":"2025-02-12T12:44:38","modified_gmt":"2025-02-12T11:44:38","slug":"participation-de-feedcom-a-la-22eme-edition-du-salon-avicole-au-maroc","status":"publish","type":"page","link":"https:\/\/feedcom.tn\/fr\/activites\/participation-de-feedcom-a-la-22eme-edition-du-salon-avicole-au-maroc\/","title":{"rendered":"Participation de FEEDCOM \u00e0 la 22\u00e8me \u00e9dition du Salon Avicole au Maroc"},"content":{"rendered":"\t\t<div data-elementor-type=\"wp-page\" data-elementor-id=\"32977\" class=\"elementor elementor-32977 elementor-29828\" data-elementor-post-type=\"page\">\n\t\t\t\t\r\n\t\t<div class=\"default no-position show_shadow rs-sticky-default elementor-element elementor-element-297d8930 e-flex e-con-boxed e-con e-parent\" data-id=\"297d8930\" data-element_type=\"container\">\n\t\t\t\t\t<div class=\"e-con-inner\">\n\t\t\r\n\t\t\t\t<div class=\"elementor-element elementor-element-7e979edb elementor-widget elementor-widget-rs-breadcrumb\" data-id=\"7e979edb\" data-element_type=\"widget\" data-widget_type=\"rs-breadcrumb.default\">\n\t\t\t\t<div class=\"elementor-widget-container\">\n\t\t\t\t\t                    <div class=\"breadcrumb-area style1\"> \n                <div class=\"breadcrumbs-inner\"> \n                    <!-- Breadcrumb NavXT 7.4.1 -->\n<span property=\"itemListElement\" typeof=\"ListItem\"><a property=\"item\" typeof=\"WebPage\" title=\"Aller \u00e0 Feedcom.\" href=\"https:\/\/feedcom.tn\/fr\/\" class=\"home\" aria-current=\"page\"><span property=\"name\">Feedcom<\/span><\/a><meta property=\"position\" content=\"1\"><\/span>                <\/div>\n            <\/div> \n          \n    \t\t\t\t<\/div>\n\t\t\t\t<\/div>\n\t\t\t\t\t<\/div>\n\t\t\t\t<\/div>\n\t\t\r\n\t\t<div class=\"default no-position show_shadow rs-sticky-default elementor-element elementor-element-39375520 e-flex e-con-boxed e-con e-parent\" data-id=\"39375520\" data-element_type=\"container\">\n\t\t\t\t\t<div class=\"e-con-inner\">\n\t\t\r\n\t\t<div class=\"default no-position show_shadow rs-sticky-default elementor-element elementor-element-799dc69b e-con-full e-flex e-con e-child\" data-id=\"799dc69b\" data-element_type=\"container\">\n\t\t\r\n\t\t<div class=\"default no-position show_shadow rs-sticky-default elementor-element elementor-element-4cb90a2e e-con-full e-flex e-con e-child\" data-id=\"4cb90a2e\" data-element_type=\"container\">\n\t\t\r\n\t\t\t\t<div class=\"elementor-element elementor-element-795d0be3 elementor-widget elementor-widget-image\" data-id=\"795d0be3\" data-element_type=\"widget\" data-widget_type=\"image.default\">\n\t\t\t\t<div class=\"elementor-widget-container\">\n\t\t\t\t\t\t\t\t\t\t\t\t\t\t\t<img fetchpriority=\"high\" decoding=\"async\" width=\"391\" height=\"391\" src=\"https:\/\/feedcom.tn\/wp-content\/uploads\/2024\/11\/Dawajine-.png\" class=\"attachment-full size-full wp-image-32557\" alt=\"\" srcset=\"https:\/\/feedcom.tn\/wp-content\/uploads\/2024\/11\/Dawajine-.png 391w, https:\/\/feedcom.tn\/wp-content\/uploads\/2024\/11\/Dawajine--300x300.png 300w, https:\/\/feedcom.tn\/wp-content\/uploads\/2024\/11\/Dawajine--150x150.png 150w, https:\/\/feedcom.tn\/wp-content\/uploads\/2024\/11\/Dawajine--100x100.png 100w\" sizes=\"(max-width: 391px) 100vw, 391px\" \/>\t\t\t\t\t\t\t\t\t\t\t\t\t\t\t<\/div>\n\t\t\t\t<\/div>\n\t\t\r\n\t\t\t\t<div class=\"elementor-element elementor-element-27cce6d2 elementor-widget elementor-widget-heading\" data-id=\"27cce6d2\" data-element_type=\"widget\" data-widget_type=\"heading.default\">\n\t\t\t\t<div class=\"elementor-widget-container\">\n\t\t\t\t\t<h1 class=\"elementor-heading-title elementor-size-default\">Participation de FEEDCOM \u00e0 la 22\u00e8me \u00e9dition du Salon Avicole au Maroc, sous le th\u00e8me \"Le secteur avicole, levier pour l'emploi dans le monde rural\"<\/h1>\t\t\t\t<\/div>\n\t\t\t\t<\/div>\n\t\t\r\n\t\t\t\t<div class=\"elementor-element elementor-element-5fc84033 elementor-widget elementor-widget-text-editor\" data-id=\"5fc84033\" data-element_type=\"widget\" data-widget_type=\"text-editor.default\">\n\t\t\t\t<div class=\"elementor-widget-container\">\n\t\t\t\t\t\t\t\t\t<p><strong><em>Octobre 2019<\/em><\/strong><\/p>\t\t\t\t\t\t\t\t<\/div>\n\t\t\t\t<\/div>\n\t\t\r\n\t\t\t\t<div class=\"elementor-element elementor-element-b46b76b elementor-widget elementor-widget-text-editor\" data-id=\"b46b76b\" data-element_type=\"widget\" data-widget_type=\"text-editor.default\">\n\t\t\t\t<div class=\"elementor-widget-container\">\n\t\t\t\t\t\t\t\t\t<p>Dans le cadre de notre engagement \u00e0 soutenir et d\u00e9velopper le secteur avicole, nous avons particip\u00e9 \u00e0 cet \u00e9v\u00e9nement qui soulignait l&rsquo;importance de cette fili\u00e8re dans le soutien au d\u00e9veloppement \u00e9conomique et social des zones rurales. Sur notre stand, notre \u00e9quipe \u00e9tait pr\u00e9sente pour accueillir les visiteurs et leur pr\u00e9senter un large \u00e9ventail de nos produits, ainsi que nos innovations r\u00e9centes dans le domaine des compl\u00e9ments min\u00e9raux et vitamin\u00e9s pour animaux. Nous avons \u00e9galement saisi cette opportunit\u00e9 pour \u00e9changer avec les visiteurs et partenaires, partageant expertises et savoir-faire dans ce secteur strat\u00e9gique.<\/p>\t\t\t\t\t\t\t\t<\/div>\n\t\t\t\t<\/div>\n\t\t\t\t<\/div>\n\t\t\t\t<\/div>\n\t\t\t\t\t<\/div>\n\t\t\t\t<\/div>\n\t\t\t\t<\/div>\n\t\t","protected":false},"excerpt":{"rendered":"<p>Feedcom Participation de FEEDCOM \u00e0 la 22\u00e8me \u00e9dition du Salon Avicole au Maroc, sous le th\u00e8me \u00ab\u00a0Le secteur avicole, levier pour l&#8217;emploi dans le monde rural\u00a0\u00bb Octobre 2019 Dans le cadre de notre engagement \u00e0 soutenir et d\u00e9velopper le secteur avicole, nous avons particip\u00e9 \u00e0 cet \u00e9v\u00e9nement qui soulignait l&rsquo;importance de cette fili\u00e8re dans le&#8230;<\/p>\n","protected":false},"author":1,"featured_media":0,"parent":32708,"menu_order":0,"comment_status":"closed","ping_status":"closed","template":"elementor_header_footer","meta":{"footnotes":""},"class_list":["post-32977","page","type-page","status-publish","hentry"],"_links":{"self":[{"href":"https:\/\/feedcom.tn\/fr\/wp-json\/wp\/v2\/pages\/32977","targetHints":{"allow":["GET"]}}],"collection":[{"href":"https:\/\/feedcom.tn\/fr\/wp-json\/wp\/v2\/pages"}],"about":[{"href":"https:\/\/feedcom.tn\/fr\/wp-json\/wp\/v2\/types\/page"}],"author":[{"embeddable":true,"href":"https:\/\/feedcom.tn\/fr\/wp-json\/wp\/v2\/users\/1"}],"replies":[{"embeddable":true,"href":"https:\/\/feedcom.tn\/fr\/wp-json\/wp\/v2\/comments?post=32977"}],"version-history":[{"count":7,"href":"https:\/\/feedcom.tn\/fr\/wp-json\/wp\/v2\/pages\/32977\/revisions"}],"predecessor-version":[{"id":33669,"href":"https:\/\/feedcom.tn\/fr\/wp-json\/wp\/v2\/pages\/32977\/revisions\/33669"}],"up":[{"embeddable":true,"href":"https:\/\/feedcom.tn\/fr\/wp-json\/wp\/v2\/pages\/32708"}],"wp:attachment":[{"href":"https:\/\/feedcom.tn\/fr\/wp-json\/wp\/v2\/media?parent=32977"}],"curies":[{"name":"wp","href":"https:\/\/api.w.org\/{rel}","templated":true}]}}