{"id":32971,"date":"2024-11-13T15:39:43","date_gmt":"2024-11-13T14:39:43","guid":{"rendered":"https:\/\/feedcom.tn\/activites\/participation-de-feedcom-a-la-5eme-edition-du-salon-sara\/"},"modified":"2025-02-12T12:45:02","modified_gmt":"2025-02-12T11:45:02","slug":"participation-de-feedcom-a-la-5eme-edition-du-salon-sara","status":"publish","type":"page","link":"https:\/\/feedcom.tn\/fr\/activites\/participation-de-feedcom-a-la-5eme-edition-du-salon-sara\/","title":{"rendered":"Participation de FEEDCOM \u00e0 la 5\u00e8me \u00e9dition du Salon SARA"},"content":{"rendered":"\t\t<div data-elementor-type=\"wp-page\" data-elementor-id=\"32971\" class=\"elementor elementor-32971 elementor-29829\" data-elementor-post-type=\"page\">\n\t\t\t\t\r\n\t\t<div class=\"default no-position show_shadow rs-sticky-default elementor-element elementor-element-436140ce e-flex e-con-boxed e-con e-parent\" data-id=\"436140ce\" data-element_type=\"container\">\n\t\t\t\t\t<div class=\"e-con-inner\">\n\t\t\r\n\t\t\t\t<div class=\"elementor-element elementor-element-46067c79 elementor-widget elementor-widget-rs-breadcrumb\" data-id=\"46067c79\" data-element_type=\"widget\" data-widget_type=\"rs-breadcrumb.default\">\n\t\t\t\t<div class=\"elementor-widget-container\">\n\t\t\t\t\t                    <div class=\"breadcrumb-area style1\"> \n                <div class=\"breadcrumbs-inner\"> \n                    <!-- Breadcrumb NavXT 7.4.1 -->\n<span property=\"itemListElement\" typeof=\"ListItem\"><a property=\"item\" typeof=\"WebPage\" title=\"Aller \u00e0 Feedcom.\" href=\"https:\/\/feedcom.tn\/fr\/\" class=\"home\" aria-current=\"page\"><span property=\"name\">Feedcom<\/span><\/a><meta property=\"position\" content=\"1\"><\/span>                <\/div>\n            <\/div> \n          \n    \t\t\t\t<\/div>\n\t\t\t\t<\/div>\n\t\t\t\t\t<\/div>\n\t\t\t\t<\/div>\n\t\t\r\n\t\t<div class=\"default no-position show_shadow rs-sticky-default elementor-element elementor-element-3e35674c e-flex e-con-boxed e-con e-parent\" data-id=\"3e35674c\" data-element_type=\"container\">\n\t\t\t\t\t<div class=\"e-con-inner\">\n\t\t\r\n\t\t<div class=\"default no-position show_shadow rs-sticky-default elementor-element elementor-element-1501e8fb e-con-full e-flex e-con e-child\" data-id=\"1501e8fb\" data-element_type=\"container\">\n\t\t\r\n\t\t<div class=\"default no-position show_shadow rs-sticky-default elementor-element elementor-element-2f633020 e-con-full e-flex e-con e-child\" data-id=\"2f633020\" data-element_type=\"container\">\n\t\t\r\n\t\t\t\t<div class=\"elementor-element elementor-element-4965f9fb elementor-widget elementor-widget-image\" data-id=\"4965f9fb\" data-element_type=\"widget\" data-widget_type=\"image.default\">\n\t\t\t\t<div class=\"elementor-widget-container\">\n\t\t\t\t\t\t\t\t\t\t\t\t\t\t\t<img fetchpriority=\"high\" decoding=\"async\" width=\"913\" height=\"391\" src=\"https:\/\/feedcom.tn\/wp-content\/uploads\/2024\/11\/telecharger-1.jpg\" class=\"attachment-full size-full wp-image-32565\" alt=\"\" srcset=\"https:\/\/feedcom.tn\/wp-content\/uploads\/2024\/11\/telecharger-1.jpg 913w, https:\/\/feedcom.tn\/wp-content\/uploads\/2024\/11\/telecharger-1-300x128.jpg 300w, https:\/\/feedcom.tn\/wp-content\/uploads\/2024\/11\/telecharger-1-768x329.jpg 768w, https:\/\/feedcom.tn\/wp-content\/uploads\/2024\/11\/telecharger-1-600x257.jpg 600w\" sizes=\"(max-width: 913px) 100vw, 913px\" \/>\t\t\t\t\t\t\t\t\t\t\t\t\t\t\t<\/div>\n\t\t\t\t<\/div>\n\t\t\r\n\t\t\t\t<div class=\"elementor-element elementor-element-439e2388 elementor-widget elementor-widget-heading\" data-id=\"439e2388\" data-element_type=\"widget\" data-widget_type=\"heading.default\">\n\t\t\t\t<div class=\"elementor-widget-container\">\n\t\t\t\t\t<h1 class=\"elementor-heading-title elementor-size-default\">Participation de FEEDCOM \u00e0 la 5\u00e8me \u00e9dition du Salon SARA ax\u00e9e sur l'avenir de l'agriculture avec pour th\u00e8me \"Agriculture intelligente et innovations technologiques\"<\/h1>\t\t\t\t<\/div>\n\t\t\t\t<\/div>\n\t\t\r\n\t\t\t\t<div class=\"elementor-element elementor-element-2efc455f elementor-widget elementor-widget-text-editor\" data-id=\"2efc455f\" data-element_type=\"widget\" data-widget_type=\"text-editor.default\">\n\t\t\t\t<div class=\"elementor-widget-container\">\n\t\t\t\t\t\t\t\t\t<p><strong><em>Novembre 2019<\/em><\/strong><\/p>\t\t\t\t\t\t\t\t<\/div>\n\t\t\t\t<\/div>\n\t\t\r\n\t\t\t\t<div class=\"elementor-element elementor-element-2f837a51 elementor-widget elementor-widget-text-editor\" data-id=\"2f837a51\" data-element_type=\"widget\" data-widget_type=\"text-editor.default\">\n\t\t\t\t<div class=\"elementor-widget-container\">\n\t\t\t\t\t\t\t\t\tFEEDCOM a marqu\u00e9 de son empreinte le Salon International de l&rsquo;Agriculture et des Ressources Animales SARA 2019. En tant qu&rsquo;acteur majeur de l&rsquo;alimentation animale en Afrique, nous avons \u00e9t\u00e9 fiers de participer \u00e0 ce grand rendez vous de l&rsquo;agriculture o\u00f9 nous avons pr\u00e9sent\u00e9 nos derni\u00e8res solutions en nutrition animale. Cet \u00e9v\u00e9nement a constitu\u00e9 une occasion unique pour exposer nos produits et services \u00e0 un large public, et interagir avec des visiteurs venus de toute l&rsquo;Afrique. Cette manifestation a \u00e9t\u00e9 une opportunit\u00e9 id\u00e9ale pour \u00e9largir notre r\u00e9seau de partenaires \u00e0 travers le continent africain.\n\t\t\t\t\t\t\t\t<\/div>\n\t\t\t\t<\/div>\n\t\t\t\t<\/div>\n\t\t\t\t<\/div>\n\t\t\t\t\t<\/div>\n\t\t\t\t<\/div>\n\t\t\t\t<\/div>\n\t\t","protected":false},"excerpt":{"rendered":"<p>Feedcom Participation de FEEDCOM \u00e0 la 5\u00e8me \u00e9dition du Salon SARA ax\u00e9e sur l&rsquo;avenir de l&rsquo;agriculture avec pour th\u00e8me \u00ab\u00a0Agriculture intelligente et innovations technologiques\u00a0\u00bb Novembre 2019 FEEDCOM a marqu\u00e9 de son empreinte le Salon International de l&rsquo;Agriculture et des Ressources Animales SARA 2019. En tant qu&rsquo;acteur majeur de l&rsquo;alimentation animale en Afrique, nous avons \u00e9t\u00e9&#8230;<\/p>\n","protected":false},"author":1,"featured_media":0,"parent":32708,"menu_order":0,"comment_status":"closed","ping_status":"closed","template":"elementor_header_footer","meta":{"footnotes":""},"class_list":["post-32971","page","type-page","status-publish","hentry"],"_links":{"self":[{"href":"https:\/\/feedcom.tn\/fr\/wp-json\/wp\/v2\/pages\/32971","targetHints":{"allow":["GET"]}}],"collection":[{"href":"https:\/\/feedcom.tn\/fr\/wp-json\/wp\/v2\/pages"}],"about":[{"href":"https:\/\/feedcom.tn\/fr\/wp-json\/wp\/v2\/types\/page"}],"author":[{"embeddable":true,"href":"https:\/\/feedcom.tn\/fr\/wp-json\/wp\/v2\/users\/1"}],"replies":[{"embeddable":true,"href":"https:\/\/feedcom.tn\/fr\/wp-json\/wp\/v2\/comments?post=32971"}],"version-history":[{"count":7,"href":"https:\/\/feedcom.tn\/fr\/wp-json\/wp\/v2\/pages\/32971\/revisions"}],"predecessor-version":[{"id":33675,"href":"https:\/\/feedcom.tn\/fr\/wp-json\/wp\/v2\/pages\/32971\/revisions\/33675"}],"up":[{"embeddable":true,"href":"https:\/\/feedcom.tn\/fr\/wp-json\/wp\/v2\/pages\/32708"}],"wp:attachment":[{"href":"https:\/\/feedcom.tn\/fr\/wp-json\/wp\/v2\/media?parent=32971"}],"curies":[{"name":"wp","href":"https:\/\/api.w.org\/{rel}","templated":true}]}}