{"id":32962,"date":"2024-11-13T15:37:47","date_gmt":"2024-11-13T14:37:47","guid":{"rendered":"https:\/\/feedcom.tn\/activites\/participation-annuelle-de-feedcom-au-salon-pamed-en-tunisie\/"},"modified":"2025-02-12T12:44:05","modified_gmt":"2025-02-12T11:44:05","slug":"participation-annuelle-de-feedcom-au-salon-pamed-en-tunisie","status":"publish","type":"page","link":"https:\/\/feedcom.tn\/fr\/activites\/participation-annuelle-de-feedcom-au-salon-pamed-en-tunisie\/","title":{"rendered":"Participation annuelle de FEEDCOM au Salon PAMED en Tunisie"},"content":{"rendered":"\t\t<div data-elementor-type=\"wp-page\" data-elementor-id=\"32962\" class=\"elementor elementor-32962 elementor-29823\" data-elementor-post-type=\"page\">\n\t\t\t\t\r\n\t\t<div class=\"default no-position show_shadow rs-sticky-default elementor-element elementor-element-6668f6a e-flex e-con-boxed e-con e-parent\" data-id=\"6668f6a\" data-element_type=\"container\">\n\t\t\t\t\t<div class=\"e-con-inner\">\n\t\t\r\n\t\t\t\t<div class=\"elementor-element elementor-element-ca277e7 elementor-widget elementor-widget-rs-breadcrumb\" data-id=\"ca277e7\" data-element_type=\"widget\" data-widget_type=\"rs-breadcrumb.default\">\n\t\t\t\t<div class=\"elementor-widget-container\">\n\t\t\t\t\t                    <div class=\"breadcrumb-area style1\"> \n                <div class=\"breadcrumbs-inner\"> \n                    <!-- Breadcrumb NavXT 7.4.1 -->\n<span property=\"itemListElement\" typeof=\"ListItem\"><a property=\"item\" typeof=\"WebPage\" title=\"Aller \u00e0 Feedcom.\" href=\"https:\/\/feedcom.tn\/fr\/\" class=\"home\" aria-current=\"page\"><span property=\"name\">Feedcom<\/span><\/a><meta property=\"position\" content=\"1\"><\/span>                <\/div>\n            <\/div> \n          \n    \t\t\t\t<\/div>\n\t\t\t\t<\/div>\n\t\t\t\t\t<\/div>\n\t\t\t\t<\/div>\n\t\t\r\n\t\t<div class=\"default no-position show_shadow rs-sticky-default elementor-element elementor-element-0eca654 e-flex e-con-boxed e-con e-parent\" data-id=\"0eca654\" data-element_type=\"container\">\n\t\t\t\t\t<div class=\"e-con-inner\">\n\t\t\r\n\t\t<div class=\"default no-position show_shadow rs-sticky-default elementor-element elementor-element-ea55fdb e-con-full e-flex e-con e-child\" data-id=\"ea55fdb\" data-element_type=\"container\">\n\t\t\r\n\t\t<div class=\"default no-position show_shadow rs-sticky-default elementor-element elementor-element-032cd82 e-con-full e-flex e-con e-child\" data-id=\"032cd82\" data-element_type=\"container\">\n\t\t\r\n\t\t\t\t<div class=\"elementor-element elementor-element-11ad405 elementor-widget elementor-widget-image\" data-id=\"11ad405\" data-element_type=\"widget\" data-widget_type=\"image.default\">\n\t\t\t\t<div class=\"elementor-widget-container\">\n\t\t\t\t\t\t\t\t\t\t\t\t\t\t\t<img fetchpriority=\"high\" decoding=\"async\" width=\"616\" height=\"391\" src=\"https:\/\/feedcom.tn\/wp-content\/uploads\/2024\/11\/PAMED-1.jpg\" class=\"attachment-full size-full wp-image-32559\" alt=\"\" srcset=\"https:\/\/feedcom.tn\/wp-content\/uploads\/2024\/11\/PAMED-1.jpg 616w, https:\/\/feedcom.tn\/wp-content\/uploads\/2024\/11\/PAMED-1-300x190.jpg 300w, https:\/\/feedcom.tn\/wp-content\/uploads\/2024\/11\/PAMED-1-600x381.jpg 600w\" sizes=\"(max-width: 616px) 100vw, 616px\" \/>\t\t\t\t\t\t\t\t\t\t\t\t\t\t\t<\/div>\n\t\t\t\t<\/div>\n\t\t\r\n\t\t\t\t<div class=\"elementor-element elementor-element-e07251b elementor-widget elementor-widget-heading\" data-id=\"e07251b\" data-element_type=\"widget\" data-widget_type=\"heading.default\">\n\t\t\t\t<div class=\"elementor-widget-container\">\n\t\t\t\t\t<h1 class=\"elementor-heading-title elementor-size-default\">Participation annuelle de FEEDCOM au Salon PAMED en Tunisie\n<\/h1>\t\t\t\t<\/div>\n\t\t\t\t<\/div>\n\t\t\r\n\t\t\t\t<div class=\"elementor-element elementor-element-1fde532 elementor-widget elementor-widget-text-editor\" data-id=\"1fde532\" data-element_type=\"widget\" data-widget_type=\"text-editor.default\">\n\t\t\t\t<div class=\"elementor-widget-container\">\n\t\t\t\t\t\t\t\t\t<p><strong><em>Mai 2018-Mai 2024<\/em><\/strong><\/p>\t\t\t\t\t\t\t\t<\/div>\n\t\t\t\t<\/div>\n\t\t\r\n\t\t\t\t<div class=\"elementor-element elementor-element-1e2d2ed elementor-widget elementor-widget-text-editor\" data-id=\"1e2d2ed\" data-element_type=\"widget\" data-widget_type=\"text-editor.default\">\n\t\t\t\t<div class=\"elementor-widget-container\">\n\t\t\t\t\t\t\t\t\t<p>Depuis 2018, FEEDCOM participe annuellement avec succ\u00e8s au Salon m\u00e9diterran\u00e9en des productions animales et de l&rsquo;\u00e9levage (PAMED). Cet \u00e9v\u00e9nement est une occasion privil\u00e9gi\u00e9e pour pr\u00e9senter nos Premix et nos derni\u00e8res solutions en nutrition animale. Il offre une excellente opportunit\u00e9 d&rsquo;\u00e9changer avec nos clients et les acteurs du secteur en Tunisie, tout en renfor\u00e7ant notre position de leader. Il r\u00e9affirme \u00e9galement notre engagement \u00e0 accompagner le d\u00e9veloppement du secteur avicole avec des solutions r\u00e9pondant aux exigences croissantes du march\u00e9 mondial.<\/p>\t\t\t\t\t\t\t\t<\/div>\n\t\t\t\t<\/div>\n\t\t\t\t<\/div>\n\t\t\t\t<\/div>\n\t\t\t\t\t<\/div>\n\t\t\t\t<\/div>\n\t\t\t\t<\/div>\n\t\t","protected":false},"excerpt":{"rendered":"<p>Feedcom Participation annuelle de FEEDCOM au Salon PAMED en Tunisie Mai 2018-Mai 2024 Depuis 2018, FEEDCOM participe annuellement avec succ\u00e8s au Salon m\u00e9diterran\u00e9en des productions animales et de l&rsquo;\u00e9levage (PAMED). Cet \u00e9v\u00e9nement est une occasion privil\u00e9gi\u00e9e pour pr\u00e9senter nos Premix et nos derni\u00e8res solutions en nutrition animale. Il offre une excellente opportunit\u00e9 d&rsquo;\u00e9changer avec nos&#8230;<\/p>\n","protected":false},"author":1,"featured_media":0,"parent":32708,"menu_order":0,"comment_status":"closed","ping_status":"closed","template":"elementor_header_footer","meta":{"footnotes":""},"class_list":["post-32962","page","type-page","status-publish","hentry"],"_links":{"self":[{"href":"https:\/\/feedcom.tn\/fr\/wp-json\/wp\/v2\/pages\/32962","targetHints":{"allow":["GET"]}}],"collection":[{"href":"https:\/\/feedcom.tn\/fr\/wp-json\/wp\/v2\/pages"}],"about":[{"href":"https:\/\/feedcom.tn\/fr\/wp-json\/wp\/v2\/types\/page"}],"author":[{"embeddable":true,"href":"https:\/\/feedcom.tn\/fr\/wp-json\/wp\/v2\/users\/1"}],"replies":[{"embeddable":true,"href":"https:\/\/feedcom.tn\/fr\/wp-json\/wp\/v2\/comments?post=32962"}],"version-history":[{"count":10,"href":"https:\/\/feedcom.tn\/fr\/wp-json\/wp\/v2\/pages\/32962\/revisions"}],"predecessor-version":[{"id":33660,"href":"https:\/\/feedcom.tn\/fr\/wp-json\/wp\/v2\/pages\/32962\/revisions\/33660"}],"up":[{"embeddable":true,"href":"https:\/\/feedcom.tn\/fr\/wp-json\/wp\/v2\/pages\/32708"}],"wp:attachment":[{"href":"https:\/\/feedcom.tn\/fr\/wp-json\/wp\/v2\/media?parent=32962"}],"curies":[{"name":"wp","href":"https:\/\/api.w.org\/{rel}","templated":true}]}}