{"id":32956,"date":"2024-03-08T11:29:26","date_gmt":"2024-03-08T10:29:26","guid":{"rendered":"https:\/\/feedcom.tn\/controle-qualite\/"},"modified":"2025-05-17T15:26:22","modified_gmt":"2025-05-17T13:26:22","slug":"controle-qualite","status":"publish","type":"page","link":"https:\/\/feedcom.tn\/fr\/controle-qualite\/","title":{"rendered":"Contr\u00f4le qualit\u00e9"},"content":{"rendered":"\t\t<div data-elementor-type=\"wp-page\" data-elementor-id=\"32956\" class=\"elementor elementor-32956 elementor-27283\" data-elementor-post-type=\"page\">\n\t\t\t\t\r\n\t\t<div class=\"default no-position show_shadow rs-sticky-default elementor-element elementor-element-795da2d e-flex e-con-boxed e-con e-parent\" data-id=\"795da2d\" data-element_type=\"container\" data-settings=\"{&quot;background_background&quot;:&quot;classic&quot;}\">\n\t\t\t\t\t<div class=\"e-con-inner\">\n\t\t\r\n\t\t<div class=\"default no-position show_shadow rs-sticky-default elementor-element elementor-element-609559ef e-flex e-con-boxed e-con e-child\" data-id=\"609559ef\" data-element_type=\"container\">\n\t\t\t\t\t<div class=\"e-con-inner\">\n\t\t\r\n\t\t<div class=\"default no-position show_shadow rs-sticky-default elementor-element elementor-element-687afe8e e-con-full e-flex e-con e-child\" data-id=\"687afe8e\" data-element_type=\"container\">\n\t\t\r\n\t\t\t\t<div class=\"elementor-element elementor-element-2f4e24 elementor-widget elementor-widget-page-title\" data-id=\"2f4e24\" data-element_type=\"widget\" data-widget_type=\"page-title.default\">\n\t\t\t\t<div class=\"elementor-widget-container\">\n\t\t\t\t\t\t\t\n\t\t<div class=\"hfe-page-title hfe-page-title-wrapper elementor-widget-heading\">\n\t\t\t\n\t\t\t<h1 class=\"elementor-heading-title elementor-size\">\n\t\t\t\tContr\u00f4le qualit\u00e9\t\t\t \n\t\t\t<\/h1 > \n\n\t\t\t\t\t\t\t\t<\/div>\n\t\t\t\t\t\t<\/div>\n\t\t\t\t<\/div>\n\t\t\r\n\t\t\t\t<div class=\"elementor-element elementor-element-227e2fd9 elementor-widget elementor-widget-rs-breadcrumb\" data-id=\"227e2fd9\" data-element_type=\"widget\" data-widget_type=\"rs-breadcrumb.default\">\n\t\t\t\t<div class=\"elementor-widget-container\">\n\t\t\t\t\t                    <div class=\"breadcrumb-area style3\"> \n                <div class=\"breadcrumbs-inner\"> \n                    <!-- Breadcrumb NavXT 7.4.1 -->\n<span property=\"itemListElement\" typeof=\"ListItem\"><a property=\"item\" typeof=\"WebPage\" title=\"Aller \u00e0 Feedcom.\" href=\"https:\/\/feedcom.tn\/fr\/\" class=\"home\" aria-current=\"page\"><span property=\"name\">Feedcom<\/span><\/a><meta property=\"position\" content=\"1\"><\/span>                <\/div>\n            <\/div> \n          \n    \t\t\t\t<\/div>\n\t\t\t\t<\/div>\n\t\t\t\t<\/div>\n\t\t\r\n\t\t<div class=\"default no-position show_shadow rs-sticky-default elementor-element elementor-element-2bbfc101 e-con-full e-flex e-con e-child\" data-id=\"2bbfc101\" data-element_type=\"container\">\n\t\t\t\t<\/div>\n\t\t\t\t\t<\/div>\n\t\t\t\t<\/div>\n\t\t\t\t\t<\/div>\n\t\t\t\t<\/div>\n\t\t\r\n\t\t<div class=\"default no-position show_shadow rs-sticky-default elementor-element elementor-element-2b94774d e-flex e-con-boxed e-con e-parent\" data-id=\"2b94774d\" data-element_type=\"container\" data-settings=\"{&quot;background_background&quot;:&quot;classic&quot;}\">\n\t\t\t\t\t<div class=\"e-con-inner\">\n\t\t\r\n\t\t<div class=\"default no-position show_shadow rs-sticky-default elementor-element elementor-element-3eb67b38 e-flex e-con-boxed e-con e-child\" data-id=\"3eb67b38\" data-element_type=\"container\">\n\t\t\t\t\t<div class=\"e-con-inner\">\n\t\t\r\n\t\t<div class=\"default no-position show_shadow rs-sticky-default elementor-element elementor-element-2640fe5e e-con-full e-flex e-con e-child\" data-id=\"2640fe5e\" data-element_type=\"container\">\n\t\t\r\n\t\t\t\t<div class=\"elementor-element elementor-element-3af1d89b elementor-widget elementor-widget-rs-heading\" data-id=\"3af1d89b\" data-element_type=\"widget\" data-widget_type=\"rs-heading.default\">\n\t\t\t\t<div class=\"elementor-widget-container\">\n\t\t\t\t\t\n\t\t<div class=\"prelements-heading style1  \">\n\t\t\t<div class=\"title-inner\">\n\t\t\t\t<h2 class=\"title rs-split-text-disable \">Contr\u00f4le qualit\u00e9 chez FEEDCOM : \nGarantir l'excellence \u00e0 chaque \u00e9tape<\/h2>\n\t\t\t<\/div>\n\t\t\t\t\t\t\t<div class=\"description\">\n\t\t\t\t\t<p>Chez FEEDCOM, la qualit\u00e9 est une valeur partag\u00e9e par tous. Chaque collaborateur, en tant que qu\u2019acteur de la chaine de production, contribue activement \u00e0 offrir une exp\u00e9rience client exceptionnelle.<\/p><p>Gr\u00e2ce \u00e0 une d\u00e9marche d'am\u00e9lioration continue et \u00e0 des contr\u00f4les qualit\u00e9 rigoureux \u00e0 chaque \u00e9tape de la production, nous garantissons la qualit\u00e9 et la fiabilit\u00e9 de nos produits et services. Le d\u00e9partement qualit\u00e9, en f\u00e9d\u00e9rant les \u00e9quipes autour d'objectifs communs, veille \u00e0 ce que nos engagements soient toujours tenus.<\/p><p>En travaillant ensemble, nous cr\u00e9ons un environnement o\u00f9 l'excellence est la norme et o\u00f9 la satisfaction client est au c\u0153ur de nos pr\u00e9occupations.<\/p>\t\t\t\t<\/div>\n\t\t\t\t\t<\/div>\n\t\t\t\t<\/div>\n\t\t\t\t<\/div>\n\t\t\t\t<\/div>\n\t\t\t\t\t<\/div>\n\t\t\t\t<\/div>\n\t\t\r\n\t\t<div class=\"default no-position show_shadow rs-sticky-default elementor-element elementor-element-992da5b e-flex e-con-boxed e-con e-child\" data-id=\"992da5b\" data-element_type=\"container\">\n\t\t\t\t\t<div class=\"e-con-inner\">\n\t\t\r\n\t\t<div class=\"default no-position show_shadow rs-sticky-default elementor-element elementor-element-7b0d69c e-con-full e-flex e-con e-child\" data-id=\"7b0d69c\" data-element_type=\"container\">\n\t\t\r\n\t\t\t\t<div class=\"elementor-element elementor-element-5a13ab7 elementor-widget elementor-widget-rs-heading\" data-id=\"5a13ab7\" data-element_type=\"widget\" data-widget_type=\"rs-heading.default\">\n\t\t\t\t<div class=\"elementor-widget-container\">\n\t\t\t\t\t\n\t\t<div class=\"prelements-heading style1  \">\n\t\t\t<div class=\"title-inner\">\n\t\t\t\t<h2 class=\"title rs-split-text-disable \">Diagramme de fabrication<\/h2>\n\t\t\t<\/div>\n\t\t\t\t\t\t\t<div class=\"description\">\n\t\t\t\t\t<p>Les contr\u00f4les de qualit\u00e9 sont effectu\u00e9s \u00e0 chaque \u00e9tape du processus, depuis la r\u00e9ception des mati\u00e8res premi\u00e8res jusqu'\u00e0 l'exp\u00e9dition du produit fini.<\/p><p>Ce suivi est assur\u00e9 gr\u00e2ce \u00e0 des proc\u00e9dures et des fiches d'enregistrement, garantissant une tra\u00e7abilit\u00e9 compl\u00e8te du circuit de fabrication.<\/p>\t\t\t\t<\/div>\n\t\t\t\t\t<\/div>\n\t\t\t\t<\/div>\n\t\t\t\t<\/div>\n\t\t\t\t<\/div>\n\t\t\t\t\t<\/div>\n\t\t\t\t<\/div>\n\t\t\r\n\t\t<div class=\"default no-position show_shadow rs-sticky-default elementor-element elementor-element-648d30be e-grid e-con-boxed e-con e-child\" data-id=\"648d30be\" data-element_type=\"container\">\n\t\t\t\t\t<div class=\"e-con-inner\">\n\t\t\r\n\t\t<div class=\"default no-position show_shadow rs-sticky-default elementor-element elementor-element-1b998d71 e-flex e-con-boxed e-con e-child\" data-id=\"1b998d71\" data-element_type=\"container\">\n\t\t\t\t\t<div class=\"e-con-inner\">\n\t\t\r\n\t\t<div class=\"default no-position show_shadow rs-sticky-default elementor-element elementor-element-1a1002b5 e-flex e-con-boxed e-con e-child\" data-id=\"1a1002b5\" data-element_type=\"container\">\n\t\t\t\t\t<div class=\"e-con-inner\">\n\t\t\r\n\t\t\t\t<div class=\"elementor-element elementor-element-408caec0 elementor-widget elementor-widget-rs-service-grid\" data-id=\"408caec0\" data-element_type=\"widget\" data-widget_type=\"rs-service-grid.default\">\n\t\t\t\t<div class=\"elementor-widget-container\">\n\t\t\t\t\t\r\n\t\t<div class=\"rs-addon-services style8\">\r\n\t\t\t<div class=\"services-inner  box\">\r\n            <div class=\"step-number\">\r\n            <div class=\"numbering-step\">\r\n                <span>01<\/span>\r\n            <\/div>\r\n                        <div class=\"step-title\">\u00e9tape<\/div>\r\n                    <\/div>\r\n    \r\n    <div class=\"content_part\">\r\n        \r\n                    <div class=\"services-title\">\r\n                                    <h4 class=\"title\"> R\u00e9ception mati\u00e8res premi\u00e8res et diff\u00e9rents intrants<\/h4>\r\n                            <\/div>\r\n        \r\n                    <div class=\"desc-text\">\r\n                Identification des mati\u00e8res premi\u00e8res.\nEnregistrement des donn\u00e9es\nD\u00e9tection des non-conformit\u00e9s.\nEchantillonnage et Analyse\n            <\/div>\r\n        \r\n            <\/div>\r\n<\/div>\t\t<\/div>\r\n\r\n\t\t\t\t<\/div>\n\t\t\t\t<\/div>\n\t\t\r\n\t\t\t\t<div class=\"elementor-element elementor-element-2779673 elementor-widget elementor-widget-rs-service-grid\" data-id=\"2779673\" data-element_type=\"widget\" data-widget_type=\"rs-service-grid.default\">\n\t\t\t\t<div class=\"elementor-widget-container\">\n\t\t\t\t\t\r\n\t\t<div class=\"rs-addon-services style8\">\r\n\t\t\t<div class=\"services-inner  box\">\r\n            <div class=\"step-number\">\r\n            <div class=\"numbering-step\">\r\n                <span>03<\/span>\r\n            <\/div>\r\n                        <div class=\"step-title\">\u00e9tape<\/div>\r\n                    <\/div>\r\n    \r\n    <div class=\"content_part\">\r\n        \r\n                    <div class=\"services-title\">\r\n                                    <h4 class=\"title\"> Approvisionnement des cellules de production<\/h4>\r\n                            <\/div>\r\n        \r\n                    <div class=\"desc-text\">\r\n                Iidentification et enregistrement des mati\u00e8res.\nContr\u00f4le de l'op\u00e9ration.\nNettoyage et d\u00e9sinfection des cellules\n            <\/div>\r\n        \r\n            <\/div>\r\n<\/div>\t\t<\/div>\r\n\r\n\t\t\t\t<\/div>\n\t\t\t\t<\/div>\n\t\t\r\n\t\t\t\t<div class=\"elementor-element elementor-element-4b9e792 elementor-widget elementor-widget-rs-service-grid\" data-id=\"4b9e792\" data-element_type=\"widget\" data-widget_type=\"rs-service-grid.default\">\n\t\t\t\t<div class=\"elementor-widget-container\">\n\t\t\t\t\t\r\n\t\t<div class=\"rs-addon-services style8\">\r\n\t\t\t<div class=\"services-inner  box\">\r\n            <div class=\"step-number\">\r\n            <div class=\"numbering-step\">\r\n                <span>05<\/span>\r\n            <\/div>\r\n                        <div class=\"step-title\">\u00e9tape<\/div>\r\n                    <\/div>\r\n    \r\n    <div class=\"content_part\">\r\n        \r\n                    <div class=\"services-title\">\r\n                                    <h4 class=\"title\"> M\u00e9lange<\/h4>\r\n                            <\/div>\r\n        \r\n                    <div class=\"desc-text\">\r\n                Test d'homog\u00e9n\u00e9it\u00e9.\nNettoyage et d\u00e9sinfection des m\u00e9langeurs\n            <\/div>\r\n        \r\n            <\/div>\r\n<\/div>\t\t<\/div>\r\n\r\n\t\t\t\t<\/div>\n\t\t\t\t<\/div>\n\t\t\r\n\t\t\t\t<div class=\"elementor-element elementor-element-5ba810b elementor-widget elementor-widget-rs-service-grid\" data-id=\"5ba810b\" data-element_type=\"widget\" data-widget_type=\"rs-service-grid.default\">\n\t\t\t\t<div class=\"elementor-widget-container\">\n\t\t\t\t\t\r\n\t\t<div class=\"rs-addon-services style8\">\r\n\t\t\t<div class=\"services-inner  box\">\r\n            <div class=\"step-number\">\r\n            <div class=\"numbering-step\">\r\n                <span>07<\/span>\r\n            <\/div>\r\n                        <div class=\"step-title\">\u00e9tape<\/div>\r\n                    <\/div>\r\n    \r\n    <div class=\"content_part\">\r\n        \r\n                    <div class=\"services-title\">\r\n                                    <h4 class=\"title\"> Stockage et exp\u00e9dition du produit fini<\/h4>\r\n                            <\/div>\r\n        \r\n                    <div class=\"desc-text\">\r\n                Bonnes conditions de stockage.\nIdentification des zones de stockage.\nContr\u00f4le au cours du chargement\n\n            <\/div>\r\n        \r\n            <\/div>\r\n<\/div>\t\t<\/div>\r\n\r\n\t\t\t\t<\/div>\n\t\t\t\t<\/div>\n\t\t\t\t\t<\/div>\n\t\t\t\t<\/div>\n\t\t\r\n\t\t<div class=\"default no-position show_shadow rs-sticky-default elementor-element elementor-element-202df260 e-flex e-con-boxed e-con e-child\" data-id=\"202df260\" data-element_type=\"container\">\n\t\t\t\t\t<div class=\"e-con-inner\">\n\t\t\r\n\t\t\t\t<div class=\"elementor-element elementor-element-19c993ea elementor-widget elementor-widget-rs-service-grid\" data-id=\"19c993ea\" data-element_type=\"widget\" data-widget_type=\"rs-service-grid.default\">\n\t\t\t\t<div class=\"elementor-widget-container\">\n\t\t\t\t\t\r\n\t\t<div class=\"rs-addon-services style8\">\r\n\t\t\t<div class=\"services-inner  box\">\r\n            <div class=\"step-number\">\r\n            <div class=\"numbering-step\">\r\n                <span>02<\/span>\r\n            <\/div>\r\n                        <div class=\"step-title\">\u00e9tape<\/div>\r\n                    <\/div>\r\n    \r\n    <div class=\"content_part\">\r\n        \r\n                    <div class=\"services-title\">\r\n                                    <h4 class=\"title\"> Stockage<\/h4>\r\n                            <\/div>\r\n        \r\n                    <div class=\"desc-text\">\r\n                Identification des zones de stockage. \nBonnes conditions de stockage.\n Application du FIFO            <\/div>\r\n        \r\n            <\/div>\r\n<\/div>\t\t<\/div>\r\n\r\n\t\t\t\t<\/div>\n\t\t\t\t<\/div>\n\t\t\r\n\t\t\t\t<div class=\"elementor-element elementor-element-7d3f516 elementor-widget elementor-widget-rs-service-grid\" data-id=\"7d3f516\" data-element_type=\"widget\" data-widget_type=\"rs-service-grid.default\">\n\t\t\t\t<div class=\"elementor-widget-container\">\n\t\t\t\t\t\r\n\t\t<div class=\"rs-addon-services style8\">\r\n\t\t\t<div class=\"services-inner  box\">\r\n            <div class=\"step-number\">\r\n            <div class=\"numbering-step\">\r\n                <span>04<\/span>\r\n            <\/div>\r\n                        <div class=\"step-title\">\u00e9tape<\/div>\r\n                    <\/div>\r\n    \r\n    <div class=\"content_part\">\r\n        \r\n                    <div class=\"services-title\">\r\n                                    <h2 class=\"title\"> Dosage<\/h2>\r\n                            <\/div>\r\n        \r\n                    <div class=\"desc-text\">\r\n                Contr\u00f4le journalier du dosage automatique.\nEtalonnage r\u00e9gulier des bascules de dosage\n            <\/div>\r\n        \r\n            <\/div>\r\n<\/div>\t\t<\/div>\r\n\r\n\t\t\t\t<\/div>\n\t\t\t\t<\/div>\n\t\t\r\n\t\t\t\t<div class=\"elementor-element elementor-element-cbc9737 elementor-widget elementor-widget-rs-service-grid\" data-id=\"cbc9737\" data-element_type=\"widget\" data-widget_type=\"rs-service-grid.default\">\n\t\t\t\t<div class=\"elementor-widget-container\">\n\t\t\t\t\t\r\n\t\t<div class=\"rs-addon-services style8\">\r\n\t\t\t<div class=\"services-inner  box\">\r\n            <div class=\"step-number\">\r\n            <div class=\"numbering-step\">\r\n                <span>06<\/span>\r\n            <\/div>\r\n                        <div class=\"step-title\">\u00e9tape<\/div>\r\n                    <\/div>\r\n    \r\n    <div class=\"content_part\">\r\n        \r\n                    <div class=\"services-title\">\r\n                                    <h4 class=\"title\"> Conditionnement<\/h4>\r\n                            <\/div>\r\n        \r\n                    <div class=\"desc-text\">\r\n                Contr\u00f4le continu de la qualit\u00e9 de l'emballage.\nContr\u00f4le continu du poids des sacs. \nContr\u00f4le de l'identification et l'\u00e9tiquetage\n            <\/div>\r\n        \r\n            <\/div>\r\n<\/div>\t\t<\/div>\r\n\r\n\t\t\t\t<\/div>\n\t\t\t\t<\/div>\n\t\t\t\t\t<\/div>\n\t\t\t\t<\/div>\n\t\t\t\t\t<\/div>\n\t\t\t\t<\/div>\n\t\t\r\n\t\t<div class=\"default no-position show_shadow rs-sticky-default elementor-element elementor-element-4c5e402 e-flex e-con-boxed e-con e-child\" data-id=\"4c5e402\" data-element_type=\"container\">\n\t\t\t\t\t<div class=\"e-con-inner\">\n\t\t\r\n\t\t<div class=\"default no-position show_shadow rs-sticky-default elementor-element elementor-element-e104939 e-con-full e-flex e-con e-child\" data-id=\"e104939\" data-element_type=\"container\" data-settings=\"{&quot;background_background&quot;:&quot;classic&quot;}\">\n\t\t\r\n\t\t\t\t<div class=\"elementor-element elementor-element-96be482 elementor-widget elementor-widget-rs-heading\" data-id=\"96be482\" data-element_type=\"widget\" data-widget_type=\"rs-heading.default\">\n\t\t\t\t<div class=\"elementor-widget-container\">\n\t\t\t\t\t\n\t\t<div class=\"prelements-heading default  \">\n\t\t\t<div class=\"title-inner\">\n\t\t\t\t<h3 class=\"title rs-split-text-disable \">Avez-vous des questions ?\n<\/h3>\n\t\t\t<\/div>\n\t\t\t\t\t\t\t<div class=\"description\">\n\t\t\t\t\t<p>Besoin d'aide ? Veuillez remplir le formulaire ci-dessous, et nous vous r\u00e9pondrons dans les plus brefs d\u00e9lais.<\/p>\t\t\t\t<\/div>\n\t\t\t\t\t<\/div>\n\t\t\t\t<\/div>\n\t\t\t\t<\/div>\n\t\t\r\n\t\t\t\t<div class=\"elementor-element elementor-element-5afebf5 elementor-widget elementor-widget-rs-cf7\" data-id=\"5afebf5\" data-element_type=\"widget\" data-widget_type=\"rs-cf7.default\">\n\t\t\t\t<div class=\"elementor-widget-container\">\n\t\t\t\t\t\n<div class=\"wpcf7 no-js\" id=\"wpcf7-f33381-o1\" lang=\"fr-FR\" dir=\"ltr\" data-wpcf7-id=\"33381\">\n<div class=\"screen-reader-response\"><p role=\"status\" aria-live=\"polite\" aria-atomic=\"true\"><\/p> <ul><\/ul><\/div>\n<form action=\"\/fr\/wp-json\/wp\/v2\/pages\/32956#wpcf7-f33381-o1\" method=\"post\" class=\"wpcf7-form init\" aria-label=\"Formulaire de contact\" novalidate=\"novalidate\" data-status=\"init\">\n<fieldset class=\"hidden-fields-container\"><input type=\"hidden\" name=\"_wpcf7\" value=\"33381\" \/><input type=\"hidden\" name=\"_wpcf7_version\" value=\"6.1.3\" \/><input type=\"hidden\" name=\"_wpcf7_locale\" value=\"fr_FR\" \/><input type=\"hidden\" name=\"_wpcf7_unit_tag\" value=\"wpcf7-f33381-o1\" \/><input type=\"hidden\" name=\"_wpcf7_container_post\" value=\"0\" \/><input type=\"hidden\" name=\"_wpcf7_posted_data_hash\" value=\"\" \/><input type=\"hidden\" name=\"_wpcf7_recaptcha_response\" value=\"\" \/>\n<\/fieldset>\n<div class=\"row\">\n\t<div class=\"col-md-12\">\n\t\t<p><span class=\"wpcf7-form-control-wrap\" data-name=\"your-name\"><input size=\"40\" maxlength=\"400\" class=\"wpcf7-form-control wpcf7-text wpcf7-validates-as-required\" aria-required=\"true\" aria-invalid=\"false\" placeholder=\"Nom et pr\u00e9nom\" value=\"\" type=\"text\" name=\"your-name\" \/><\/span>\n\t\t<\/p>\n\t<\/div>\n\t<div class=\"col-md-12\">\n\t\t<p><span class=\"wpcf7-form-control-wrap\" data-name=\"your-email\"><input size=\"40\" maxlength=\"400\" class=\"wpcf7-form-control wpcf7-email wpcf7-validates-as-required wpcf7-text wpcf7-validates-as-email\" aria-required=\"true\" aria-invalid=\"false\" placeholder=\"Adresse e-mail\" value=\"\" type=\"email\" name=\"your-email\" \/><\/span>\n\t\t<\/p>\n\t<\/div>\n\t<div class=\"col-md-12\">\n\t\t<p><span class=\"wpcf7-form-control-wrap\" data-name=\"phone-number\"><input size=\"40\" maxlength=\"400\" class=\"wpcf7-form-control wpcf7-text wpcf7-validates-as-required\" aria-required=\"true\" aria-invalid=\"false\" placeholder=\"T\u00e9l\u00e9phone\" value=\"\" type=\"text\" name=\"phone-number\" \/><\/span>\n\t\t<\/p>\n\t<\/div>\n\t<div class=\"col-md-12\">\n\t\t<p><span class=\"wpcf7-form-control-wrap\" data-name=\"object\"><input size=\"40\" maxlength=\"400\" class=\"wpcf7-form-control wpcf7-text wpcf7-validates-as-required\" aria-required=\"true\" aria-invalid=\"false\" placeholder=\"Objet\" value=\"\" type=\"text\" name=\"object\" \/><\/span>\n\t\t<\/p>\n\t<\/div>\n\t<div class=\"col-12\">\n\t\t<p><span class=\"wpcf7-form-control-wrap\" data-name=\"your-message\"><textarea cols=\"40\" rows=\"10\" maxlength=\"2000\" class=\"wpcf7-form-control wpcf7-textarea wpcf7-validates-as-required\" aria-required=\"true\" aria-invalid=\"false\" placeholder=\"\u00c9crivez ici...\" name=\"your-message\"><\/textarea><\/span>\n\t\t<\/p>\n\t\t<div class=\"form-btn-area\">\n\t\t\t<p><input class=\"wpcf7-form-control wpcf7-submit has-spinner\" type=\"submit\" value=\"Envoyer un message\" \/>\n\t\t\t<\/p>\n\t\t<\/div>\n\t<\/div>\n<\/div><div class=\"wpcf7-response-output\" aria-hidden=\"true\"><\/div>\n<\/form>\n<\/div>\n\t\t\t\t<\/div>\n\t\t\t\t<\/div>\n\t\t\t\t<\/div>\n\t\t\t\t\t<\/div>\n\t\t\t\t<\/div>\n\t\t\t\t\t<\/div>\n\t\t\t\t<\/div>\n\t\t\t\t\t<\/div>\n\t\t\t\t<\/div>\n\t\t\t\t<\/div>\n\t\t","protected":false},"excerpt":{"rendered":"<p>Contr\u00f4le qualit\u00e9 Feedcom Contr\u00f4le qualit\u00e9 chez FEEDCOM : Garantir l&rsquo;excellence \u00e0 chaque \u00e9tape Chez FEEDCOM, la qualit\u00e9 est une valeur partag\u00e9e par tous. Chaque collaborateur, en tant que qu\u2019acteur de la chaine de production, contribue activement \u00e0 offrir une exp\u00e9rience client exceptionnelle. Gr\u00e2ce \u00e0 une d\u00e9marche d&rsquo;am\u00e9lioration continue et \u00e0 des contr\u00f4les qualit\u00e9 rigoureux \u00e0&#8230;<\/p>\n","protected":false},"author":1,"featured_media":0,"parent":0,"menu_order":0,"comment_status":"closed","ping_status":"closed","template":"elementor_header_footer","meta":{"footnotes":""},"class_list":["post-32956","page","type-page","status-publish","hentry"],"_links":{"self":[{"href":"https:\/\/feedcom.tn\/fr\/wp-json\/wp\/v2\/pages\/32956","targetHints":{"allow":["GET"]}}],"collection":[{"href":"https:\/\/feedcom.tn\/fr\/wp-json\/wp\/v2\/pages"}],"about":[{"href":"https:\/\/feedcom.tn\/fr\/wp-json\/wp\/v2\/types\/page"}],"author":[{"embeddable":true,"href":"https:\/\/feedcom.tn\/fr\/wp-json\/wp\/v2\/users\/1"}],"replies":[{"embeddable":true,"href":"https:\/\/feedcom.tn\/fr\/wp-json\/wp\/v2\/comments?post=32956"}],"version-history":[{"count":16,"href":"https:\/\/feedcom.tn\/fr\/wp-json\/wp\/v2\/pages\/32956\/revisions"}],"predecessor-version":[{"id":34309,"href":"https:\/\/feedcom.tn\/fr\/wp-json\/wp\/v2\/pages\/32956\/revisions\/34309"}],"wp:attachment":[{"href":"https:\/\/feedcom.tn\/fr\/wp-json\/wp\/v2\/media?parent=32956"}],"curies":[{"name":"wp","href":"https:\/\/api.w.org\/{rel}","templated":true}]}}