{"id":32919,"date":"2024-11-20T15:22:31","date_gmt":"2024-11-20T14:22:31","guid":{"rendered":"https:\/\/feedcom.tn\/nos-solutions\/"},"modified":"2025-05-16T16:46:49","modified_gmt":"2025-05-16T14:46:49","slug":"nos-solutions","status":"publish","type":"page","link":"https:\/\/feedcom.tn\/fr\/nos-solutions\/","title":{"rendered":"Nos solutions"},"content":{"rendered":"\t\t<div data-elementor-type=\"wp-page\" data-elementor-id=\"32919\" class=\"elementor elementor-32919 elementor-30307\" data-elementor-post-type=\"page\">\n\t\t\t\t\r\n\t\t<div class=\"default no-position show_shadow rs-sticky-default elementor-element elementor-element-6f5248b1 e-flex e-con-boxed e-con e-parent\" data-id=\"6f5248b1\" data-element_type=\"container\" data-settings=\"{&quot;background_background&quot;:&quot;classic&quot;}\">\n\t\t\t\t\t<div class=\"e-con-inner\">\n\t\t\r\n\t\t<div class=\"default no-position show_shadow rs-sticky-default elementor-element elementor-element-3bf99b71 e-flex e-con-boxed e-con e-child\" data-id=\"3bf99b71\" data-element_type=\"container\">\n\t\t\t\t\t<div class=\"e-con-inner\">\n\t\t\r\n\t\t<div class=\"default no-position show_shadow rs-sticky-default elementor-element elementor-element-4badd6e3 e-con-full e-flex e-con e-child\" data-id=\"4badd6e3\" data-element_type=\"container\">\n\t\t\r\n\t\t\t\t<div class=\"elementor-element elementor-element-65f5feb3 elementor-widget elementor-widget-page-title\" data-id=\"65f5feb3\" data-element_type=\"widget\" data-widget_type=\"page-title.default\">\n\t\t\t\t<div class=\"elementor-widget-container\">\n\t\t\t\t\t\t\t\n\t\t<div class=\"hfe-page-title hfe-page-title-wrapper elementor-widget-heading\">\n\t\t\t\n\t\t\t<h1 class=\"elementor-heading-title elementor-size\">\n\t\t\t\tNos solutions\t\t\t \n\t\t\t<\/h1 > \n\n\t\t\t\t\t\t\t\t<\/div>\n\t\t\t\t\t\t<\/div>\n\t\t\t\t<\/div>\n\t\t\r\n\t\t\t\t<div class=\"elementor-element elementor-element-43441bd5 elementor-widget elementor-widget-rs-breadcrumb\" data-id=\"43441bd5\" data-element_type=\"widget\" data-widget_type=\"rs-breadcrumb.default\">\n\t\t\t\t<div class=\"elementor-widget-container\">\n\t\t\t\t\t                    <div class=\"breadcrumb-area style3\"> \n                <div class=\"breadcrumbs-inner\"> \n                    <!-- Breadcrumb NavXT 7.4.1 -->\n<span property=\"itemListElement\" typeof=\"ListItem\"><a property=\"item\" typeof=\"WebPage\" title=\"Aller \u00e0 Feedcom.\" href=\"https:\/\/feedcom.tn\/fr\/\" class=\"home\" aria-current=\"page\"><span property=\"name\">Feedcom<\/span><\/a><meta property=\"position\" content=\"1\"><\/span>                <\/div>\n            <\/div> \n          \n    \t\t\t\t<\/div>\n\t\t\t\t<\/div>\n\t\t\t\t<\/div>\n\t\t\r\n\t\t<div class=\"default no-position show_shadow rs-sticky-default elementor-element elementor-element-24716ba8 e-con-full e-flex e-con e-child\" data-id=\"24716ba8\" data-element_type=\"container\">\n\t\t\t\t<\/div>\n\t\t\t\t\t<\/div>\n\t\t\t\t<\/div>\n\t\t\t\t\t<\/div>\n\t\t\t\t<\/div>\n\t\t\r\n\t\t<div class=\"default no-position show_shadow rs-sticky-default elementor-element elementor-element-2c6c5d5 solution-block e-flex e-con-boxed e-con e-parent\" data-id=\"2c6c5d5\" data-element_type=\"container\" data-settings=\"{&quot;background_background&quot;:&quot;classic&quot;}\">\n\t\t\t\t\t<div class=\"e-con-inner\">\n\t\t\r\n\t\t<div class=\"default no-position show_shadow rs-sticky-default elementor-element elementor-element-956aa29 e-flex e-con-boxed e-con e-child\" data-id=\"956aa29\" data-element_type=\"container\">\n\t\t\t\t\t<div class=\"e-con-inner\">\n\t\t\r\n\t\t\t\t<div class=\"elementor-element elementor-element-76d37793 elementor-widget elementor-widget-rs-heading\" data-id=\"76d37793\" data-element_type=\"widget\" data-widget_type=\"rs-heading.default\">\n\t\t\t\t<div class=\"elementor-widget-container\">\n\t\t\t\t\t\n\t\t<div class=\"prelements-heading default  \">\n\t\t\t<div class=\"title-inner\">\n\t\t\t\t<h2 class=\"title rs-split-text-disable \">Maximisez la rentabilit\u00e9 de votre usine d'aliments avec FEEDCOM<\/h2>\n\t\t\t<\/div>\n\t\t\t\t\t<\/div>\n\t\t\t\t<\/div>\n\t\t\t\t<\/div>\n\t\t\t\t\t<\/div>\n\t\t\t\t<\/div>\n\t\t\r\n\t\t<div class=\"default no-position show_shadow rs-sticky-default elementor-element elementor-element-2cdbd33 e-flex e-con-boxed e-con e-child\" data-id=\"2cdbd33\" data-element_type=\"container\">\n\t\t\t\t\t<div class=\"e-con-inner\">\n\t\t\r\n\t\t<div class=\"default no-position show_shadow rs-sticky-default elementor-element elementor-element-8a2f2b0 e-con-full e-flex e-con e-child\" data-id=\"8a2f2b0\" data-element_type=\"container\">\n\t\t\r\n\t\t\t\t<div class=\"elementor-element elementor-element-489c0b8 m-bottom elementor-widget elementor-widget-text-editor\" data-id=\"489c0b8\" data-element_type=\"widget\" data-widget_type=\"text-editor.default\">\n\t\t\t\t<div class=\"elementor-widget-container\">\n\t\t\t\t\t\t\t\t\t<p>Notre mission est d\u2019aider les usines d\u2019aliments pour le b\u00e9tail \u00e0 atteindre une rentabilit\u00e9 maximale en optimisant leurs formules d\u2019alimentation. Cela se traduit directement par une meilleure efficacit\u00e9 et une rentabilit\u00e9 accrue pour les \u00e9leveurs.<\/p><p>Chez FEEDCOM, nous sommes sp\u00e9cialis\u00e9s dans la fourniture de solutions adapt\u00e9es \u00e0 chaque situation unique. Quel que soit le d\u00e9fi, nous avons l\u2019expertise n\u00e9cessaire pour trouver la solution id\u00e9ale.<br \/><br \/>Gr\u00e2ce \u00e0 notre r\u00e9seau mondial de partenaires renomm\u00e9s, FEEDCOM a d\u00e9velopp\u00e9 une expertise approfondie en nutrition pour toutes les esp\u00e8ces.<\/p>\t\t\t\t\t\t\t\t<\/div>\n\t\t\t\t<\/div>\n\t\t\t\t<\/div>\n\t\t\r\n\t\t<div class=\"default no-position show_shadow rs-sticky-default elementor-element elementor-element-dad603a e-con-full e-flex e-con e-child\" data-id=\"dad603a\" data-element_type=\"container\">\n\t\t\r\n\t\t\t\t<div class=\"elementor-element elementor-element-6c848df elementor-widget elementor-widget-image\" data-id=\"6c848df\" data-element_type=\"widget\" data-widget_type=\"image.default\">\n\t\t\t\t<div class=\"elementor-widget-container\">\n\t\t\t\t\t\t\t\t\t\t\t\t\t\t\t<img fetchpriority=\"high\" decoding=\"async\" width=\"500\" height=\"500\" src=\"https:\/\/feedcom.tn\/wp-content\/uploads\/2024\/11\/poule-pond-500x500.jpg\" class=\"attachment-rsaddon-team-round-style size-rsaddon-team-round-style wp-image-32573\" alt=\"\" srcset=\"https:\/\/feedcom.tn\/wp-content\/uploads\/2024\/11\/poule-pond-500x500.jpg 500w, https:\/\/feedcom.tn\/wp-content\/uploads\/2024\/11\/poule-pond-150x150.jpg 150w, https:\/\/feedcom.tn\/wp-content\/uploads\/2024\/11\/poule-pond-300x300.jpg 300w, https:\/\/feedcom.tn\/wp-content\/uploads\/2024\/11\/poule-pond-100x100.jpg 100w\" sizes=\"(max-width: 500px) 100vw, 500px\" \/>\t\t\t\t\t\t\t\t\t\t\t\t\t\t\t<\/div>\n\t\t\t\t<\/div>\n\t\t\t\t<\/div>\n\t\t\t\t\t<\/div>\n\t\t\t\t<\/div>\n\t\t\t\t\t<\/div>\n\t\t\t\t<\/div>\n\t\t\r\n\t\t<div class=\"default no-position show_shadow rs-sticky-default elementor-element elementor-element-e6f74e8 solution-block e-flex e-con-boxed e-con e-parent\" data-id=\"e6f74e8\" data-element_type=\"container\" data-settings=\"{&quot;background_background&quot;:&quot;classic&quot;}\">\n\t\t\t\t\t<div class=\"e-con-inner\">\n\t\t\r\n\t\t<div class=\"default no-position show_shadow rs-sticky-default elementor-element elementor-element-61f8a1c e-flex e-con-boxed e-con e-child\" data-id=\"61f8a1c\" data-element_type=\"container\">\n\t\t\t\t\t<div class=\"e-con-inner\">\n\t\t\r\n\t\t\t\t<div class=\"elementor-element elementor-element-8f358e0 elementor-widget__width-inherit elementor-widget elementor-widget-rs-heading\" data-id=\"8f358e0\" data-element_type=\"widget\" data-widget_type=\"rs-heading.default\">\n\t\t\t\t<div class=\"elementor-widget-container\">\n\t\t\t\t\t\n\t\t<div class=\"prelements-heading default  \">\n\t\t\t<div class=\"title-inner\">\n\t\t\t\t<h2 class=\"title rs-split-text-disable \">Nos solutions\n<\/h2>\n\t\t\t<\/div>\n\t\t\t\t\t<\/div>\n\t\t\t\t<\/div>\n\t\t\t\t<\/div>\n\t\t\t\t\t<\/div>\n\t\t\t\t<\/div>\n\t\t\r\n\t\t<div class=\"default no-position show_shadow rs-sticky-default elementor-element elementor-element-bc479c1 e-flex e-con-boxed e-con e-child\" data-id=\"bc479c1\" data-element_type=\"container\">\n\t\t\t\t\t<div class=\"e-con-inner\">\n\t\t\r\n\t\t<div class=\"default no-position show_shadow rs-sticky-default elementor-element elementor-element-ae18ccd e-con-full e-flex e-con e-child\" data-id=\"ae18ccd\" data-element_type=\"container\">\n\t\t\r\n\t\t\t\t<div class=\"elementor-element elementor-element-ec582d7 elementor-widget elementor-widget-rs-service-slider\" data-id=\"ec582d7\" data-element_type=\"widget\" data-widget_type=\"rs-service-slider.default\">\n\t\t\t\t<div class=\"elementor-widget-container\">\n\t\t\t\t\t        \r\n                <div class=\"rsaddon-unique-slider rs-unique-grid-services\">\r\n            <div class=\"rs-addon-slider rs-services-slider service-style-2 row\">\r\n        \r\n                <div class=\"grid-item col-lg-6 col-md-6\">\r\n    <div class=\"rs-service-slider\">    \r\n                <div class=\"service-img\">\r\n                <a href=\"\/fr\/pour-la-volaille\/\" >\r\n                <img decoding=\"async\" src=\"https:\/\/feedcom.tn\/wp-content\/uploads\/2024\/12\/For-Poultry.png\" title=\"For-Poultry\" alt=\"For-Poultry\" loading=\"lazy\" \/>            <\/a>\r\n                \r\n            <\/div>\r\n        \r\n        <div class=\"service-title-holder btn_box fadeInUp\">\r\n            \r\n                                                <div class=\"service-title\">\r\n                    <h4 class=\"title\">\r\n                        <a href=\"\/fr\/pour-la-volaille\/\" >\r\n                             Volailles                        <\/a>\r\n                        <\/h4>\r\n                    <\/div>\r\n                            \r\n                                    <!-- Button Style -->\r\n                            <div class=\"read__more\">\r\n                    <a href=\"\/fr\/pour-la-volaille\/\"  class=\"btn-area\">\r\n                        <span class=\"btn-text\">Plus de d\u00e9tails<\/span>\r\n                        <span class=\"btn-icon\">                            <svg aria-hidden=\"true\" class=\"e-font-icon-svg e-fas-arrow-right\" viewBox=\"0 0 448 512\" xmlns=\"http:\/\/www.w3.org\/2000\/svg\"><path d=\"M190.5 66.9l22.2-22.2c9.4-9.4 24.6-9.4 33.9 0L441 239c9.4 9.4 9.4 24.6 0 33.9L246.6 467.3c-9.4 9.4-24.6 9.4-33.9 0l-22.2-22.2c-9.5-9.5-9.3-25 .4-34.3L311.4 296H24c-13.3 0-24-10.7-24-24v-32c0-13.3 10.7-24 24-24h287.4L190.9 101.2c-9.8-9.3-10-24.8-.4-34.3z\"><\/path><\/svg>                                                <\/span>\r\n                    <\/a>\r\n                <\/div>\r\n                        <!-- Button Style End -->\r\n        <\/div>\r\n    <\/div>\r\n<\/div>                    <div class=\"grid-item col-lg-6 col-md-6\">\r\n    <div class=\"rs-service-slider\">    \r\n                <div class=\"service-img\">\r\n                <a href=\"\/fr\/pour-les-ruminants\/\" >\r\n                <img decoding=\"async\" src=\"https:\/\/feedcom.tn\/wp-content\/uploads\/2024\/12\/For-ruminants.png\" title=\"For-ruminants\" alt=\"For-ruminants\" loading=\"lazy\" \/>            <\/a>\r\n                \r\n            <\/div>\r\n        \r\n        <div class=\"service-title-holder btn_box fadeInUp\">\r\n            \r\n                                                <div class=\"service-title\">\r\n                    <h4 class=\"title\">\r\n                        <a href=\"\/fr\/pour-les-ruminants\/\" >\r\n                             Ruminants                        <\/a>\r\n                        <\/h4>\r\n                    <\/div>\r\n                            \r\n                                    <!-- Button Style -->\r\n                            <div class=\"read__more\">\r\n                    <a href=\"\/fr\/pour-les-ruminants\/\"  class=\"btn-area\">\r\n                        <span class=\"btn-text\">Plus de d\u00e9tails<\/span>\r\n                        <span class=\"btn-icon\">                            <svg aria-hidden=\"true\" class=\"e-font-icon-svg e-fas-arrow-right\" viewBox=\"0 0 448 512\" xmlns=\"http:\/\/www.w3.org\/2000\/svg\"><path d=\"M190.5 66.9l22.2-22.2c9.4-9.4 24.6-9.4 33.9 0L441 239c9.4 9.4 9.4 24.6 0 33.9L246.6 467.3c-9.4 9.4-24.6 9.4-33.9 0l-22.2-22.2c-9.5-9.5-9.3-25 .4-34.3L311.4 296H24c-13.3 0-24-10.7-24-24v-32c0-13.3 10.7-24 24-24h287.4L190.9 101.2c-9.8-9.3-10-24.8-.4-34.3z\"><\/path><\/svg>                                                <\/span>\r\n                    <\/a>\r\n                <\/div>\r\n                        <!-- Button Style End -->\r\n        <\/div>\r\n    <\/div>\r\n<\/div>                            <\/div>\r\n                    <\/div>\r\n        \t\t\t\t<\/div>\n\t\t\t\t<\/div>\n\t\t\t\t<\/div>\n\t\t\t\t\t<\/div>\n\t\t\t\t<\/div>\n\t\t\t\t\t<\/div>\n\t\t\t\t<\/div>\n\t\t\t\t<\/div>\n\t\t","protected":false},"excerpt":{"rendered":"<p>Nos solutions Feedcom Maximisez la rentabilit\u00e9 de votre usine d&rsquo;aliments avec FEEDCOM Notre mission est d\u2019aider les usines d\u2019aliments pour le b\u00e9tail \u00e0 atteindre une rentabilit\u00e9 maximale en optimisant leurs formules d\u2019alimentation. Cela se traduit directement par une meilleure efficacit\u00e9 et une rentabilit\u00e9 accrue pour les \u00e9leveurs. Chez FEEDCOM, nous sommes sp\u00e9cialis\u00e9s dans la fourniture&#8230;<\/p>\n","protected":false},"author":1,"featured_media":0,"parent":0,"menu_order":0,"comment_status":"closed","ping_status":"closed","template":"elementor_header_footer","meta":{"footnotes":""},"class_list":["post-32919","page","type-page","status-publish","hentry"],"_links":{"self":[{"href":"https:\/\/feedcom.tn\/fr\/wp-json\/wp\/v2\/pages\/32919","targetHints":{"allow":["GET"]}}],"collection":[{"href":"https:\/\/feedcom.tn\/fr\/wp-json\/wp\/v2\/pages"}],"about":[{"href":"https:\/\/feedcom.tn\/fr\/wp-json\/wp\/v2\/types\/page"}],"author":[{"embeddable":true,"href":"https:\/\/feedcom.tn\/fr\/wp-json\/wp\/v2\/users\/1"}],"replies":[{"embeddable":true,"href":"https:\/\/feedcom.tn\/fr\/wp-json\/wp\/v2\/comments?post=32919"}],"version-history":[{"count":13,"href":"https:\/\/feedcom.tn\/fr\/wp-json\/wp\/v2\/pages\/32919\/revisions"}],"predecessor-version":[{"id":34284,"href":"https:\/\/feedcom.tn\/fr\/wp-json\/wp\/v2\/pages\/32919\/revisions\/34284"}],"wp:attachment":[{"href":"https:\/\/feedcom.tn\/fr\/wp-json\/wp\/v2\/media?parent=32919"}],"curies":[{"name":"wp","href":"https:\/\/api.w.org\/{rel}","templated":true}]}}