{"id":32903,"date":"2024-11-21T16:42:10","date_gmt":"2024-11-21T15:42:10","guid":{"rendered":"https:\/\/feedcom.tn\/premelanges-pour-chevaux\/"},"modified":"2025-05-16T16:34:11","modified_gmt":"2025-05-16T14:34:11","slug":"premelanges-pour-chevaux","status":"publish","type":"page","link":"https:\/\/feedcom.tn\/fr\/premelanges-pour-chevaux\/","title":{"rendered":"Pr\u00e9m\u00e9langes pour chevaux"},"content":{"rendered":"\t\t<div data-elementor-type=\"wp-page\" data-elementor-id=\"32903\" class=\"elementor elementor-32903 elementor-30591\" data-elementor-post-type=\"page\">\n\t\t\t\t\r\n\t\t<div class=\"default no-position show_shadow rs-sticky-default elementor-element elementor-element-752caf6b e-flex e-con-boxed e-con e-parent\" data-id=\"752caf6b\" data-element_type=\"container\" data-settings=\"{&quot;background_background&quot;:&quot;classic&quot;}\">\n\t\t\t\t\t<div class=\"e-con-inner\">\n\t\t\r\n\t\t<div class=\"default no-position show_shadow rs-sticky-default elementor-element elementor-element-1a6fc854 e-flex e-con-boxed e-con e-child\" data-id=\"1a6fc854\" data-element_type=\"container\">\n\t\t\t\t\t<div class=\"e-con-inner\">\n\t\t\r\n\t\t<div class=\"default no-position show_shadow rs-sticky-default elementor-element elementor-element-726a75c4 e-con-full e-flex e-con e-child\" data-id=\"726a75c4\" data-element_type=\"container\">\n\t\t\r\n\t\t\t\t<div class=\"elementor-element elementor-element-3ab371ec elementor-widget elementor-widget-page-title\" data-id=\"3ab371ec\" data-element_type=\"widget\" data-widget_type=\"page-title.default\">\n\t\t\t\t<div class=\"elementor-widget-container\">\n\t\t\t\t\t\t\t\n\t\t<div class=\"hfe-page-title hfe-page-title-wrapper elementor-widget-heading\">\n\t\t\t\n\t\t\t<h1 class=\"elementor-heading-title elementor-size\">\n\t\t\t\tPr\u00e9m\u00e9langes pour chevaux\t\t\t \n\t\t\t<\/h1 > \n\n\t\t\t\t\t\t\t\t<\/div>\n\t\t\t\t\t\t<\/div>\n\t\t\t\t<\/div>\n\t\t\r\n\t\t\t\t<div class=\"elementor-element elementor-element-1cf21ca8 elementor-widget elementor-widget-rs-breadcrumb\" data-id=\"1cf21ca8\" data-element_type=\"widget\" data-widget_type=\"rs-breadcrumb.default\">\n\t\t\t\t<div class=\"elementor-widget-container\">\n\t\t\t\t\t                    <div class=\"breadcrumb-area style3\"> \n                <div class=\"breadcrumbs-inner\"> \n                    <!-- Breadcrumb NavXT 7.4.1 -->\n<span property=\"itemListElement\" typeof=\"ListItem\"><a property=\"item\" typeof=\"WebPage\" title=\"Aller \u00e0 Feedcom.\" href=\"https:\/\/feedcom.tn\/fr\/\" class=\"home\" aria-current=\"page\"><span property=\"name\">Feedcom<\/span><\/a><meta property=\"position\" content=\"1\"><\/span>                <\/div>\n            <\/div> \n          \n    \t\t\t\t<\/div>\n\t\t\t\t<\/div>\n\t\t\t\t<\/div>\n\t\t\r\n\t\t<div class=\"default no-position show_shadow rs-sticky-default elementor-element elementor-element-19f44da2 e-con-full e-flex e-con e-child\" data-id=\"19f44da2\" data-element_type=\"container\">\n\t\t\t\t<\/div>\n\t\t\t\t\t<\/div>\n\t\t\t\t<\/div>\n\t\t\t\t\t<\/div>\n\t\t\t\t<\/div>\n\t\t\r\n\t\t<div class=\"default no-position show_shadow rs-sticky-default elementor-element elementor-element-29a5d769 e-flex e-con-boxed e-con e-parent\" data-id=\"29a5d769\" data-element_type=\"container\">\n\t\t\t\t\t<div class=\"e-con-inner\">\n\t\t\r\n\t\t<div class=\"default no-position show_shadow rs-sticky-default elementor-element elementor-element-647a1e5d e-flex e-con-boxed e-con e-child\" data-id=\"647a1e5d\" data-element_type=\"container\">\n\t\t\t\t\t<div class=\"e-con-inner\">\n\t\t\r\n\t\t\t\t<div class=\"elementor-element elementor-element-deb0990 elementor-widget elementor-widget-rs-heading\" data-id=\"deb0990\" data-element_type=\"widget\" data-widget_type=\"rs-heading.default\">\n\t\t\t\t<div class=\"elementor-widget-container\">\n\t\t\t\t\t\n\t\t<div class=\"prelements-heading default  \">\n\t\t\t<div class=\"title-inner\">\n\t\t\t\t<h2 class=\"title rs-split-text-disable \">Pr\u00e9m\u00e9langes pour chevaux : la cl\u00e9 d'une alimentation \u00e9quilibr\u00e9e et performante <\/h2>\n\t\t\t<\/div>\n\t\t\t\t\t<\/div>\n\t\t\t\t<\/div>\n\t\t\t\t<\/div>\n\t\t\t\t\t<\/div>\n\t\t\t\t<\/div>\n\t\t\r\n\t\t<div class=\"default no-position show_shadow rs-sticky-default elementor-element elementor-element-26525c2 e-con-full e-flex e-con e-child\" data-id=\"26525c2\" data-element_type=\"container\">\n\t\t\r\n\t\t\t\t<div class=\"elementor-element elementor-element-824ce4b elementor-widget elementor-widget-text-editor\" data-id=\"824ce4b\" data-element_type=\"widget\" data-widget_type=\"text-editor.default\">\n\t\t\t\t<div class=\"elementor-widget-container\">\n\t\t\t\t\t\t\t\t\t<p>Les pr\u00e9m\u00e9langes jouent un r\u00f4le essentiel dans l&rsquo;alimentation des chevaux, qu&rsquo;ils soient de sport, de loisir ou de trait. Ces compl\u00e9ments min\u00e9raux vitamin\u00e9s apportent les nutriments essentiels dont les chevaux ont besoin et qui peuvent manquer dans le foin ou les c\u00e9r\u00e9ales.<\/p>\t\t\t\t\t\t\t\t<\/div>\n\t\t\t\t<\/div>\n\t\t\t\t<\/div>\n\t\t\t\t\t<\/div>\n\t\t\t\t<\/div>\n\t\t\r\n\t\t<div class=\"default no-position show_shadow rs-sticky-default elementor-element elementor-element-6b67443 e-flex e-con-boxed e-con e-parent\" data-id=\"6b67443\" data-element_type=\"container\">\n\t\t\t\t\t<div class=\"e-con-inner\">\n\t\t\r\n\t\t<div class=\"default no-position show_shadow rs-sticky-default elementor-element elementor-element-726ff2b e-grid e-con-full e-con e-child\" data-id=\"726ff2b\" data-element_type=\"container\">\n\t\t\r\n\t\t\t\t<div class=\"elementor-element elementor-element-92a3ca8 elementor-widget elementor-widget-rs-heading\" data-id=\"92a3ca8\" data-element_type=\"widget\" data-widget_type=\"rs-heading.default\">\n\t\t\t\t<div class=\"elementor-widget-container\">\n\t\t\t\t\t\n\t\t<div class=\"prelements-heading default  \">\n\t\t\t<div class=\"title-inner\">\n\t\t\t\t<h3 class=\"title rs-split-text-disable \">Optimisez le potentiel de votre cheval avec nos pr\u00e9m\u00e9langes sur mesure<\/h3>\n\t\t\t<\/div>\n\t\t\t\t\t\t\t<div class=\"description\">\n\t\t\t\t\t<p>Formul\u00e9s \u00e0 partir d'ingr\u00e9dients de haute qualit\u00e9, nos pr\u00e9mix apportent \u00e0 votre \u00e9quid\u00e9 tous les nutriments essentiels dont il a besoin pour exceller. Que vous soyez propri\u00e9taire d'un cheval de sport, de loisir ou d'un poney, nos pr\u00e9m\u00e9langes favorisent une croissance harmonieuse, des performances optimales et une sant\u00e9 de fer. Ils contribuent \u00e0 renforcer les d\u00e9fenses immunitaires, \u00e0 am\u00e9liorer la qualit\u00e9 du poil et des sabots, et \u00e0 favoriser une r\u00e9cup\u00e9ration rapide apr\u00e8s l'effort.<\/p><p>Nos pr\u00e9m\u00e9langes pour chevaux sont formul\u00e9s \u00e0 partir d'une combinaison soigneusement s\u00e9lectionn\u00e9e d'ingr\u00e9dients de haute qualit\u00e9, tels que des vitamines (A, D, E, K, groupe B), des min\u00e9raux (calcium, phosphore, magn\u00e9sium, fer, cuivre, zinc), des oligo-\u00e9l\u00e9ments et des acides amin\u00e9s essentiels. Ces nutriments, indispensables au bon fonctionnement de l'organisme \u00e9quin, contribuent \u00e0 renforcer le syst\u00e8me immunitaire, \u00e0 am\u00e9liorer les performances, \u00e0 favoriser une croissance harmonieuse et \u00e0 maintenir une bonne sant\u00e9 g\u00e9n\u00e9rale.<\/p>\t\t\t\t<\/div>\n\t\t\t\t\t<\/div>\n\t\t\t\t<\/div>\n\t\t\t\t<\/div>\n\t\t\r\n\t\t\t\t<div class=\"elementor-element elementor-element-cd5eb5a elementor-widget elementor-widget-image\" data-id=\"cd5eb5a\" data-element_type=\"widget\" data-widget_type=\"image.default\">\n\t\t\t\t<div class=\"elementor-widget-container\">\n\t\t\t\t\t\t\t\t\t\t\t\t\t\t\t<img fetchpriority=\"high\" decoding=\"async\" width=\"500\" height=\"417\" src=\"https:\/\/feedcom.tn\/wp-content\/uploads\/2024\/11\/chevaux-1-500x417.jpg\" class=\"attachment-rsaddon-team-round-style size-rsaddon-team-round-style wp-image-32601\" alt=\"\" \/>\t\t\t\t\t\t\t\t\t\t\t\t\t\t\t<\/div>\n\t\t\t\t<\/div>\n\t\t\t\t<\/div>\n\t\t\t\t\t<\/div>\n\t\t\t\t<\/div>\n\t\t\r\n\t\t<div class=\"default no-position show_shadow rs-sticky-default elementor-element elementor-element-d83389a e-flex e-con-boxed e-con e-parent\" data-id=\"d83389a\" data-element_type=\"container\" data-settings=\"{&quot;background_background&quot;:&quot;classic&quot;}\">\n\t\t\t\t\t<div class=\"e-con-inner\">\n\t\t\r\n\t\t<div class=\"default no-position show_shadow rs-sticky-default elementor-element elementor-element-e2f8c59 e-con-full e-flex e-con e-child\" data-id=\"e2f8c59\" data-element_type=\"container\">\n\t\t\r\n\t\t\t\t<div class=\"elementor-element elementor-element-17feb36 elementor-widget elementor-widget-heading\" data-id=\"17feb36\" data-element_type=\"widget\" data-widget_type=\"heading.default\">\n\t\t\t\t<div class=\"elementor-widget-container\">\n\t\t\t\t\t<h4 class=\"elementor-heading-title elementor-size-default\">Vous souhaitez en savoir plus sur nos produits ?<\/h4>\t\t\t\t<\/div>\n\t\t\t\t<\/div>\n\t\t\r\n\t\t\t\t<div class=\"elementor-element elementor-element-e791e9a elementor-widget elementor-widget-heading\" data-id=\"e791e9a\" data-element_type=\"widget\" data-widget_type=\"heading.default\">\n\t\t\t\t<div class=\"elementor-widget-container\">\n\t\t\t\t\t<p class=\"elementor-heading-title elementor-size-default\">Contactez-nous pour conna\u00eetre les prix de nos pr\u00e9m\u00e9langes et recevoir les fiches techniques !<\/p>\t\t\t\t<\/div>\n\t\t\t\t<\/div>\n\t\t\t\t<\/div>\n\t\t\r\n\t\t<div class=\"default no-position show_shadow rs-sticky-default elementor-element elementor-element-f4b94a4 e-con-full e-flex e-con e-child\" data-id=\"f4b94a4\" data-element_type=\"container\">\n\t\t\r\n\t\t\t\t<div class=\"elementor-element elementor-element-a8d0274 elementor-widget elementor-widget-rs-button\" data-id=\"a8d0274\" data-element_type=\"widget\" data-widget_type=\"rs-button.default\">\n\t\t\t\t<div class=\"elementor-widget-container\">\n\t\t\t\t\t\t\t<div class=\"rs-button style1\">\r\n\t\t\t\t\t\t<a class=\"rs-btn\" href=\"\/fr\/contact\/\" >\t\r\n\t\t\t\t<span>Contactez-nous \r\n\t\t\t\t\t\t\t\t\t<em>\r\n\t\t\t\t\t\t<i aria-hidden=\"true\" class=\"ri-arrow-right-line\"><\/i>\t\t\t\t\t\t<i aria-hidden=\"true\" class=\"ri-arrow-right-line\"><\/i>\t\t\t\t\t<\/em>\t\r\n\t\t\t\t\t\t\t\t<\/span>\r\n\t\t\t<\/a>\r\n\t\t<\/div>\r\n\t\t\t\t<\/div>\n\t\t\t\t<\/div>\n\t\t\t\t<\/div>\n\t\t\t\t\t<\/div>\n\t\t\t\t<\/div>\n\t\t\t\t<\/div>\n\t\t","protected":false},"excerpt":{"rendered":"<p>Pr\u00e9m\u00e9langes pour chevaux Feedcom Pr\u00e9m\u00e9langes pour chevaux : la cl\u00e9 d&rsquo;une alimentation \u00e9quilibr\u00e9e et performante Les pr\u00e9m\u00e9langes jouent un r\u00f4le essentiel dans l&rsquo;alimentation des chevaux, qu&rsquo;ils soient de sport, de loisir ou de trait. Ces compl\u00e9ments min\u00e9raux vitamin\u00e9s apportent les nutriments essentiels dont les chevaux ont besoin et qui peuvent manquer dans le foin ou&#8230;<\/p>\n","protected":false},"author":1,"featured_media":0,"parent":0,"menu_order":0,"comment_status":"closed","ping_status":"closed","template":"elementor_header_footer","meta":{"footnotes":""},"class_list":["post-32903","page","type-page","status-publish","hentry"],"_links":{"self":[{"href":"https:\/\/feedcom.tn\/fr\/wp-json\/wp\/v2\/pages\/32903","targetHints":{"allow":["GET"]}}],"collection":[{"href":"https:\/\/feedcom.tn\/fr\/wp-json\/wp\/v2\/pages"}],"about":[{"href":"https:\/\/feedcom.tn\/fr\/wp-json\/wp\/v2\/types\/page"}],"author":[{"embeddable":true,"href":"https:\/\/feedcom.tn\/fr\/wp-json\/wp\/v2\/users\/1"}],"replies":[{"embeddable":true,"href":"https:\/\/feedcom.tn\/fr\/wp-json\/wp\/v2\/comments?post=32903"}],"version-history":[{"count":16,"href":"https:\/\/feedcom.tn\/fr\/wp-json\/wp\/v2\/pages\/32903\/revisions"}],"predecessor-version":[{"id":34274,"href":"https:\/\/feedcom.tn\/fr\/wp-json\/wp\/v2\/pages\/32903\/revisions\/34274"}],"wp:attachment":[{"href":"https:\/\/feedcom.tn\/fr\/wp-json\/wp\/v2\/media?parent=32903"}],"curies":[{"name":"wp","href":"https:\/\/api.w.org\/{rel}","templated":true}]}}