{"id":32883,"date":"2024-11-21T16:25:42","date_gmt":"2024-11-21T15:25:42","guid":{"rendered":"https:\/\/feedcom.tn\/premelanges-pour-les-ruminants\/"},"modified":"2025-05-16T16:30:08","modified_gmt":"2025-05-16T14:30:08","slug":"premelanges-pour-les-ruminants","status":"publish","type":"page","link":"https:\/\/feedcom.tn\/fr\/premelanges-pour-les-ruminants\/","title":{"rendered":"Pr\u00e9m\u00e9langes pour les ruminants"},"content":{"rendered":"\t\t<div data-elementor-type=\"wp-page\" data-elementor-id=\"32883\" class=\"elementor elementor-32883 elementor-30565\" data-elementor-post-type=\"page\">\n\t\t\t\t\r\n\t\t<div class=\"default no-position show_shadow rs-sticky-default elementor-element elementor-element-536173c9 e-flex e-con-boxed e-con e-parent\" data-id=\"536173c9\" data-element_type=\"container\" data-settings=\"{&quot;background_background&quot;:&quot;classic&quot;}\">\n\t\t\t\t\t<div class=\"e-con-inner\">\n\t\t\r\n\t\t<div class=\"default no-position show_shadow rs-sticky-default elementor-element elementor-element-1435a63c e-flex e-con-boxed e-con e-child\" data-id=\"1435a63c\" data-element_type=\"container\">\n\t\t\t\t\t<div class=\"e-con-inner\">\n\t\t\r\n\t\t<div class=\"default no-position show_shadow rs-sticky-default elementor-element elementor-element-704d122 e-con-full e-flex e-con e-child\" data-id=\"704d122\" data-element_type=\"container\">\n\t\t\r\n\t\t\t\t<div class=\"elementor-element elementor-element-247d420d elementor-widget elementor-widget-page-title\" data-id=\"247d420d\" data-element_type=\"widget\" data-widget_type=\"page-title.default\">\n\t\t\t\t<div class=\"elementor-widget-container\">\n\t\t\t\t\t\t\t\n\t\t<div class=\"hfe-page-title hfe-page-title-wrapper elementor-widget-heading\">\n\t\t\t\n\t\t\t<h1 class=\"elementor-heading-title elementor-size\">\n\t\t\t\tPr\u00e9m\u00e9langes pour les ruminants\t\t\t \n\t\t\t<\/h1 > \n\n\t\t\t\t\t\t\t\t<\/div>\n\t\t\t\t\t\t<\/div>\n\t\t\t\t<\/div>\n\t\t\r\n\t\t\t\t<div class=\"elementor-element elementor-element-43e81773 elementor-widget elementor-widget-rs-breadcrumb\" data-id=\"43e81773\" data-element_type=\"widget\" data-widget_type=\"rs-breadcrumb.default\">\n\t\t\t\t<div class=\"elementor-widget-container\">\n\t\t\t\t\t                    <div class=\"breadcrumb-area style3\"> \n                <div class=\"breadcrumbs-inner\"> \n                    <!-- Breadcrumb NavXT 7.4.1 -->\n<span property=\"itemListElement\" typeof=\"ListItem\"><a property=\"item\" typeof=\"WebPage\" title=\"Aller \u00e0 Feedcom.\" href=\"https:\/\/feedcom.tn\/fr\/\" class=\"home\" aria-current=\"page\"><span property=\"name\">Feedcom<\/span><\/a><meta property=\"position\" content=\"1\"><\/span>                <\/div>\n            <\/div> \n          \n    \t\t\t\t<\/div>\n\t\t\t\t<\/div>\n\t\t\t\t<\/div>\n\t\t\r\n\t\t<div class=\"default no-position show_shadow rs-sticky-default elementor-element elementor-element-40c463bc e-con-full e-flex e-con e-child\" data-id=\"40c463bc\" data-element_type=\"container\">\n\t\t\t\t<\/div>\n\t\t\t\t\t<\/div>\n\t\t\t\t<\/div>\n\t\t\t\t\t<\/div>\n\t\t\t\t<\/div>\n\t\t\r\n\t\t<div class=\"default no-position show_shadow rs-sticky-default elementor-element elementor-element-29a5d769 e-flex e-con-boxed e-con e-parent\" data-id=\"29a5d769\" data-element_type=\"container\">\n\t\t\t\t\t<div class=\"e-con-inner\">\n\t\t\r\n\t\t<div class=\"default no-position show_shadow rs-sticky-default elementor-element elementor-element-647a1e5d e-flex e-con-boxed e-con e-child\" data-id=\"647a1e5d\" data-element_type=\"container\">\n\t\t\t\t\t<div class=\"e-con-inner\">\n\t\t\r\n\t\t\t\t<div class=\"elementor-element elementor-element-deb0990 elementor-widget elementor-widget-rs-heading\" data-id=\"deb0990\" data-element_type=\"widget\" data-widget_type=\"rs-heading.default\">\n\t\t\t\t<div class=\"elementor-widget-container\">\n\t\t\t\t\t\n\t\t<div class=\"prelements-heading default  \">\n\t\t\t<div class=\"title-inner\">\n\t\t\t\t<h2 class=\"title rs-split-text-disable \">Pr\u00e9m\u00e9langes pour ruminants : la cl\u00e9 d'une alimentation \u00e9quilibr\u00e9e et performante\n<\/h2>\n\t\t\t<\/div>\n\t\t\t\t\t<\/div>\n\t\t\t\t<\/div>\n\t\t\t\t<\/div>\n\t\t\t\t\t<\/div>\n\t\t\t\t<\/div>\n\t\t\r\n\t\t<div class=\"default no-position show_shadow rs-sticky-default elementor-element elementor-element-26525c2 e-con-full e-flex e-con e-child\" data-id=\"26525c2\" data-element_type=\"container\">\n\t\t\r\n\t\t\t\t<div class=\"elementor-element elementor-element-824ce4b elementor-widget elementor-widget-text-editor\" data-id=\"824ce4b\" data-element_type=\"widget\" data-widget_type=\"text-editor.default\">\n\t\t\t\t<div class=\"elementor-widget-container\">\n\t\t\t\t\t\t\t\t\t<p>Les pr\u00e9m\u00e9langes jouent un r\u00f4le crucial dans l&rsquo;alimentation des ruminants, qu&rsquo;il s&rsquo;agisse de bovins laitiers, de bovins d\u2019engraissement, d&rsquo;ovins ou de caprins. Ces pr\u00e9m\u00e9langes concentr\u00e9s apportent les nutriments essentiels dont les animaux ont besoin et qui ne sont pas toujours pr\u00e9sents en quantit\u00e9 suffisante dans les fourrages et les c\u00e9r\u00e9ales.<\/p>\t\t\t\t\t\t\t\t<\/div>\n\t\t\t\t<\/div>\n\t\t\t\t<\/div>\n\t\t\t\t\t<\/div>\n\t\t\t\t<\/div>\n\t\t\r\n\t\t<div class=\"default no-position show_shadow rs-sticky-default elementor-element elementor-element-6b67443 e-flex e-con-boxed e-con e-parent\" data-id=\"6b67443\" data-element_type=\"container\">\n\t\t\t\t\t<div class=\"e-con-inner\">\n\t\t\r\n\t\t<div class=\"default no-position show_shadow rs-sticky-default elementor-element elementor-element-726ff2b e-grid e-con-full e-con e-child\" data-id=\"726ff2b\" data-element_type=\"container\">\n\t\t\r\n\t\t\t\t<div class=\"elementor-element elementor-element-92a3ca8 elementor-widget elementor-widget-rs-heading\" data-id=\"92a3ca8\" data-element_type=\"widget\" data-widget_type=\"rs-heading.default\">\n\t\t\t\t<div class=\"elementor-widget-container\">\n\t\t\t\t\t\n\t\t<div class=\"prelements-heading default  \">\n\t\t\t<div class=\"title-inner\">\n\t\t\t\t<h3 class=\"title rs-split-text-disable \">Des pr\u00e9m\u00e9langes sur mesure pour des r\u00e9sultats sur mesure<\/h3>\n\t\t\t<\/div>\n\t\t\t\t\t\t\t<div class=\"description\">\n\t\t\t\t\tChaque \u00e9tape de la vie de vos ruminants n\u00e9cessite des besoins nutritionnels sp\u00e9cifiques. C'est pourquoi nous proposons une gamme compl\u00e8te de pr\u00e9m\u00e9langes adapt\u00e9s \u00e0 chaque phase : lactation, croissance et engraissement... Nos formules, riches en vitamines et min\u00e9raux, sont con\u00e7ues pour r\u00e9pondre aux besoins pr\u00e9cis de vos animaux et optimiser leurs performances. \n\nNos Premix assurent une alimentation \u00e9quilibr\u00e9e et compl\u00e8te, favorisant ainsi :\n<ul>\n \t<li><strong>Une croissance optimale<\/strong>: les veaux, g\u00e9nisses et jeunes bovins b\u00e9n\u00e9ficient d'une croissance rapide et harmonieuse gr\u00e2ce \u00e0 une alimentation enrichie.\n<\/li>\n \t<li><strong>Une production laiti\u00e8re abondante<\/strong> : Pour les vaches laiti\u00e8res, nos pr\u00e9m\u00e9langes contribuent \u00e0 maintenir une production laiti\u00e8re \u00e9lev\u00e9e et constante.<\/li>\n \t<li><strong>Une sant\u00e9 de fer<\/strong> : En renfor\u00e7ant les d\u00e9fenses immunitaires, nos pr\u00e9m\u00e9langes limitent les risques de maladies et assurent une meilleure r\u00e9sistance aux agressions ext\u00e9rieures.\n<\/li>\n<\/ul>\t\t\t\t<\/div>\n\t\t\t\t\t<\/div>\n\t\t\t\t<\/div>\n\t\t\t\t<\/div>\n\t\t\r\n\t\t\t\t<div class=\"elementor-element elementor-element-cd5eb5a elementor-widget elementor-widget-image\" data-id=\"cd5eb5a\" data-element_type=\"widget\" data-widget_type=\"image.default\">\n\t\t\t\t<div class=\"elementor-widget-container\">\n\t\t\t\t\t\t\t\t\t\t\t\t\t\t\t<img fetchpriority=\"high\" decoding=\"async\" width=\"500\" height=\"500\" src=\"https:\/\/feedcom.tn\/wp-content\/uploads\/2024\/11\/06d96e3b02483604fefd92c7cc72679a-500x500.jpg\" class=\"attachment-rsaddon-team-round-style size-rsaddon-team-round-style wp-image-32595\" alt=\"\" srcset=\"https:\/\/feedcom.tn\/wp-content\/uploads\/2024\/11\/06d96e3b02483604fefd92c7cc72679a-500x500.jpg 500w, https:\/\/feedcom.tn\/wp-content\/uploads\/2024\/11\/06d96e3b02483604fefd92c7cc72679a-150x150.jpg 150w, https:\/\/feedcom.tn\/wp-content\/uploads\/2024\/11\/06d96e3b02483604fefd92c7cc72679a-300x300.jpg 300w, https:\/\/feedcom.tn\/wp-content\/uploads\/2024\/11\/06d96e3b02483604fefd92c7cc72679a-100x100.jpg 100w\" sizes=\"(max-width: 500px) 100vw, 500px\" \/>\t\t\t\t\t\t\t\t\t\t\t\t\t\t\t<\/div>\n\t\t\t\t<\/div>\n\t\t\t\t<\/div>\n\t\t\t\t\t<\/div>\n\t\t\t\t<\/div>\n\t\t\r\n\t\t<div class=\"default no-position show_shadow rs-sticky-default elementor-element elementor-element-99b205c e-flex e-con-boxed e-con e-parent\" data-id=\"99b205c\" data-element_type=\"container\">\n\t\t\t\t\t<div class=\"e-con-inner\">\n\t\t\r\n\t\t<div class=\"default no-position show_shadow rs-sticky-default elementor-element elementor-element-63e1436 e-con-full e-flex e-con e-child\" data-id=\"63e1436\" data-element_type=\"container\">\n\t\t\r\n\t\t\t\t<div class=\"elementor-element elementor-element-03ccb3f elementor-widget elementor-widget-rs-heading\" data-id=\"03ccb3f\" data-element_type=\"widget\" data-widget_type=\"rs-heading.default\">\n\t\t\t\t<div class=\"elementor-widget-container\">\n\t\t\t\t\t\n\t\t<div class=\"prelements-heading default  \">\n\t\t\t<div class=\"title-inner\">\n\t\t\t\t\n\t\t\t<\/div>\n\t\t\t\t\t\t\t<div class=\"description\">\n\t\t\t\t\t<p>Nos pr\u00e9m\u00e9langes destin\u00e9s aux ruminants sont \u00e9labor\u00e9s avec une <strong>combinaison de vitamines (A, D, E, etc.)<\/strong>, de <strong>min\u00e9raux (calcium, phosphore, magn\u00e9sium, sodium, etc.)<\/strong>, <strong>d'oligo-\u00e9l\u00e9ments (fer, cuivre, zinc, etc.)<\/strong> et <strong>d'acides amin\u00e9s<\/strong>. De plus, ils contiennent <strong>divers additifs<\/strong> tels que les levures. Ces pr\u00e9m\u00e9langes favorisent le d\u00e9veloppement de la glande mammaire, soutiennent la croissance et le d\u00e9veloppement des ruminants, facilitent l'engraissement et aident \u00e0 maintenir les fonctions du syst\u00e8me immunitaire.<\/p>\t\t\t\t<\/div>\n\t\t\t\t\t<\/div>\n\t\t\t\t<\/div>\n\t\t\t\t<\/div>\n\t\t\t\t<\/div>\n\t\t\t\t\t<\/div>\n\t\t\t\t<\/div>\n\t\t\r\n\t\t<div class=\"default no-position show_shadow rs-sticky-default elementor-element elementor-element-d83389a e-flex e-con-boxed e-con e-parent\" data-id=\"d83389a\" data-element_type=\"container\" data-settings=\"{&quot;background_background&quot;:&quot;classic&quot;}\">\n\t\t\t\t\t<div class=\"e-con-inner\">\n\t\t\r\n\t\t<div class=\"default no-position show_shadow rs-sticky-default elementor-element elementor-element-e2f8c59 e-con-full e-flex e-con e-child\" data-id=\"e2f8c59\" data-element_type=\"container\">\n\t\t\r\n\t\t\t\t<div class=\"elementor-element elementor-element-17feb36 elementor-widget elementor-widget-heading\" data-id=\"17feb36\" data-element_type=\"widget\" data-widget_type=\"heading.default\">\n\t\t\t\t<div class=\"elementor-widget-container\">\n\t\t\t\t\t<h4 class=\"elementor-heading-title elementor-size-default\">Vous souhaitez en savoir plus sur nos produits ?<\/h4>\t\t\t\t<\/div>\n\t\t\t\t<\/div>\n\t\t\r\n\t\t\t\t<div class=\"elementor-element elementor-element-e791e9a elementor-widget elementor-widget-heading\" data-id=\"e791e9a\" data-element_type=\"widget\" data-widget_type=\"heading.default\">\n\t\t\t\t<div class=\"elementor-widget-container\">\n\t\t\t\t\t<p class=\"elementor-heading-title elementor-size-default\">Contactez-nous pour conna\u00eetre les prix de nos pr\u00e9m\u00e9langes et recevoir les fiches techniques !<\/p>\t\t\t\t<\/div>\n\t\t\t\t<\/div>\n\t\t\t\t<\/div>\n\t\t\r\n\t\t<div class=\"default no-position show_shadow rs-sticky-default elementor-element elementor-element-f4b94a4 e-con-full e-flex e-con e-child\" data-id=\"f4b94a4\" data-element_type=\"container\">\n\t\t\r\n\t\t\t\t<div class=\"elementor-element elementor-element-a8d0274 elementor-widget elementor-widget-rs-button\" data-id=\"a8d0274\" data-element_type=\"widget\" data-widget_type=\"rs-button.default\">\n\t\t\t\t<div class=\"elementor-widget-container\">\n\t\t\t\t\t\t\t<div class=\"rs-button style1\">\r\n\t\t\t\t\t\t<a class=\"rs-btn\" href=\"\/fr\/contact\/\" >\t\r\n\t\t\t\t<span>Contactez-nous \r\n\t\t\t\t\t\t\t\t\t<em>\r\n\t\t\t\t\t\t<i aria-hidden=\"true\" class=\"ri-arrow-right-line\"><\/i>\t\t\t\t\t\t<i aria-hidden=\"true\" class=\"ri-arrow-right-line\"><\/i>\t\t\t\t\t<\/em>\t\r\n\t\t\t\t\t\t\t\t<\/span>\r\n\t\t\t<\/a>\r\n\t\t<\/div>\r\n\t\t\t\t<\/div>\n\t\t\t\t<\/div>\n\t\t\t\t<\/div>\n\t\t\t\t\t<\/div>\n\t\t\t\t<\/div>\n\t\t\t\t<\/div>\n\t\t","protected":false},"excerpt":{"rendered":"<p>Pr\u00e9m\u00e9langes pour les ruminants Feedcom Pr\u00e9m\u00e9langes pour ruminants : la cl\u00e9 d&rsquo;une alimentation \u00e9quilibr\u00e9e et performante Les pr\u00e9m\u00e9langes jouent un r\u00f4le crucial dans l&rsquo;alimentation des ruminants, qu&rsquo;il s&rsquo;agisse de bovins laitiers, de bovins d\u2019engraissement, d&rsquo;ovins ou de caprins. Ces pr\u00e9m\u00e9langes concentr\u00e9s apportent les nutriments essentiels dont les animaux ont besoin et qui ne sont pas&#8230;<\/p>\n","protected":false},"author":1,"featured_media":0,"parent":0,"menu_order":0,"comment_status":"closed","ping_status":"closed","template":"elementor_header_footer","meta":{"footnotes":""},"class_list":["post-32883","page","type-page","status-publish","hentry"],"_links":{"self":[{"href":"https:\/\/feedcom.tn\/fr\/wp-json\/wp\/v2\/pages\/32883","targetHints":{"allow":["GET"]}}],"collection":[{"href":"https:\/\/feedcom.tn\/fr\/wp-json\/wp\/v2\/pages"}],"about":[{"href":"https:\/\/feedcom.tn\/fr\/wp-json\/wp\/v2\/types\/page"}],"author":[{"embeddable":true,"href":"https:\/\/feedcom.tn\/fr\/wp-json\/wp\/v2\/users\/1"}],"replies":[{"embeddable":true,"href":"https:\/\/feedcom.tn\/fr\/wp-json\/wp\/v2\/comments?post=32883"}],"version-history":[{"count":19,"href":"https:\/\/feedcom.tn\/fr\/wp-json\/wp\/v2\/pages\/32883\/revisions"}],"predecessor-version":[{"id":34271,"href":"https:\/\/feedcom.tn\/fr\/wp-json\/wp\/v2\/pages\/32883\/revisions\/34271"}],"wp:attachment":[{"href":"https:\/\/feedcom.tn\/fr\/wp-json\/wp\/v2\/media?parent=32883"}],"curies":[{"name":"wp","href":"https:\/\/api.w.org\/{rel}","templated":true}]}}