{"id":32858,"date":"2024-11-21T15:15:05","date_gmt":"2024-11-21T14:15:05","guid":{"rendered":"https:\/\/feedcom.tn\/premelanges-pour-les-volailles\/"},"modified":"2025-05-16T16:23:22","modified_gmt":"2025-05-16T14:23:22","slug":"premelanges-pour-les-volailles","status":"publish","type":"page","link":"https:\/\/feedcom.tn\/fr\/premelanges-pour-les-volailles\/","title":{"rendered":"Pr\u00e9m\u00e9langes pour les volailles"},"content":{"rendered":"\t\t<div data-elementor-type=\"wp-page\" data-elementor-id=\"32858\" class=\"elementor elementor-32858 elementor-30511\" data-elementor-post-type=\"page\">\n\t\t\t\t\r\n\t\t<div class=\"default no-position show_shadow rs-sticky-default elementor-element elementor-element-6f165ae6 e-flex e-con-boxed e-con e-parent\" data-id=\"6f165ae6\" data-element_type=\"container\" data-settings=\"{&quot;background_background&quot;:&quot;classic&quot;}\">\n\t\t\t\t\t<div class=\"e-con-inner\">\n\t\t\r\n\t\t<div class=\"default no-position show_shadow rs-sticky-default elementor-element elementor-element-4fdf6a3f e-flex e-con-boxed e-con e-child\" data-id=\"4fdf6a3f\" data-element_type=\"container\">\n\t\t\t\t\t<div class=\"e-con-inner\">\n\t\t\r\n\t\t<div class=\"default no-position show_shadow rs-sticky-default elementor-element elementor-element-2f290c2e e-con-full e-flex e-con e-child\" data-id=\"2f290c2e\" data-element_type=\"container\">\n\t\t\r\n\t\t\t\t<div class=\"elementor-element elementor-element-581d99cb elementor-widget elementor-widget-page-title\" data-id=\"581d99cb\" data-element_type=\"widget\" data-widget_type=\"page-title.default\">\n\t\t\t\t<div class=\"elementor-widget-container\">\n\t\t\t\t\t\t\t\n\t\t<div class=\"hfe-page-title hfe-page-title-wrapper elementor-widget-heading\">\n\t\t\t\n\t\t\t<h1 class=\"elementor-heading-title elementor-size\">\n\t\t\t\tPr\u00e9m\u00e9langes pour les volailles\t\t\t \n\t\t\t<\/h1 > \n\n\t\t\t\t\t\t\t\t<\/div>\n\t\t\t\t\t\t<\/div>\n\t\t\t\t<\/div>\n\t\t\r\n\t\t\t\t<div class=\"elementor-element elementor-element-1fc533e8 elementor-widget elementor-widget-rs-breadcrumb\" data-id=\"1fc533e8\" data-element_type=\"widget\" data-widget_type=\"rs-breadcrumb.default\">\n\t\t\t\t<div class=\"elementor-widget-container\">\n\t\t\t\t\t                    <div class=\"breadcrumb-area style3\"> \n                <div class=\"breadcrumbs-inner\"> \n                    <!-- Breadcrumb NavXT 7.4.1 -->\n<span property=\"itemListElement\" typeof=\"ListItem\"><a property=\"item\" typeof=\"WebPage\" title=\"Aller \u00e0 Feedcom.\" href=\"https:\/\/feedcom.tn\/fr\/\" class=\"home\" aria-current=\"page\"><span property=\"name\">Feedcom<\/span><\/a><meta property=\"position\" content=\"1\"><\/span>                <\/div>\n            <\/div> \n          \n    \t\t\t\t<\/div>\n\t\t\t\t<\/div>\n\t\t\t\t<\/div>\n\t\t\r\n\t\t<div class=\"default no-position show_shadow rs-sticky-default elementor-element elementor-element-33f2028 e-con-full e-flex e-con e-child\" data-id=\"33f2028\" data-element_type=\"container\">\n\t\t\t\t<\/div>\n\t\t\t\t\t<\/div>\n\t\t\t\t<\/div>\n\t\t\t\t\t<\/div>\n\t\t\t\t<\/div>\n\t\t\r\n\t\t<div class=\"default no-position show_shadow rs-sticky-default elementor-element elementor-element-29a5d769 e-flex e-con-boxed e-con e-parent\" data-id=\"29a5d769\" data-element_type=\"container\">\n\t\t\t\t\t<div class=\"e-con-inner\">\n\t\t\r\n\t\t<div class=\"default no-position show_shadow rs-sticky-default elementor-element elementor-element-647a1e5d e-flex e-con-boxed e-con e-child\" data-id=\"647a1e5d\" data-element_type=\"container\">\n\t\t\t\t\t<div class=\"e-con-inner\">\n\t\t\r\n\t\t\t\t<div class=\"elementor-element elementor-element-deb0990 elementor-widget elementor-widget-rs-heading\" data-id=\"deb0990\" data-element_type=\"widget\" data-widget_type=\"rs-heading.default\">\n\t\t\t\t<div class=\"elementor-widget-container\">\n\t\t\t\t\t\n\t\t<div class=\"prelements-heading default  \">\n\t\t\t<div class=\"title-inner\">\n\t\t\t\t<h2 class=\"title rs-split-text-disable \">Pr\u00e9m\u00e9langes pour poulets de chair : une nutrition sur mesure pour une croissance optimale<\/h2>\n\t\t\t<\/div>\n\t\t\t\t\t\t\t<div class=\"description\">\n\t\t\t\t\t<p>Les besoins nutritionnels des poulets de chair \u00e9voluent rapidement tout au long de leur croissance. Pour r\u00e9pondre \u00e0 ces exigences sp\u00e9cifiques, nous proposons une gamme compl\u00e8te de pr\u00e9m\u00e9langes adapt\u00e9s \u00e0 chaque phase de d\u00e9veloppement<\/p>\t\t\t\t<\/div>\n\t\t\t\t\t<\/div>\n\t\t\t\t<\/div>\n\t\t\t\t<\/div>\n\t\t\t\t\t<\/div>\n\t\t\t\t<\/div>\n\t\t\r\n\t\t<div class=\"default no-position show_shadow rs-sticky-default elementor-element elementor-element-b0ecfb6 e-grid e-con-boxed e-con e-child\" data-id=\"b0ecfb6\" data-element_type=\"container\">\n\t\t\t\t\t<div class=\"e-con-inner\">\n\t\t\r\n\t\t\t\t<div class=\"elementor-element elementor-element-ca21857 blocks-poultry-fr elementor-widget elementor-widget-rs-service-grid\" data-id=\"ca21857\" data-element_type=\"widget\" data-widget_type=\"rs-service-grid.default\">\n\t\t\t\t<div class=\"elementor-widget-container\">\n\t\t\t\t\t\r\n\t\t<div class=\"rs-addon-services style2\">\r\n\t\t\t<div class=\"services-inner box\">\r\n                    <div class=\"media_wrap\">\r\n                                    \r\n                        <div class=\"icon_style media-cmn normal\">\r\n\r\n                            <svg aria-hidden=\"true\" class=\"e-font-icon-svg e-fas-star\" viewBox=\"0 0 576 512\" xmlns=\"http:\/\/www.w3.org\/2000\/svg\"><path d=\"M259.3 17.8L194 150.2 47.9 171.5c-26.2 3.8-36.7 36.1-17.7 54.6l105.7 103-25 145.5c-4.5 26.3 23.2 46 46.4 33.7L288 439.6l130.7 68.7c23.2 12.2 50.9-7.4 46.4-33.7l-25-145.5 105.7-103c19-18.5 8.5-50.8-17.7-54.6L382 150.2 316.7 17.8c-11.7-23.6-45.6-23.9-57.4 0z\"><\/path><\/svg>                        <\/div>\r\n\r\n                    \r\n                                                <\/div>\r\n            <div class=\"content_part\">\r\n                    <div class=\"services-title\">\r\n                                    <h3 class=\"title\"> Premix d\u00e9marrage poulet de chair<\/h3>\r\n                            <\/div>\r\n        \r\n                    <div class=\"desc-text\">\r\n                <div style=\"text-align:justify\">Formul\u00e9 sp\u00e9cialement pour stimuler l\u2019app\u00e9tit et favoriser une croissance rapide d\u00e8s les premiers jours, le pr\u00e9m\u00e9lange de d\u00e9marrage pour poulets de chair de FEEDCOM est disponible en diff\u00e9rentes concentrations. Sa formule contient un ensemble d\u2019acides amin\u00e9s, vitamines, min\u00e9raux et oligo \u00e9l\u00e9ments de haute qualit\u00e9, ainsi que divers autres additifs, contribuant \u00e0 une croissance saine et robuste.\nCette formulation soutient le d\u00e9veloppement musculaire et optimise les performances des poulets. Elle favorise \u00e9galement la sant\u00e9 digestive et immunitaire, assurant ainsi des taux de croissance optimaux durant la phase de d\u00e9marrage.<\/div>            <\/div>\r\n        \r\n            <\/div>\r\n<\/div>\t\t<\/div>\r\n\r\n\t\t\t\t<\/div>\n\t\t\t\t<\/div>\n\t\t\r\n\t\t\t\t<div class=\"elementor-element elementor-element-b19ea95 blocks-poultry-fr elementor-widget elementor-widget-rs-service-grid\" data-id=\"b19ea95\" data-element_type=\"widget\" data-widget_type=\"rs-service-grid.default\">\n\t\t\t\t<div class=\"elementor-widget-container\">\n\t\t\t\t\t\r\n\t\t<div class=\"rs-addon-services style2\">\r\n\t\t\t<div class=\"services-inner box\">\r\n                    <div class=\"media_wrap\">\r\n                                    \r\n                        <div class=\"icon_style media-cmn normal\">\r\n\r\n                            <svg aria-hidden=\"true\" class=\"e-font-icon-svg e-fas-star\" viewBox=\"0 0 576 512\" xmlns=\"http:\/\/www.w3.org\/2000\/svg\"><path d=\"M259.3 17.8L194 150.2 47.9 171.5c-26.2 3.8-36.7 36.1-17.7 54.6l105.7 103-25 145.5c-4.5 26.3 23.2 46 46.4 33.7L288 439.6l130.7 68.7c23.2 12.2 50.9-7.4 46.4-33.7l-25-145.5 105.7-103c19-18.5 8.5-50.8-17.7-54.6L382 150.2 316.7 17.8c-11.7-23.6-45.6-23.9-57.4 0z\"><\/path><\/svg>                        <\/div>\r\n\r\n                    \r\n                                                <\/div>\r\n            <div class=\"content_part\">\r\n                    <div class=\"services-title\">\r\n                                    <h3 class=\"title\"> Premix croissance poulet de chair<\/h3>\r\n                            <\/div>\r\n        \r\n                    <div class=\"desc-text\">\r\n                <div style=\"text-align:justify\">Con\u00e7u pour maintenir un taux de croissance \u00e9lev\u00e9 tout en optimisant la conversion alimentaire, ce pr\u00e9m\u00e9lange contient des acides amin\u00e9s, des vitamines et des min\u00e9raux dos\u00e9s avec pr\u00e9cision, selon les directives de la souche et les recommandations issues des publications scientifiques ainsi que les besoins des clients. Enrichi en enzymes et autres additifs de qualit\u00e9, il r\u00e9pond enti\u00e8rement aux besoins des poulets en phase de croissance. Disponible en diff\u00e9rentes concentrations, le premix croissance poulet de chair FEEDCOM garantit un taux de conversion alimentaire optimal, pr\u00e9serve la qualit\u00e9 et la valeur nutritive de l\u2019aliment, favorisant ainsi une croissance rapide et une meilleure absorption des nutriments chez les volailles.<\/div>            <\/div>\r\n        \r\n            <\/div>\r\n<\/div>\t\t<\/div>\r\n\r\n\t\t\t\t<\/div>\n\t\t\t\t<\/div>\n\t\t\r\n\t\t\t\t<div class=\"elementor-element elementor-element-6c6d247 blocks-poultry-fr elementor-widget elementor-widget-rs-service-grid\" data-id=\"6c6d247\" data-element_type=\"widget\" data-widget_type=\"rs-service-grid.default\">\n\t\t\t\t<div class=\"elementor-widget-container\">\n\t\t\t\t\t\r\n\t\t<div class=\"rs-addon-services style2\">\r\n\t\t\t<div class=\"services-inner box\">\r\n                    <div class=\"media_wrap\">\r\n                                    \r\n                        <div class=\"icon_style media-cmn normal\">\r\n\r\n                            <svg aria-hidden=\"true\" class=\"e-font-icon-svg e-fas-star\" viewBox=\"0 0 576 512\" xmlns=\"http:\/\/www.w3.org\/2000\/svg\"><path d=\"M259.3 17.8L194 150.2 47.9 171.5c-26.2 3.8-36.7 36.1-17.7 54.6l105.7 103-25 145.5c-4.5 26.3 23.2 46 46.4 33.7L288 439.6l130.7 68.7c23.2 12.2 50.9-7.4 46.4-33.7l-25-145.5 105.7-103c19-18.5 8.5-50.8-17.7-54.6L382 150.2 316.7 17.8c-11.7-23.6-45.6-23.9-57.4 0z\"><\/path><\/svg>                        <\/div>\r\n\r\n                    \r\n                                                <\/div>\r\n            <div class=\"content_part\">\r\n                    <div class=\"services-title\">\r\n                                    <h2 class=\"title\"> Premix de finition poulets de chair<\/h2>\r\n                            <\/div>\r\n        \r\n                    <div class=\"desc-text\">\r\n                <div style=\"text-align:justify\">En phase de finition, ce suppl\u00e9ment nutritionnel joue un r\u00f4le crucial en maximisant la croissance rapide et l'efficacit\u00e9 de la conversion alimentaire. Notre premix assure un apport \u00e9quilibr\u00e9 en vitamines et min\u00e9raux essentiels, renfor\u00e7ant le syst\u00e8me immunitaire des poules et r\u00e9duisant le risque de maladies. De plus, il am\u00e9liore la qualit\u00e9 de la viande en contribuant \u00e0 une texture et une couleur optimales. En \u00e9vitant les carences nutritionnelles, notre premix garantit une croissance saine et une viande de premier choix.<\/div>            <\/div>\r\n        \r\n            <\/div>\r\n<\/div>\t\t<\/div>\r\n\r\n\t\t\t\t<\/div>\n\t\t\t\t<\/div>\n\t\t\t\t\t<\/div>\n\t\t\t\t<\/div>\n\t\t\t\t\t<\/div>\n\t\t\t\t<\/div>\n\t\t\r\n\t\t<div class=\"default no-position show_shadow rs-sticky-default elementor-element elementor-element-6b67443 e-flex e-con-boxed e-con e-parent\" data-id=\"6b67443\" data-element_type=\"container\">\n\t\t\t\t\t<div class=\"e-con-inner\">\n\t\t\r\n\t\t<div class=\"default no-position show_shadow rs-sticky-default elementor-element elementor-element-726ff2b e-grid e-con-boxed e-con e-child\" data-id=\"726ff2b\" data-element_type=\"container\">\n\t\t\t\t\t<div class=\"e-con-inner\">\n\t\t\r\n\t\t\t\t<div class=\"elementor-element elementor-element-92a3ca8 elementor-widget elementor-widget-rs-heading\" data-id=\"92a3ca8\" data-element_type=\"widget\" data-widget_type=\"rs-heading.default\">\n\t\t\t\t<div class=\"elementor-widget-container\">\n\t\t\t\t\t\n\t\t<div class=\"prelements-heading default  \">\n\t\t\t<div class=\"title-inner\">\n\t\t\t\t<h3 class=\"title rs-split-text-disable \">Des additifs performants pour des rendements exceptionnels : la garantie de notre expertise<\/h3>\n\t\t\t<\/div>\n\t\t\t\t\t\t\t<div class=\"description\">\n\t\t\t\t\tNos pr\u00e9mix, \u00e9labor\u00e9s sur mesure gr\u00e2ce \u00e0 une formulation scientifique rigoureuse, r\u00e9pondent aux besoins sp\u00e9cifiques de chaque \u00e9levage de poulets de chair. En optimisant l'\u00e9quilibre nutritionnel, ils favorisent une croissance rapide, renforcent le syst\u00e8me immunitaire et am\u00e9liorent significativement la conversion alimentaire, pour des r\u00e9sultats toujours plus performants.\t\t\t\t<\/div>\n\t\t\t\t\t<\/div>\n\t\t\t\t<\/div>\n\t\t\t\t<\/div>\n\t\t\r\n\t\t\t\t<div class=\"elementor-element elementor-element-cd5eb5a elementor-widget elementor-widget-image\" data-id=\"cd5eb5a\" data-element_type=\"widget\" data-widget_type=\"image.default\">\n\t\t\t\t<div class=\"elementor-widget-container\">\n\t\t\t\t\t\t\t\t\t\t\t\t\t\t\t<img fetchpriority=\"high\" decoding=\"async\" width=\"500\" height=\"500\" src=\"https:\/\/feedcom.tn\/wp-content\/uploads\/2025\/02\/francais-500x500.png\" class=\"attachment-rsaddon-team-round-style size-rsaddon-team-round-style wp-image-32868\" alt=\"\" srcset=\"https:\/\/feedcom.tn\/wp-content\/uploads\/2025\/02\/francais-500x500.png 500w, https:\/\/feedcom.tn\/wp-content\/uploads\/2025\/02\/francais-300x300.png 300w, https:\/\/feedcom.tn\/wp-content\/uploads\/2025\/02\/francais-150x150.png 150w, https:\/\/feedcom.tn\/wp-content\/uploads\/2025\/02\/francais-768x768.png 768w, https:\/\/feedcom.tn\/wp-content\/uploads\/2025\/02\/francais.png 800w\" sizes=\"(max-width: 500px) 100vw, 500px\" \/>\t\t\t\t\t\t\t\t\t\t\t\t\t\t\t<\/div>\n\t\t\t\t<\/div>\n\t\t\t\t\t<\/div>\n\t\t\t\t<\/div>\n\t\t\t\t\t<\/div>\n\t\t\t\t<\/div>\n\t\t\r\n\t\t<div class=\"default no-position show_shadow rs-sticky-default elementor-element elementor-element-99b205c e-flex e-con-boxed e-con e-parent\" data-id=\"99b205c\" data-element_type=\"container\">\n\t\t\t\t\t<div class=\"e-con-inner\">\n\t\t\r\n\t\t<div class=\"default no-position show_shadow rs-sticky-default elementor-element elementor-element-63e1436 e-flex e-con-boxed e-con e-child\" data-id=\"63e1436\" data-element_type=\"container\">\n\t\t\t\t\t<div class=\"e-con-inner\">\n\t\t\r\n\t\t\t\t<div class=\"elementor-element elementor-element-e0a4fe5 elementor-widget elementor-widget-rs-heading\" data-id=\"e0a4fe5\" data-element_type=\"widget\" data-widget_type=\"rs-heading.default\">\n\t\t\t\t<div class=\"elementor-widget-container\">\n\t\t\t\t\t\n\t\t<div class=\"prelements-heading default  \">\n\t\t\t<div class=\"title-inner\">\n\t\t\t\t<h2 class=\"title rs-split-text-disable \">Pr\u00e9m\u00e9lange pour poules pondeuses : Optimisez votre production d'\u0153ufs avec nos pr\u00e9m\u00e9langes sur mesure pour poules pondeuses<\/h2>\n\t\t\t<\/div>\n\t\t\t\t\t\t\t<div class=\"description\">\n\t\t\t\t\tFEEDCOM propose une gamme de pr\u00e9m\u00e9langes sp\u00e9cialement con\u00e7us pour r\u00e9pondre aux besoins nutritionnels sp\u00e9cifiques des poules pondeuses.\n\nGr\u00e2ce \u00e0 une formulation pr\u00e9cise, nos m\u00e9langes favorisent :\n<ul>\n \t<li><strong>Une ponte r\u00e9guli\u00e8re et abondante <\/strong>: Stimule la production d'\u0153ufs et maintient un taux de ponte \u00e9lev\u00e9 tout au long de l'ann\u00e9e.<\/li>\n \t<li><strong>Des \u0153ufs de qualit\u00e9 sup\u00e9rieure  <\/strong>: Am\u00e9liore la couleur du jaune, la solidit\u00e9 de la coquille, la saveur et le poids de vos \u0153ufs.<\/li>\n \t<li><strong>Une meilleure sant\u00e9 de vos volailles  <\/strong>: Renforce le syst\u00e8me immunitaire de vos poules\npour r\u00e9duire les risques de maladies et assurer une longue vie productive.<\/li>\n<\/ul>\t\t\t\t<\/div>\n\t\t\t\t\t<\/div>\n\t\t\t\t<\/div>\n\t\t\t\t<\/div>\n\t\t\t\t\t<\/div>\n\t\t\t\t<\/div>\n\t\t\t\t\t<\/div>\n\t\t\t\t<\/div>\n\t\t\r\n\t\t<div class=\"default no-position show_shadow rs-sticky-default elementor-element elementor-element-d83389a e-flex e-con-boxed e-con e-parent\" data-id=\"d83389a\" data-element_type=\"container\" data-settings=\"{&quot;background_background&quot;:&quot;classic&quot;}\">\n\t\t\t\t\t<div class=\"e-con-inner\">\n\t\t\r\n\t\t<div class=\"default no-position show_shadow rs-sticky-default elementor-element elementor-element-e2f8c59 e-con-full e-flex e-con e-child\" data-id=\"e2f8c59\" data-element_type=\"container\">\n\t\t\r\n\t\t\t\t<div class=\"elementor-element elementor-element-17feb36 elementor-widget elementor-widget-heading\" data-id=\"17feb36\" data-element_type=\"widget\" data-widget_type=\"heading.default\">\n\t\t\t\t<div class=\"elementor-widget-container\">\n\t\t\t\t\t<h4 class=\"elementor-heading-title elementor-size-default\">Vous souhaitez en savoir plus sur nos produits ?<\/h4>\t\t\t\t<\/div>\n\t\t\t\t<\/div>\n\t\t\r\n\t\t\t\t<div class=\"elementor-element elementor-element-e791e9a elementor-widget elementor-widget-heading\" data-id=\"e791e9a\" data-element_type=\"widget\" data-widget_type=\"heading.default\">\n\t\t\t\t<div class=\"elementor-widget-container\">\n\t\t\t\t\t<p class=\"elementor-heading-title elementor-size-default\">Contactez-nous pour conna\u00eetre les prix de\nnos pr\u00e9m\u00e9langes et recevoir les fiches techniques !<\/p>\t\t\t\t<\/div>\n\t\t\t\t<\/div>\n\t\t\t\t<\/div>\n\t\t\r\n\t\t<div class=\"default no-position show_shadow rs-sticky-default elementor-element elementor-element-f4b94a4 e-con-full e-flex e-con e-child\" data-id=\"f4b94a4\" data-element_type=\"container\">\n\t\t\r\n\t\t\t\t<div class=\"elementor-element elementor-element-a8d0274 elementor-widget elementor-widget-rs-button\" data-id=\"a8d0274\" data-element_type=\"widget\" data-widget_type=\"rs-button.default\">\n\t\t\t\t<div class=\"elementor-widget-container\">\n\t\t\t\t\t\t\t<div class=\"rs-button style1\">\r\n\t\t\t\t\t\t<a class=\"rs-btn\" href=\"\/fr\/contact\/\" >\t\r\n\t\t\t\t<span>Contactez-nous \r\n\t\t\t\t\t\t\t\t\t<em>\r\n\t\t\t\t\t\t<i aria-hidden=\"true\" class=\"ri-arrow-right-line\"><\/i>\t\t\t\t\t\t<i aria-hidden=\"true\" class=\"ri-arrow-right-line\"><\/i>\t\t\t\t\t<\/em>\t\r\n\t\t\t\t\t\t\t\t<\/span>\r\n\t\t\t<\/a>\r\n\t\t<\/div>\r\n\t\t\t\t<\/div>\n\t\t\t\t<\/div>\n\t\t\t\t<\/div>\n\t\t\t\t\t<\/div>\n\t\t\t\t<\/div>\n\t\t\t\t<\/div>\n\t\t","protected":false},"excerpt":{"rendered":"<p>Pr\u00e9m\u00e9langes pour les volailles Feedcom Pr\u00e9m\u00e9langes pour poulets de chair : une nutrition sur mesure pour une croissance optimale Les besoins nutritionnels des poulets de chair \u00e9voluent rapidement tout au long de leur croissance. Pour r\u00e9pondre \u00e0 ces exigences sp\u00e9cifiques, nous proposons une gamme compl\u00e8te de pr\u00e9m\u00e9langes adapt\u00e9s \u00e0 chaque phase de d\u00e9veloppement Premix d\u00e9marrage&#8230;<\/p>\n","protected":false},"author":1,"featured_media":0,"parent":0,"menu_order":0,"comment_status":"closed","ping_status":"closed","template":"elementor_header_footer","meta":{"footnotes":""},"class_list":["post-32858","page","type-page","status-publish","hentry"],"_links":{"self":[{"href":"https:\/\/feedcom.tn\/fr\/wp-json\/wp\/v2\/pages\/32858","targetHints":{"allow":["GET"]}}],"collection":[{"href":"https:\/\/feedcom.tn\/fr\/wp-json\/wp\/v2\/pages"}],"about":[{"href":"https:\/\/feedcom.tn\/fr\/wp-json\/wp\/v2\/types\/page"}],"author":[{"embeddable":true,"href":"https:\/\/feedcom.tn\/fr\/wp-json\/wp\/v2\/users\/1"}],"replies":[{"embeddable":true,"href":"https:\/\/feedcom.tn\/fr\/wp-json\/wp\/v2\/comments?post=32858"}],"version-history":[{"count":35,"href":"https:\/\/feedcom.tn\/fr\/wp-json\/wp\/v2\/pages\/32858\/revisions"}],"predecessor-version":[{"id":34267,"href":"https:\/\/feedcom.tn\/fr\/wp-json\/wp\/v2\/pages\/32858\/revisions\/34267"}],"wp:attachment":[{"href":"https:\/\/feedcom.tn\/fr\/wp-json\/wp\/v2\/media?parent=32858"}],"curies":[{"name":"wp","href":"https:\/\/api.w.org\/{rel}","templated":true}]}}