{"id":32834,"date":"2024-11-19T09:56:10","date_gmt":"2024-11-19T08:56:10","guid":{"rendered":"https:\/\/feedcom.tn\/nos-produits\/"},"modified":"2025-05-16T16:20:55","modified_gmt":"2025-05-16T14:20:55","slug":"nos-produits","status":"publish","type":"page","link":"https:\/\/feedcom.tn\/fr\/nos-produits\/","title":{"rendered":"Nos produits"},"content":{"rendered":"\t\t<div data-elementor-type=\"wp-page\" data-elementor-id=\"32834\" class=\"elementor elementor-32834 elementor-30275\" data-elementor-post-type=\"page\">\n\t\t\t\t\r\n\t\t<div class=\"default no-position show_shadow rs-sticky-default elementor-element elementor-element-78cfe9aa e-flex e-con-boxed e-con e-parent\" data-id=\"78cfe9aa\" data-element_type=\"container\" data-settings=\"{&quot;background_background&quot;:&quot;classic&quot;}\">\n\t\t\t\t\t<div class=\"e-con-inner\">\n\t\t\r\n\t\t<div class=\"default no-position show_shadow rs-sticky-default elementor-element elementor-element-1b74e3e2 e-flex e-con-boxed e-con e-child\" data-id=\"1b74e3e2\" data-element_type=\"container\">\n\t\t\t\t\t<div class=\"e-con-inner\">\n\t\t\r\n\t\t<div class=\"default no-position show_shadow rs-sticky-default elementor-element elementor-element-24b0d209 e-con-full e-flex e-con e-child\" data-id=\"24b0d209\" data-element_type=\"container\">\n\t\t\r\n\t\t\t\t<div class=\"elementor-element elementor-element-57b167e6 elementor-widget elementor-widget-page-title\" data-id=\"57b167e6\" data-element_type=\"widget\" data-widget_type=\"page-title.default\">\n\t\t\t\t<div class=\"elementor-widget-container\">\n\t\t\t\t\t\t\t\n\t\t<div class=\"hfe-page-title hfe-page-title-wrapper elementor-widget-heading\">\n\t\t\t\n\t\t\t<h1 class=\"elementor-heading-title elementor-size\">\n\t\t\t\tNos produits\t\t\t \n\t\t\t<\/h1 > \n\n\t\t\t\t\t\t\t\t<\/div>\n\t\t\t\t\t\t<\/div>\n\t\t\t\t<\/div>\n\t\t\r\n\t\t\t\t<div class=\"elementor-element elementor-element-6e3df516 elementor-widget elementor-widget-rs-breadcrumb\" data-id=\"6e3df516\" data-element_type=\"widget\" data-widget_type=\"rs-breadcrumb.default\">\n\t\t\t\t<div class=\"elementor-widget-container\">\n\t\t\t\t\t                    <div class=\"breadcrumb-area style3\"> \n                <div class=\"breadcrumbs-inner\"> \n                    <!-- Breadcrumb NavXT 7.4.1 -->\n<span property=\"itemListElement\" typeof=\"ListItem\"><a property=\"item\" typeof=\"WebPage\" title=\"Aller \u00e0 Feedcom.\" href=\"https:\/\/feedcom.tn\/fr\/\" class=\"home\" aria-current=\"page\"><span property=\"name\">Feedcom<\/span><\/a><meta property=\"position\" content=\"1\"><\/span>                <\/div>\n            <\/div> \n          \n    \t\t\t\t<\/div>\n\t\t\t\t<\/div>\n\t\t\t\t<\/div>\n\t\t\r\n\t\t<div class=\"default no-position show_shadow rs-sticky-default elementor-element elementor-element-63b49eb2 e-con-full e-flex e-con e-child\" data-id=\"63b49eb2\" data-element_type=\"container\">\n\t\t\t\t<\/div>\n\t\t\t\t\t<\/div>\n\t\t\t\t<\/div>\n\t\t\t\t\t<\/div>\n\t\t\t\t<\/div>\n\t\t\r\n\t\t<div class=\"default no-position show_shadow rs-sticky-default elementor-element elementor-element-2b94774d e-flex e-con-boxed e-con e-parent\" data-id=\"2b94774d\" data-element_type=\"container\" data-settings=\"{&quot;background_background&quot;:&quot;classic&quot;}\">\n\t\t\t\t\t<div class=\"e-con-inner\">\n\t\t\r\n\t\t<div class=\"default no-position show_shadow rs-sticky-default elementor-element elementor-element-3eb67b38 e-flex e-con-boxed e-con e-child\" data-id=\"3eb67b38\" data-element_type=\"container\">\n\t\t\t\t\t<div class=\"e-con-inner\">\n\t\t\r\n\t\t<div class=\"default no-position show_shadow rs-sticky-default elementor-element elementor-element-2640fe5e e-con-full e-flex e-con e-child\" data-id=\"2640fe5e\" data-element_type=\"container\">\n\t\t\r\n\t\t\t\t<div class=\"elementor-element elementor-element-3af1d89b elementor-widget-tablet__width-inherit elementor-widget elementor-widget-rs-heading\" data-id=\"3af1d89b\" data-element_type=\"widget\" data-widget_type=\"rs-heading.default\">\n\t\t\t\t<div class=\"elementor-widget-container\">\n\t\t\t\t\t\n\t\t<div class=\"prelements-heading style1  \">\n\t\t\t<div class=\"title-inner\">\n\t\t\t\t<h2 class=\"title rs-split-text-disable \">Qu\u2019est-ce qu\u2019un Pr\u00e9mix ?<\/h2>\n\t\t\t<\/div>\n\t\t\t\t\t<\/div>\n\t\t\t\t<\/div>\n\t\t\t\t<\/div>\n\t\t\t\t<\/div>\n\t\t\t\t\t<\/div>\n\t\t\t\t<\/div>\n\t\t\r\n\t\t<div class=\"default no-position show_shadow rs-sticky-default elementor-element elementor-element-648d30be e-flex e-con-boxed e-con e-child\" data-id=\"648d30be\" data-element_type=\"container\">\n\t\t\t\t\t<div class=\"e-con-inner\">\n\t\t\r\n\t\t<div class=\"default no-position show_shadow rs-sticky-default elementor-element elementor-element-1b998d71 e-con-full e-flex e-con e-child\" data-id=\"1b998d71\" data-element_type=\"container\">\n\t\t\r\n\t\t<div class=\"default no-position show_shadow rs-sticky-default elementor-element elementor-element-1a1002b5 e-con-full e-flex e-con e-child\" data-id=\"1a1002b5\" data-element_type=\"container\">\n\t\t\r\n\t\t\t\t<div class=\"elementor-element elementor-element-35d6a29 elementor-widget elementor-widget-heading\" data-id=\"35d6a29\" data-element_type=\"widget\" data-widget_type=\"heading.default\">\n\t\t\t\t<div class=\"elementor-widget-container\">\n\t\t\t\t\t<h6 class=\"elementor-heading-title elementor-size-default\">Vitamines<\/h6>\t\t\t\t<\/div>\n\t\t\t\t<\/div>\n\t\t\r\n\t\t\t\t<div class=\"elementor-element elementor-element-eb17c3d elementor-widget elementor-widget-text-editor\" data-id=\"eb17c3d\" data-element_type=\"widget\" data-widget_type=\"text-editor.default\">\n\t\t\t\t<div class=\"elementor-widget-container\">\n\t\t\t\t\t\t\t\t\t(Vitamine liposolubles et vitamines\nhydrosolubles)\n\t\t\t\t\t\t\t\t<\/div>\n\t\t\t\t<\/div>\n\t\t\r\n\t\t\t\t<div class=\"elementor-element elementor-element-9d90164 elementor-widget elementor-widget-heading\" data-id=\"9d90164\" data-element_type=\"widget\" data-widget_type=\"heading.default\">\n\t\t\t\t<div class=\"elementor-widget-container\">\n\t\t\t\t\t<h6 class=\"elementor-heading-title elementor-size-default\">Oligo-\u00e9l\u00e9ments\n<\/h6>\t\t\t\t<\/div>\n\t\t\t\t<\/div>\n\t\t\r\n\t\t\t\t<div class=\"elementor-element elementor-element-97fe837 elementor-widget elementor-widget-text-editor\" data-id=\"97fe837\" data-element_type=\"widget\" data-widget_type=\"text-editor.default\">\n\t\t\t\t<div class=\"elementor-widget-container\">\n\t\t\t\t\t\t\t\t\t<p>( le fer, le zinc, le cuivre, l\u2019 iode, le s\u00e9l\u00e9nium ..)<\/p>\t\t\t\t\t\t\t\t<\/div>\n\t\t\t\t<\/div>\n\t\t\r\n\t\t\t\t<div class=\"elementor-element elementor-element-5f67ca6 elementor-widget elementor-widget-heading\" data-id=\"5f67ca6\" data-element_type=\"widget\" data-widget_type=\"heading.default\">\n\t\t\t\t<div class=\"elementor-widget-container\">\n\t\t\t\t\t<h6 class=\"elementor-heading-title elementor-size-default\">Min\u00e9raux<\/h6>\t\t\t\t<\/div>\n\t\t\t\t<\/div>\n\t\t\r\n\t\t\t\t<div class=\"elementor-element elementor-element-7947715 elementor-widget elementor-widget-text-editor\" data-id=\"7947715\" data-element_type=\"widget\" data-widget_type=\"text-editor.default\">\n\t\t\t\t<div class=\"elementor-widget-container\">\n\t\t\t\t\t\t\t\t\t<p>( le calcium, le magn\u00e9sium, et le<br \/>sodium &#8230;)<\/p>\t\t\t\t\t\t\t\t<\/div>\n\t\t\t\t<\/div>\n\t\t\t\t<\/div>\n\t\t\r\n\t\t<div class=\"default no-position show_shadow rs-sticky-default elementor-element elementor-element-202df260 e-con-full e-flex e-con e-child\" data-id=\"202df260\" data-element_type=\"container\">\n\t\t\r\n\t\t\t\t<div class=\"elementor-element elementor-element-7e1860b elementor-widget elementor-widget-image\" data-id=\"7e1860b\" data-element_type=\"widget\" data-widget_type=\"image.default\">\n\t\t\t\t<div class=\"elementor-widget-container\">\n\t\t\t\t\t\t\t\t\t\t\t\t\t\t\t<img fetchpriority=\"high\" decoding=\"async\" width=\"640\" height=\"640\" src=\"https:\/\/feedcom.tn\/wp-content\/uploads\/2025\/04\/feedcomPackaging-1-1024x1024.png\" class=\"attachment-large size-large wp-image-34167\" alt=\"\" srcset=\"https:\/\/feedcom.tn\/wp-content\/uploads\/2025\/04\/feedcomPackaging-1-1024x1024.png 1024w, https:\/\/feedcom.tn\/wp-content\/uploads\/2025\/04\/feedcomPackaging-1-300x300.png 300w, https:\/\/feedcom.tn\/wp-content\/uploads\/2025\/04\/feedcomPackaging-1-150x150.png 150w, https:\/\/feedcom.tn\/wp-content\/uploads\/2025\/04\/feedcomPackaging-1-768x768.png 768w, https:\/\/feedcom.tn\/wp-content\/uploads\/2025\/04\/feedcomPackaging-1-500x500.png 500w, https:\/\/feedcom.tn\/wp-content\/uploads\/2025\/04\/feedcomPackaging-1-1536x1536.png 1536w, https:\/\/feedcom.tn\/wp-content\/uploads\/2025\/04\/feedcomPackaging-1-2048x2048.png 2048w\" sizes=\"(max-width: 640px) 100vw, 640px\" \/>\t\t\t\t\t\t\t\t\t\t\t\t\t\t\t<\/div>\n\t\t\t\t<\/div>\n\t\t\t\t<\/div>\n\t\t\r\n\t\t<div class=\"default no-position show_shadow rs-sticky-default elementor-element elementor-element-2b7aa04 e-con-full e-flex e-con e-child\" data-id=\"2b7aa04\" data-element_type=\"container\">\n\t\t\r\n\t\t\t\t<div class=\"elementor-element elementor-element-d9b310a elementor-widget elementor-widget-heading\" data-id=\"d9b310a\" data-element_type=\"widget\" data-widget_type=\"heading.default\">\n\t\t\t\t<div class=\"elementor-widget-container\">\n\t\t\t\t\t<h6 class=\"elementor-heading-title elementor-size-default\">Enzymes<\/h6>\t\t\t\t<\/div>\n\t\t\t\t<\/div>\n\t\t\r\n\t\t\t\t<div class=\"elementor-element elementor-element-a601d8a elementor-widget elementor-widget-text-editor\" data-id=\"a601d8a\" data-element_type=\"widget\" data-widget_type=\"text-editor.default\">\n\t\t\t\t<div class=\"elementor-widget-container\">\n\t\t\t\t\t\t\t\t\t<p>(Phytases, NSP ases..)<\/p>\t\t\t\t\t\t\t\t<\/div>\n\t\t\t\t<\/div>\n\t\t\r\n\t\t\t\t<div class=\"elementor-element elementor-element-f640491 elementor-widget elementor-widget-heading\" data-id=\"f640491\" data-element_type=\"widget\" data-widget_type=\"heading.default\">\n\t\t\t\t<div class=\"elementor-widget-container\">\n\t\t\t\t\t<h6 class=\"elementor-heading-title elementor-size-default\">Acides amin\u00e9s <\/h6>\t\t\t\t<\/div>\n\t\t\t\t<\/div>\n\t\t\r\n\t\t\t\t<div class=\"elementor-element elementor-element-0c56f6b elementor-widget elementor-widget-text-editor\" data-id=\"0c56f6b\" data-element_type=\"widget\" data-widget_type=\"text-editor.default\">\n\t\t\t\t<div class=\"elementor-widget-container\">\n\t\t\t\t\t\t\t\t\t<p>(M\u00e9thionine, lysine, thr\u00e9onine\u2026)<\/p>\t\t\t\t\t\t\t\t<\/div>\n\t\t\t\t<\/div>\n\t\t\r\n\t\t\t\t<div class=\"elementor-element elementor-element-4ada056 elementor-widget elementor-widget-heading\" data-id=\"4ada056\" data-element_type=\"widget\" data-widget_type=\"heading.default\">\n\t\t\t\t<div class=\"elementor-widget-container\">\n\t\t\t\t\t<h6 class=\"elementor-heading-title elementor-size-default\">Autres additifs <\/h6>\t\t\t\t<\/div>\n\t\t\t\t<\/div>\n\t\t\r\n\t\t\t\t<div class=\"elementor-element elementor-element-9583bba elementor-widget elementor-widget-text-editor\" data-id=\"9583bba\" data-element_type=\"widget\" data-widget_type=\"text-editor.default\">\n\t\t\t\t<div class=\"elementor-widget-container\">\n\t\t\t\t\t\t\t\t\t<p>(Facteurs de croissance, probiotiques, pr\u00e9biotiques, capteurs des mycotoxines, B\u00e9ta\u00efne, anticoccidiens, anti-oxydant, levures&#8230;)<\/p>\t\t\t\t\t\t\t\t<\/div>\n\t\t\t\t<\/div>\n\t\t\t\t<\/div>\n\t\t\t\t<\/div>\n\t\t\t\t\t<\/div>\n\t\t\t\t<\/div>\n\t\t\t\t\t<\/div>\n\t\t\t\t<\/div>\n\t\t\r\n\t\t<div class=\"default no-position show_shadow rs-sticky-default elementor-element elementor-element-d2b9afc e-flex e-con-boxed e-con e-parent\" data-id=\"d2b9afc\" data-element_type=\"container\" data-settings=\"{&quot;background_background&quot;:&quot;classic&quot;}\">\n\t\t\t\t\t<div class=\"e-con-inner\">\n\t\t\r\n\t\t<div class=\"default no-position show_shadow rs-sticky-default elementor-element elementor-element-544aa1a e-flex e-con-boxed e-con e-child\" data-id=\"544aa1a\" data-element_type=\"container\">\n\t\t\t\t\t<div class=\"e-con-inner\">\n\t\t\r\n\t\t\t\t<div class=\"elementor-element elementor-element-87de772 elementor-widget elementor-widget-rs-heading\" data-id=\"87de772\" data-element_type=\"widget\" data-widget_type=\"rs-heading.default\">\n\t\t\t\t<div class=\"elementor-widget-container\">\n\t\t\t\t\t\n\t\t<div class=\"prelements-heading style1  \">\n\t\t\t<div class=\"title-inner\">\n\t\t\t\t<h2 class=\"title rs-split-text-disable \">Une formulation sur mesure pour des performances animales maximales\n<\/h2>\n\t\t\t<\/div>\n\t\t\t\t\t<\/div>\n\t\t\t\t<\/div>\n\t\t\t\t<\/div>\n\t\t\t\t\t<\/div>\n\t\t\t\t<\/div>\n\t\t\r\n\t\t<div class=\"default no-position show_shadow rs-sticky-default elementor-element elementor-element-dfcb7e3 e-flex e-con-boxed e-con e-child\" data-id=\"dfcb7e3\" data-element_type=\"container\">\n\t\t\t\t\t<div class=\"e-con-inner\">\n\t\t\r\n\t\t<div class=\"default no-position show_shadow rs-sticky-default elementor-element elementor-element-d8bb4c6 e-con-full e-grid e-con e-child\" data-id=\"d8bb4c6\" data-element_type=\"container\">\n\t\t\r\n\t\t\t\t<div class=\"elementor-element elementor-element-b10db47 elementor-widget elementor-widget-text-editor\" data-id=\"b10db47\" data-element_type=\"widget\" data-widget_type=\"text-editor.default\">\n\t\t\t\t<div class=\"elementor-widget-container\">\n\t\t\t\t\t\t\t\t\t<p>Con\u00e7u pour compl\u00e9ter les rations alimentaires, le premix, est un m\u00e9lange d&rsquo;ingr\u00e9dients comprenant des vitamines, des min\u00e9raux, des acides amin\u00e9s, des enzymes et d&rsquo;autres additifs indispensables au d\u00e9veloppement et croissance des animaux.<\/p><p>Les mati\u00e8res premi\u00e8res utilis\u00e9es dans l&rsquo;alimentation animale, telles que le ma\u00efs, le bl\u00e9 et le tourteau de soja, ne fournissent pas les quantit\u00e9s optimales de ces \u00e9l\u00e9ments nutritifs essentiels. C&rsquo;est pourquoi le pr\u00e9m\u00e9lange est ajout\u00e9 \u00e0 la formulation de l&rsquo;aliment afin d&rsquo;apporter des nutriments indispensables pour am\u00e9liorer l&rsquo;efficacit\u00e9 alimentaire, ainsi que pour augmenter la productivit\u00e9 et la rentabilit\u00e9 de l&rsquo;\u00e9levage.<\/p><p>Son utilisation, bien que limit\u00e9e \u00e0 quelques pourcents de l&rsquo;aliment, a un impact significatif sur la qualit\u00e9 et la quantit\u00e9 de la production.<\/p>\t\t\t\t\t\t\t\t<\/div>\n\t\t\t\t<\/div>\n\t\t\r\n\t\t\t\t<div class=\"elementor-element elementor-element-463bc8c elementor-widget elementor-widget-image\" data-id=\"463bc8c\" data-element_type=\"widget\" data-widget_type=\"image.default\">\n\t\t\t\t<div class=\"elementor-widget-container\">\n\t\t\t\t\t\t\t\t\t\t\t\t\t\t\t<img decoding=\"async\" width=\"500\" height=\"500\" src=\"https:\/\/feedcom.tn\/wp-content\/uploads\/2024\/11\/aliment-cmv-500x500.png\" class=\"attachment-rsaddon-team-round-style size-rsaddon-team-round-style wp-image-32583\" alt=\"\" srcset=\"https:\/\/feedcom.tn\/wp-content\/uploads\/2024\/11\/aliment-cmv-500x500.png 500w, https:\/\/feedcom.tn\/wp-content\/uploads\/2024\/11\/aliment-cmv-150x150.png 150w, https:\/\/feedcom.tn\/wp-content\/uploads\/2024\/11\/aliment-cmv-300x300.png 300w, https:\/\/feedcom.tn\/wp-content\/uploads\/2024\/11\/aliment-cmv-100x100.png 100w\" sizes=\"(max-width: 500px) 100vw, 500px\" \/>\t\t\t\t\t\t\t\t\t\t\t\t\t\t\t<\/div>\n\t\t\t\t<\/div>\n\t\t\t\t<\/div>\n\t\t\t\t\t<\/div>\n\t\t\t\t<\/div>\n\t\t\t\t\t<\/div>\n\t\t\t\t<\/div>\n\t\t\r\n\t\t<div class=\"default no-position show_shadow rs-sticky-default elementor-element elementor-element-7364ce8 e-flex e-con-boxed e-con e-parent\" data-id=\"7364ce8\" data-element_type=\"container\" data-settings=\"{&quot;background_background&quot;:&quot;classic&quot;}\">\n\t\t\t\t\t<div class=\"e-con-inner\">\n\t\t\r\n\t\t<div class=\"default no-position show_shadow rs-sticky-default elementor-element elementor-element-c2bcdd8 e-flex e-con-boxed e-con e-child\" data-id=\"c2bcdd8\" data-element_type=\"container\">\n\t\t\t\t\t<div class=\"e-con-inner\">\n\t\t\r\n\t\t<div class=\"default no-position show_shadow rs-sticky-default elementor-element elementor-element-8b608b5 e-con-full e-flex e-con e-child\" data-id=\"8b608b5\" data-element_type=\"container\">\n\t\t\r\n\t\t\t\t<div class=\"elementor-element elementor-element-46a47bb elementor-widget elementor-widget-rs-heading\" data-id=\"46a47bb\" data-element_type=\"widget\" data-widget_type=\"rs-heading.default\">\n\t\t\t\t<div class=\"elementor-widget-container\">\n\t\t\t\t\t\n\t\t<div class=\"prelements-heading style1  \">\n\t\t\t<div class=\"title-inner\">\n\t\t\t\t<h2 class=\"title rs-split-text-disable \">Nos produits<\/h2>\n\t\t\t<\/div>\n\t\t\t\t\t<\/div>\n\t\t\t\t<\/div>\n\t\t\t\t<\/div>\n\t\t\t\t<\/div>\n\t\t\t\t\t<\/div>\n\t\t\t\t<\/div>\n\t\t\r\n\t\t<div class=\"default no-position show_shadow rs-sticky-default elementor-element elementor-element-db4fa42 e-flex e-con-boxed e-con e-child\" data-id=\"db4fa42\" data-element_type=\"container\">\n\t\t\t\t\t<div class=\"e-con-inner\">\n\t\t\r\n\t\t<div class=\"default no-position show_shadow rs-sticky-default elementor-element elementor-element-9af9c20 e-flex e-con-boxed e-con e-child\" data-id=\"9af9c20\" data-element_type=\"container\">\n\t\t\t\t\t<div class=\"e-con-inner\">\n\t\t\r\n\t\t\t\t<div class=\"elementor-element elementor-element-a0270a1 elementor-widget elementor-widget-rs-service-slider\" data-id=\"a0270a1\" data-element_type=\"widget\" data-widget_type=\"rs-service-slider.default\">\n\t\t\t\t<div class=\"elementor-widget-container\">\n\t\t\t\t\t        \r\n                <div class=\"rsaddon-unique-slider rs-unique-grid-services\">\r\n            <div class=\"rs-addon-slider rs-services-slider service-style-2 row\">\r\n        \r\n                <div class=\"grid-item col-lg-4 col-md-12\">\r\n    <div class=\"rs-service-slider\">    \r\n                <div class=\"service-img\">\r\n                <a href=\"\/fr\/premelanges-pour-les-volailles\/\" >\r\n                <img decoding=\"async\" src=\"https:\/\/feedcom.tn\/wp-content\/uploads\/2024\/11\/cat1.jpg\" title=\"cat1\" alt=\"cat1\" loading=\"lazy\" \/>            <\/a>\r\n                \r\n            <\/div>\r\n        \r\n        <div class=\"service-title-holder btn_box fadeInUp\">\r\n            \r\n                                                <div class=\"service-title\">\r\n                    <h4 class=\"title\">\r\n                        <a href=\"\/fr\/premelanges-pour-les-volailles\/\" >\r\n                             Pr\u00e9m\u00e9langes pour les volailles                        <\/a>\r\n                        <\/h4>\r\n                    <\/div>\r\n                            \r\n                                    <!-- Button Style -->\r\n                            <div class=\"read__more\">\r\n                    <a href=\"\/fr\/premelanges-pour-les-volailles\/\"  class=\"btn-area\">\r\n                        <span class=\"btn-text\">Plus de d\u00e9tails<\/span>\r\n                        <span class=\"btn-icon\">                            <svg aria-hidden=\"true\" class=\"e-font-icon-svg e-fas-arrow-right\" viewBox=\"0 0 448 512\" xmlns=\"http:\/\/www.w3.org\/2000\/svg\"><path d=\"M190.5 66.9l22.2-22.2c9.4-9.4 24.6-9.4 33.9 0L441 239c9.4 9.4 9.4 24.6 0 33.9L246.6 467.3c-9.4 9.4-24.6 9.4-33.9 0l-22.2-22.2c-9.5-9.5-9.3-25 .4-34.3L311.4 296H24c-13.3 0-24-10.7-24-24v-32c0-13.3 10.7-24 24-24h287.4L190.9 101.2c-9.8-9.3-10-24.8-.4-34.3z\"><\/path><\/svg>                                                <\/span>\r\n                    <\/a>\r\n                <\/div>\r\n                        <!-- Button Style End -->\r\n        <\/div>\r\n    <\/div>\r\n<\/div>                    <div class=\"grid-item col-lg-4 col-md-12\">\r\n    <div class=\"rs-service-slider\">    \r\n                <div class=\"service-img\">\r\n                <a href=\"\/fr\/premelanges-pour-les-ruminants\/\" >\r\n                <img decoding=\"async\" src=\"https:\/\/feedcom.tn\/wp-content\/uploads\/2024\/11\/cat2.jpg\" title=\"cat2\" alt=\"cat2\" loading=\"lazy\" \/>            <\/a>\r\n                \r\n            <\/div>\r\n        \r\n        <div class=\"service-title-holder btn_box fadeInUp\">\r\n            \r\n                                                <div class=\"service-title\">\r\n                    <h4 class=\"title\">\r\n                        <a href=\"\/fr\/premelanges-pour-les-ruminants\/\" >\r\n                             Pr\u00e9m\u00e9langes pour les ruminants                        <\/a>\r\n                        <\/h4>\r\n                    <\/div>\r\n                            \r\n                                    <!-- Button Style -->\r\n                            <div class=\"read__more\">\r\n                    <a href=\"\/fr\/premelanges-pour-les-ruminants\/\"  class=\"btn-area\">\r\n                        <span class=\"btn-text\">Plus de d\u00e9tails<\/span>\r\n                        <span class=\"btn-icon\">                            <svg aria-hidden=\"true\" class=\"e-font-icon-svg e-fas-arrow-right\" viewBox=\"0 0 448 512\" xmlns=\"http:\/\/www.w3.org\/2000\/svg\"><path d=\"M190.5 66.9l22.2-22.2c9.4-9.4 24.6-9.4 33.9 0L441 239c9.4 9.4 9.4 24.6 0 33.9L246.6 467.3c-9.4 9.4-24.6 9.4-33.9 0l-22.2-22.2c-9.5-9.5-9.3-25 .4-34.3L311.4 296H24c-13.3 0-24-10.7-24-24v-32c0-13.3 10.7-24 24-24h287.4L190.9 101.2c-9.8-9.3-10-24.8-.4-34.3z\"><\/path><\/svg>                                                <\/span>\r\n                    <\/a>\r\n                <\/div>\r\n                        <!-- Button Style End -->\r\n        <\/div>\r\n    <\/div>\r\n<\/div>                    <div class=\"grid-item col-lg-4 col-md-12\">\r\n    <div class=\"rs-service-slider\">    \r\n                <div class=\"service-img\">\r\n                <a href=\"\/fr\/premelanges-pour-chevaux\/\" >\r\n                <img decoding=\"async\" src=\"https:\/\/feedcom.tn\/wp-content\/uploads\/2024\/11\/cat3.jpg\" title=\"cat3\" alt=\"cat3\" loading=\"lazy\" \/>            <\/a>\r\n                \r\n            <\/div>\r\n        \r\n        <div class=\"service-title-holder btn_box fadeInUp\">\r\n            \r\n                                                <div class=\"service-title\">\r\n                    <h4 class=\"title\">\r\n                        <a href=\"\/fr\/premelanges-pour-chevaux\/\" >\r\n                             Pr\u00e9m\u00e9langes pour les chevaux                         <\/a>\r\n                        <\/h4>\r\n                    <\/div>\r\n                            \r\n                                    <!-- Button Style -->\r\n                            <div class=\"read__more\">\r\n                    <a href=\"\/fr\/premelanges-pour-chevaux\/\"  class=\"btn-area\">\r\n                        <span class=\"btn-text\">Plus de d\u00e9tails<\/span>\r\n                        <span class=\"btn-icon\">                            <svg aria-hidden=\"true\" class=\"e-font-icon-svg e-fas-arrow-right\" viewBox=\"0 0 448 512\" xmlns=\"http:\/\/www.w3.org\/2000\/svg\"><path d=\"M190.5 66.9l22.2-22.2c9.4-9.4 24.6-9.4 33.9 0L441 239c9.4 9.4 9.4 24.6 0 33.9L246.6 467.3c-9.4 9.4-24.6 9.4-33.9 0l-22.2-22.2c-9.5-9.5-9.3-25 .4-34.3L311.4 296H24c-13.3 0-24-10.7-24-24v-32c0-13.3 10.7-24 24-24h287.4L190.9 101.2c-9.8-9.3-10-24.8-.4-34.3z\"><\/path><\/svg>                                                <\/span>\r\n                    <\/a>\r\n                <\/div>\r\n                        <!-- Button Style End -->\r\n        <\/div>\r\n    <\/div>\r\n<\/div>                            <\/div>\r\n                    <\/div>\r\n        \t\t\t\t<\/div>\n\t\t\t\t<\/div>\n\t\t\t\t\t<\/div>\n\t\t\t\t<\/div>\n\t\t\t\t\t<\/div>\n\t\t\t\t<\/div>\n\t\t\t\t\t<\/div>\n\t\t\t\t<\/div>\n\t\t\t\t<\/div>\n\t\t","protected":false},"excerpt":{"rendered":"<p>Nos produits Feedcom Qu\u2019est-ce qu\u2019un Pr\u00e9mix ? Vitamines (Vitamine liposolubles et vitamines hydrosolubles) Oligo-\u00e9l\u00e9ments ( le fer, le zinc, le cuivre, l\u2019 iode, le s\u00e9l\u00e9nium ..) Min\u00e9raux ( le calcium, le magn\u00e9sium, et lesodium &#8230;) Enzymes (Phytases, NSP ases..) Acides amin\u00e9s (M\u00e9thionine, lysine, thr\u00e9onine\u2026) Autres additifs (Facteurs de croissance, probiotiques, pr\u00e9biotiques, capteurs des mycotoxines, B\u00e9ta\u00efne,&#8230;<\/p>\n","protected":false},"author":1,"featured_media":0,"parent":0,"menu_order":0,"comment_status":"closed","ping_status":"closed","template":"elementor_header_footer","meta":{"footnotes":""},"class_list":["post-32834","page","type-page","status-publish","hentry"],"_links":{"self":[{"href":"https:\/\/feedcom.tn\/fr\/wp-json\/wp\/v2\/pages\/32834","targetHints":{"allow":["GET"]}}],"collection":[{"href":"https:\/\/feedcom.tn\/fr\/wp-json\/wp\/v2\/pages"}],"about":[{"href":"https:\/\/feedcom.tn\/fr\/wp-json\/wp\/v2\/types\/page"}],"author":[{"embeddable":true,"href":"https:\/\/feedcom.tn\/fr\/wp-json\/wp\/v2\/users\/1"}],"replies":[{"embeddable":true,"href":"https:\/\/feedcom.tn\/fr\/wp-json\/wp\/v2\/comments?post=32834"}],"version-history":[{"count":37,"href":"https:\/\/feedcom.tn\/fr\/wp-json\/wp\/v2\/pages\/32834\/revisions"}],"predecessor-version":[{"id":34264,"href":"https:\/\/feedcom.tn\/fr\/wp-json\/wp\/v2\/pages\/32834\/revisions\/34264"}],"wp:attachment":[{"href":"https:\/\/feedcom.tn\/fr\/wp-json\/wp\/v2\/media?parent=32834"}],"curies":[{"name":"wp","href":"https:\/\/api.w.org\/{rel}","templated":true}]}}