{"id":32708,"date":"2024-01-03T11:06:22","date_gmt":"2024-01-03T10:06:22","guid":{"rendered":"https:\/\/feedcom.tn\/activites\/"},"modified":"2025-05-17T15:12:11","modified_gmt":"2025-05-17T13:12:11","slug":"activites","status":"publish","type":"page","link":"https:\/\/feedcom.tn\/fr\/activites\/","title":{"rendered":"Activit\u00e9s"},"content":{"rendered":"\t\t<div data-elementor-type=\"wp-page\" data-elementor-id=\"32708\" class=\"elementor elementor-32708 elementor-26\" data-elementor-post-type=\"page\">\n\t\t\t\t\r\n\t\t<div class=\"default no-position show_shadow rs-sticky-default elementor-element elementor-element-50ee62e7 e-flex e-con-boxed e-con e-parent\" data-id=\"50ee62e7\" data-element_type=\"container\" data-settings=\"{&quot;background_background&quot;:&quot;classic&quot;}\">\n\t\t\t\t\t<div class=\"e-con-inner\">\n\t\t\r\n\t\t<div class=\"default no-position show_shadow rs-sticky-default elementor-element elementor-element-3226191b e-flex e-con-boxed e-con e-child\" data-id=\"3226191b\" data-element_type=\"container\">\n\t\t\t\t\t<div class=\"e-con-inner\">\n\t\t\r\n\t\t<div class=\"default no-position show_shadow rs-sticky-default elementor-element elementor-element-7a4532e2 e-con-full e-flex e-con e-child\" data-id=\"7a4532e2\" data-element_type=\"container\">\n\t\t\r\n\t\t\t\t<div class=\"elementor-element elementor-element-21e36844 elementor-widget elementor-widget-page-title\" data-id=\"21e36844\" data-element_type=\"widget\" data-widget_type=\"page-title.default\">\n\t\t\t\t<div class=\"elementor-widget-container\">\n\t\t\t\t\t\t\t\n\t\t<div class=\"hfe-page-title hfe-page-title-wrapper elementor-widget-heading\">\n\t\t\t\n\t\t\t<h1 class=\"elementor-heading-title elementor-size\">\n\t\t\t\tActivit\u00e9s\t\t\t \n\t\t\t<\/h1 > \n\n\t\t\t\t\t\t\t\t<\/div>\n\t\t\t\t\t\t<\/div>\n\t\t\t\t<\/div>\n\t\t\r\n\t\t\t\t<div class=\"elementor-element elementor-element-eb6f27b elementor-widget elementor-widget-rs-breadcrumb\" data-id=\"eb6f27b\" data-element_type=\"widget\" data-widget_type=\"rs-breadcrumb.default\">\n\t\t\t\t<div class=\"elementor-widget-container\">\n\t\t\t\t\t                    <div class=\"breadcrumb-area style3\"> \n                <div class=\"breadcrumbs-inner\"> \n                    <!-- Breadcrumb NavXT 7.4.1 -->\n<span property=\"itemListElement\" typeof=\"ListItem\"><a property=\"item\" typeof=\"WebPage\" title=\"Aller \u00e0 Feedcom.\" href=\"https:\/\/feedcom.tn\/fr\/\" class=\"home\" aria-current=\"page\"><span property=\"name\">Feedcom<\/span><\/a><meta property=\"position\" content=\"1\"><\/span>                <\/div>\n            <\/div> \n          \n    \t\t\t\t<\/div>\n\t\t\t\t<\/div>\n\t\t\t\t<\/div>\n\t\t\r\n\t\t<div class=\"default no-position show_shadow rs-sticky-default elementor-element elementor-element-524eb175 e-con-full e-flex e-con e-child\" data-id=\"524eb175\" data-element_type=\"container\">\n\t\t\t\t<\/div>\n\t\t\t\t\t<\/div>\n\t\t\t\t<\/div>\n\t\t\t\t\t<\/div>\n\t\t\t\t<\/div>\n\t\t\r\n\t\t<div class=\"default no-position show_shadow rs-sticky-default elementor-element elementor-element-e8256c4 e-flex e-con-boxed e-con e-parent\" data-id=\"e8256c4\" data-element_type=\"container\" data-settings=\"{&quot;background_background&quot;:&quot;classic&quot;}\">\n\t\t\t\t\t<div class=\"e-con-inner\">\n\t\t\r\n\t\t\t\t<div class=\"elementor-element elementor-element-79b6714 elementor-widget elementor-widget-rs-service-slider\" data-id=\"79b6714\" data-element_type=\"widget\" data-widget_type=\"rs-service-slider.default\">\n\t\t\t\t<div class=\"elementor-widget-container\">\n\t\t\t\t\t        \r\n                <div class=\"rsaddon-unique-slider rs-unique-grid-services\">\r\n            <div class=\"rs-addon-slider rs-services-slider service-style-1 row\">\r\n        \r\n                <div class=\"grid-item col-lg-4 col-md-6\">\r\n    <div class=\"rs-service-slider\">\r\n                    <div class=\"service-img\">\r\n                <img decoding=\"async\" src=\"https:\/\/feedcom.tn\/wp-content\/uploads\/2024\/11\/PAMED-1.jpg\" title=\"PAMED\" alt=\"PAMED\" loading=\"lazy\" \/>            <\/div>\r\n        \r\n        <div class=\"service-title-holder btn_box\">\r\n            <div class=\"service-content-area\">\r\n                                                <div class=\"service-title \">\r\n                    <h3 class=\"title\">\r\n                        <a href=\"\/fr\/participation-annuelle-de-feedcom-au-salon-pamed-en-tunisie\" >\r\n                             Participation annuelle de FEEDCOM au Salon PAMED en Tunisie                        <\/a>\r\n                        <\/h3>\r\n                    <\/div>\r\n                            \r\n                                                <div class=\"service-desc\">\r\n                        Depuis 2018, FEEDCOM participe annuellement ...                    <\/div>\r\n                                                        <div class=\"numbering \">\r\n                    <span>Mai 2018 - Mai 2024<\/span>\r\n                <\/div>\r\n                        <!-- Button Style -->\r\n                            <div class=\"read__more\">\r\n                    <a href=\"\/fr\/participation-annuelle-de-feedcom-au-salon-pamed-en-tunisie\"  class=\"btn-area\">\r\n                        <span class=\"btn-text\">Voir les d\u00e9tails<\/span>\r\n                        <span class=\"btn-icon\">                            <svg xmlns=\"http:\/\/www.w3.org\/2000\/svg\" width=\"12\" height=\"10\" viewBox=\"0 0 12 10\" fill=\"none\"><path fill-rule=\"evenodd\" clip-rule=\"evenodd\" d=\"M0 5C0 4.60551 0.319797 4.28571 0.714286 4.28571L8.98985 4.28571L5.92349 1.21936C5.64455 0.940417 5.64455 0.488155 5.92349 0.209209C6.20244 -0.0697365 6.6547 -0.0697365 6.93365 0.209209L11.2194 4.49492C11.4983 4.77387 11.4983 5.22613 11.2194 5.50508L6.93365 9.79079C6.6547 10.0697 6.20244 10.0697 5.92349 9.79079C5.64455 9.51184 5.64455 9.05958 5.92349 8.78064L8.98985 5.71429L0.714286 5.71429C0.319797 5.71429 0 5.39449 0 5Z\" fill=\"#616161\"><\/path><\/svg>                                                <\/span>\r\n                    <\/a>\r\n                <\/div>\r\n                        <!-- Button Style End -->\r\n            <\/div>\r\n        <\/div>\r\n    <\/div>\r\n<\/div>                    <div class=\"grid-item col-lg-4 col-md-6\">\r\n    <div class=\"rs-service-slider\">\r\n                    <div class=\"service-img\">\r\n                <img decoding=\"async\" src=\"https:\/\/feedcom.tn\/wp-content\/uploads\/2024\/11\/telecharger-1.jpg\" title=\"te\u0301le\u0301charger\" alt=\"te\u0301le\u0301charger\" loading=\"lazy\" \/>            <\/div>\r\n        \r\n        <div class=\"service-title-holder btn_box\">\r\n            <div class=\"service-content-area\">\r\n                                                <div class=\"service-title \">\r\n                    <h3 class=\"title\">\r\n                        <a href=\"\/fr\/participation-de-feedcom-a-la-5eme-edition-du-salon-sara\" >\r\n                             Participation de FEEDCOM \u00e0 la 5\u00e8me \u00e9dition du Salon SARA                        <\/a>\r\n                        <\/h3>\r\n                    <\/div>\r\n                            \r\n                                                <div class=\"service-desc\">\r\n                        FEEDCOM a marqu\u00e9 de son empreinte le Salon International\nde l'Agriculture ...                    <\/div>\r\n                                                        <div class=\"numbering \">\r\n                    <span>Novembre 2019<\/span>\r\n                <\/div>\r\n                        <!-- Button Style -->\r\n                            <div class=\"read__more\">\r\n                    <a href=\"\/fr\/participation-de-feedcom-a-la-5eme-edition-du-salon-sara\"  class=\"btn-area\">\r\n                        <span class=\"btn-text\">Voir les d\u00e9tails<\/span>\r\n                        <span class=\"btn-icon\">                            <svg xmlns=\"http:\/\/www.w3.org\/2000\/svg\" width=\"12\" height=\"10\" viewBox=\"0 0 12 10\" fill=\"none\"><path fill-rule=\"evenodd\" clip-rule=\"evenodd\" d=\"M0 5C0 4.60551 0.319797 4.28571 0.714286 4.28571L8.98985 4.28571L5.92349 1.21936C5.64455 0.940417 5.64455 0.488155 5.92349 0.209209C6.20244 -0.0697365 6.6547 -0.0697365 6.93365 0.209209L11.2194 4.49492C11.4983 4.77387 11.4983 5.22613 11.2194 5.50508L6.93365 9.79079C6.6547 10.0697 6.20244 10.0697 5.92349 9.79079C5.64455 9.51184 5.64455 9.05958 5.92349 8.78064L8.98985 5.71429L0.714286 5.71429C0.319797 5.71429 0 5.39449 0 5Z\" fill=\"#616161\"><\/path><\/svg>                                                <\/span>\r\n                    <\/a>\r\n                <\/div>\r\n                        <!-- Button Style End -->\r\n            <\/div>\r\n        <\/div>\r\n    <\/div>\r\n<\/div>                    <div class=\"grid-item col-lg-4 col-md-6\">\r\n    <div class=\"rs-service-slider\">\r\n                    <div class=\"service-img\">\r\n                <img decoding=\"async\" src=\"https:\/\/feedcom.tn\/wp-content\/uploads\/2024\/11\/Dawajine-.png\" title=\"Dawajine-\" alt=\"Dawajine-\" loading=\"lazy\" \/>            <\/div>\r\n        \r\n        <div class=\"service-title-holder btn_box\">\r\n            <div class=\"service-content-area\">\r\n                                                <div class=\"service-title \">\r\n                    <h3 class=\"title\">\r\n                        <a href=\"\/fr\/participation-de-feedcom-a-la-22eme-edition-du-salon-avicole-au-maroc\" >\r\n                             Participation de FEEDCOM \u00e0 la 22\u00e8me \u00e9dition du Salon Avicole au Maroc                        <\/a>\r\n                        <\/h3>\r\n                    <\/div>\r\n                            \r\n                                                <div class=\"service-desc\">\r\n                        Dans le cadre de notre engagement \u00e0 soutenir et d\u00e9velopper ...                    <\/div>\r\n                                                        <div class=\"numbering \">\r\n                    <span>Octobre 2019<\/span>\r\n                <\/div>\r\n                        <!-- Button Style -->\r\n                            <div class=\"read__more\">\r\n                    <a href=\"\/fr\/participation-de-feedcom-a-la-22eme-edition-du-salon-avicole-au-maroc\"  class=\"btn-area\">\r\n                        <span class=\"btn-text\">Voir les d\u00e9tails<\/span>\r\n                        <span class=\"btn-icon\">                            <svg xmlns=\"http:\/\/www.w3.org\/2000\/svg\" width=\"12\" height=\"10\" viewBox=\"0 0 12 10\" fill=\"none\"><path fill-rule=\"evenodd\" clip-rule=\"evenodd\" d=\"M0 5C0 4.60551 0.319797 4.28571 0.714286 4.28571L8.98985 4.28571L5.92349 1.21936C5.64455 0.940417 5.64455 0.488155 5.92349 0.209209C6.20244 -0.0697365 6.6547 -0.0697365 6.93365 0.209209L11.2194 4.49492C11.4983 4.77387 11.4983 5.22613 11.2194 5.50508L6.93365 9.79079C6.6547 10.0697 6.20244 10.0697 5.92349 9.79079C5.64455 9.51184 5.64455 9.05958 5.92349 8.78064L8.98985 5.71429L0.714286 5.71429C0.319797 5.71429 0 5.39449 0 5Z\" fill=\"#616161\"><\/path><\/svg>                                                <\/span>\r\n                    <\/a>\r\n                <\/div>\r\n                        <!-- Button Style End -->\r\n            <\/div>\r\n        <\/div>\r\n    <\/div>\r\n<\/div>                    <div class=\"grid-item col-lg-4 col-md-6\">\r\n    <div class=\"rs-service-slider\">\r\n                    <div class=\"service-img\">\r\n                <img decoding=\"async\" src=\"https:\/\/feedcom.tn\/wp-content\/uploads\/2024\/11\/sipsa-filaha-copie.png\" title=\"sipsa filaha copie\" alt=\"sipsa filaha copie\" loading=\"lazy\" \/>            <\/div>\r\n        \r\n        <div class=\"service-title-holder btn_box\">\r\n            <div class=\"service-content-area\">\r\n                                                <div class=\"service-title \">\r\n                    <h3 class=\"title\">\r\n                        <a href=\"\/fr\/participation-de-feedcom-a-la-20eme-et-21eme-editions-du-salon-sipsa-filaha-et-agrofood\" >\r\n                             Participation de FEEDCOM \u00e0 la 20\u00e8me et 21\u00e8me \u00e9ditions du Salon SIPSA-FILAHA et AGROFOOD                        <\/a>\r\n                        <\/h3>\r\n                    <\/div>\r\n                            \r\n                                                <div class=\"service-desc\">\r\n                        FEEDCOM a particip\u00e9 avec succ\u00e8s aux 20\u00e8me et 21\u00e8me \u00e9ditions ...                    <\/div>\r\n                                                        <div class=\"numbering \">\r\n                    <span>Mars 2022 -  Mai 2023<\/span>\r\n                <\/div>\r\n                        <!-- Button Style -->\r\n                            <div class=\"read__more\">\r\n                    <a href=\"\/fr\/participation-de-feedcom-a-la-20eme-et-21eme-editions-du-salon-sipsa-filaha-et-agrofood\"  class=\"btn-area\">\r\n                        <span class=\"btn-text\">Voir les d\u00e9tails<\/span>\r\n                        <span class=\"btn-icon\">                            <svg xmlns=\"http:\/\/www.w3.org\/2000\/svg\" width=\"12\" height=\"10\" viewBox=\"0 0 12 10\" fill=\"none\"><path fill-rule=\"evenodd\" clip-rule=\"evenodd\" d=\"M0 5C0 4.60551 0.319797 4.28571 0.714286 4.28571L8.98985 4.28571L5.92349 1.21936C5.64455 0.940417 5.64455 0.488155 5.92349 0.209209C6.20244 -0.0697365 6.6547 -0.0697365 6.93365 0.209209L11.2194 4.49492C11.4983 4.77387 11.4983 5.22613 11.2194 5.50508L6.93365 9.79079C6.6547 10.0697 6.20244 10.0697 5.92349 9.79079C5.64455 9.51184 5.64455 9.05958 5.92349 8.78064L8.98985 5.71429L0.714286 5.71429C0.319797 5.71429 0 5.39449 0 5Z\" fill=\"#616161\"><\/path><\/svg>                                                <\/span>\r\n                    <\/a>\r\n                <\/div>\r\n                        <!-- Button Style End -->\r\n            <\/div>\r\n        <\/div>\r\n    <\/div>\r\n<\/div>                    <div class=\"grid-item col-lg-4 col-md-6\">\r\n    <div class=\"rs-service-slider\">\r\n                    <div class=\"service-img\">\r\n                <img decoding=\"async\" src=\"https:\/\/feedcom.tn\/wp-content\/uploads\/2024\/11\/sara-2023.jpg\" title=\"sara-2023\" alt=\"sara-2023\" loading=\"lazy\" \/>            <\/div>\r\n        \r\n        <div class=\"service-title-holder btn_box\">\r\n            <div class=\"service-content-area\">\r\n                                                <div class=\"service-title \">\r\n                    <h3 class=\"title\">\r\n                        <a href=\"\/fr\/participation-de-feedcom-a-la-6eme-edition-du-salon-sara\" >\r\n                             Participation de FEEDCOM \u00e0 la 6\u00e8me \u00e9dition du Salon SARA                        <\/a>\r\n                        <\/h3>\r\n                    <\/div>\r\n                            \r\n                                                <div class=\"service-desc\">\r\n                        FEEDCOM a pris part \u00e0 la 6\u00e8me \u00e9dition du Salon International ...                    <\/div>\r\n                                                        <div class=\"numbering \">\r\n                    <span>Septembre 2023<\/span>\r\n                <\/div>\r\n                        <!-- Button Style -->\r\n                            <div class=\"read__more\">\r\n                    <a href=\"\/fr\/participation-de-feedcom-a-la-6eme-edition-du-salon-sara\"  class=\"btn-area\">\r\n                        <span class=\"btn-text\">Voir les d\u00e9tails<\/span>\r\n                        <span class=\"btn-icon\">                            <svg xmlns=\"http:\/\/www.w3.org\/2000\/svg\" width=\"12\" height=\"10\" viewBox=\"0 0 12 10\" fill=\"none\"><path fill-rule=\"evenodd\" clip-rule=\"evenodd\" d=\"M0 5C0 4.60551 0.319797 4.28571 0.714286 4.28571L8.98985 4.28571L5.92349 1.21936C5.64455 0.940417 5.64455 0.488155 5.92349 0.209209C6.20244 -0.0697365 6.6547 -0.0697365 6.93365 0.209209L11.2194 4.49492C11.4983 4.77387 11.4983 5.22613 11.2194 5.50508L6.93365 9.79079C6.6547 10.0697 6.20244 10.0697 5.92349 9.79079C5.64455 9.51184 5.64455 9.05958 5.92349 8.78064L8.98985 5.71429L0.714286 5.71429C0.319797 5.71429 0 5.39449 0 5Z\" fill=\"#616161\"><\/path><\/svg>                                                <\/span>\r\n                    <\/a>\r\n                <\/div>\r\n                        <!-- Button Style End -->\r\n            <\/div>\r\n        <\/div>\r\n    <\/div>\r\n<\/div>                    <div class=\"grid-item col-lg-4 col-md-6\">\r\n    <div class=\"rs-service-slider\">\r\n                    <div class=\"service-img\">\r\n                <img decoding=\"async\" src=\"https:\/\/feedcom.tn\/wp-content\/uploads\/2024\/11\/viv-mea-2023-copie.png\" title=\"viv mea 2023 copie\" alt=\"viv mea 2023 copie\" loading=\"lazy\" \/>            <\/div>\r\n        \r\n        <div class=\"service-title-holder btn_box\">\r\n            <div class=\"service-content-area\">\r\n                                                <div class=\"service-title \">\r\n                    <h3 class=\"title\">\r\n                        <a href=\"\/fr\/participation-of-feedcom-in-the-4th-edition-of-viv-mea-2023\" >\r\n                             Participation de FEEDCOM \u00e0 la 4\u00e9me \u00e9dition du VIV MEA 2023                        <\/a>\r\n                        <\/h3>\r\n                    <\/div>\r\n                            \r\n                                                <div class=\"service-desc\">\r\n                        FEEDCOM a eu le plaisir de participer \u00e0 la 4\u00e8me \u00e9dition de la foire VIV MEA ...                    <\/div>\r\n                                                        <div class=\"numbering \">\r\n                    <span>Novembre 2023<\/span>\r\n                <\/div>\r\n                        <!-- Button Style -->\r\n                            <div class=\"read__more\">\r\n                    <a href=\"\/fr\/participation-of-feedcom-in-the-4th-edition-of-viv-mea-2023\"  class=\"btn-area\">\r\n                        <span class=\"btn-text\">Voir les d\u00e9tails<\/span>\r\n                        <span class=\"btn-icon\">                            <svg xmlns=\"http:\/\/www.w3.org\/2000\/svg\" width=\"12\" height=\"10\" viewBox=\"0 0 12 10\" fill=\"none\"><path fill-rule=\"evenodd\" clip-rule=\"evenodd\" d=\"M0 5C0 4.60551 0.319797 4.28571 0.714286 4.28571L8.98985 4.28571L5.92349 1.21936C5.64455 0.940417 5.64455 0.488155 5.92349 0.209209C6.20244 -0.0697365 6.6547 -0.0697365 6.93365 0.209209L11.2194 4.49492C11.4983 4.77387 11.4983 5.22613 11.2194 5.50508L6.93365 9.79079C6.6547 10.0697 6.20244 10.0697 5.92349 9.79079C5.64455 9.51184 5.64455 9.05958 5.92349 8.78064L8.98985 5.71429L0.714286 5.71429C0.319797 5.71429 0 5.39449 0 5Z\" fill=\"#616161\"><\/path><\/svg>                                                <\/span>\r\n                    <\/a>\r\n                <\/div>\r\n                        <!-- Button Style End -->\r\n            <\/div>\r\n        <\/div>\r\n    <\/div>\r\n<\/div>                    <div class=\"grid-item col-lg-4 col-md-6\">\r\n    <div class=\"rs-service-slider\">\r\n                    <div class=\"service-img\">\r\n                <img decoding=\"async\" src=\"https:\/\/feedcom.tn\/wp-content\/uploads\/2024\/11\/agroexpo-2024-.jpg\" title=\"agroexpo 2024-\" alt=\"agroexpo 2024-\" loading=\"lazy\" \/>            <\/div>\r\n        \r\n        <div class=\"service-title-holder btn_box\">\r\n            <div class=\"service-content-area\">\r\n                                                <div class=\"service-title \">\r\n                    <h3 class=\"title\">\r\n                        <a href=\"\/fr\/participation-de-feedcom-a-la-19eme-edition-du-salon-agroexpo-en-turquie\" >\r\n                             Participation de FEEDCOM \u00e0 la 19\u00e8me \u00e9dition du Salon Agroexpo en Turquie                        <\/a>\r\n                        <\/h3>\r\n                    <\/div>\r\n                            \r\n                                                <div class=\"service-desc\">\r\n                        Dans le cadre de notre strat\u00e9gie d'expansion sur les march\u00e9s internationaux ...                    <\/div>\r\n                                                        <div class=\"numbering \">\r\n                    <span>Janvier 2024<\/span>\r\n                <\/div>\r\n                        <!-- Button Style -->\r\n                            <div class=\"read__more\">\r\n                    <a href=\"\/fr\/participation-de-feedcom-a-la-19eme-edition-du-salon-agroexpo-en-turquie\"  class=\"btn-area\">\r\n                        <span class=\"btn-text\">Voir les d\u00e9tails<\/span>\r\n                        <span class=\"btn-icon\">                            <svg xmlns=\"http:\/\/www.w3.org\/2000\/svg\" width=\"12\" height=\"10\" viewBox=\"0 0 12 10\" fill=\"none\"><path fill-rule=\"evenodd\" clip-rule=\"evenodd\" d=\"M0 5C0 4.60551 0.319797 4.28571 0.714286 4.28571L8.98985 4.28571L5.92349 1.21936C5.64455 0.940417 5.64455 0.488155 5.92349 0.209209C6.20244 -0.0697365 6.6547 -0.0697365 6.93365 0.209209L11.2194 4.49492C11.4983 4.77387 11.4983 5.22613 11.2194 5.50508L6.93365 9.79079C6.6547 10.0697 6.20244 10.0697 5.92349 9.79079C5.64455 9.51184 5.64455 9.05958 5.92349 8.78064L8.98985 5.71429L0.714286 5.71429C0.319797 5.71429 0 5.39449 0 5Z\" fill=\"#616161\"><\/path><\/svg>                                                <\/span>\r\n                    <\/a>\r\n                <\/div>\r\n                        <!-- Button Style End -->\r\n            <\/div>\r\n        <\/div>\r\n    <\/div>\r\n<\/div>                            <\/div>\r\n                    <\/div>\r\n        \t\t\t\t<\/div>\n\t\t\t\t<\/div>\n\t\t\t\t\t<\/div>\n\t\t\t\t<\/div>\n\t\t\t\t<\/div>\n\t\t","protected":false},"excerpt":{"rendered":"<p>Activit\u00e9s Feedcom Participation annuelle de FEEDCOM au Salon PAMED en Tunisie Depuis 2018, FEEDCOM participe annuellement &#8230; Mai 2018 &#8211; Mai 2024 Voir les d\u00e9tails Participation de FEEDCOM \u00e0 la 5\u00e8me \u00e9dition du Salon SARA FEEDCOM a marqu\u00e9 de son empreinte le Salon International de l&rsquo;Agriculture &#8230; Novembre 2019 Voir les d\u00e9tails Participation de FEEDCOM&#8230;<\/p>\n","protected":false},"author":1,"featured_media":0,"parent":0,"menu_order":0,"comment_status":"closed","ping_status":"closed","template":"elementor_header_footer","meta":{"footnotes":""},"class_list":["post-32708","page","type-page","status-publish","hentry"],"_links":{"self":[{"href":"https:\/\/feedcom.tn\/fr\/wp-json\/wp\/v2\/pages\/32708","targetHints":{"allow":["GET"]}}],"collection":[{"href":"https:\/\/feedcom.tn\/fr\/wp-json\/wp\/v2\/pages"}],"about":[{"href":"https:\/\/feedcom.tn\/fr\/wp-json\/wp\/v2\/types\/page"}],"author":[{"embeddable":true,"href":"https:\/\/feedcom.tn\/fr\/wp-json\/wp\/v2\/users\/1"}],"replies":[{"embeddable":true,"href":"https:\/\/feedcom.tn\/fr\/wp-json\/wp\/v2\/comments?post=32708"}],"version-history":[{"count":10,"href":"https:\/\/feedcom.tn\/fr\/wp-json\/wp\/v2\/pages\/32708\/revisions"}],"predecessor-version":[{"id":34296,"href":"https:\/\/feedcom.tn\/fr\/wp-json\/wp\/v2\/pages\/32708\/revisions\/34296"}],"wp:attachment":[{"href":"https:\/\/feedcom.tn\/fr\/wp-json\/wp\/v2\/media?parent=32708"}],"curies":[{"name":"wp","href":"https:\/\/api.w.org\/{rel}","templated":true}]}}